{"id":44454,"date":"2022-10-03T15:41:26","date_gmt":"2022-10-03T14:41:26","guid":{"rendered":"https:\/\/askiofashion.atsquare.gr\/produkt\/unkategorisiert\/samt-nerzschal-8\/"},"modified":"2024-12-08T17:09:59","modified_gmt":"2024-12-08T16:09:59","slug":"samt-nerzschal-8","status":"publish","type":"product","link":"https:\/\/askiofashion.com\/de\/product\/frauen\/damen-accessoires\/frauen-schals\/samt-nerzschal-8\/","title":{"rendered":"Samt Nerzschal"},"content":{"rendered":"<p>Hergestellt aus echtem Pelz, bezogen aus zertifizierten Europ\u00e4ischen Auktion<\/p>\n<p>Hergestellt in Griechenland von Askio Fashion<\/p>\n<p>&nbsp;<\/p>\n<p>Material:Samt Nerzfell<br \/>\nR\u00fcckseite: Satin Stoff<\/p>\n<p>&nbsp;<\/p>\n<p>Gr\u00f6sse: 105cm x 13cm<\/p>\n<p>Massanfertigung<\/p>\n<p>Handwerk mit modernem Design<\/p>\n","protected":false},"excerpt":{"rendered":"<p>Hergestellt aus echtem Pelz, bezogen aus zertifizierten Europ\u00e4ischen Auktion Hergestellt in Griechenland von Askio Fashion &nbsp; Material:Samt Nerzfell R\u00fcckseite: Satin Stoff &nbsp; Gr\u00f6sse: 105cm x 13cm Massanfertigung Handwerk mit modernem Design<\/p>\n","protected":false},"featured_media":51863,"comment_status":"closed","ping_status":"closed","template":"","meta":{"_acf_changed":false},"product_brand":[],"product_cat":[1198,1197,1202],"product_tag":[],"class_list":{"0":"post-44454","1":"product","2":"type-product","3":"status-publish","4":"has-post-thumbnail","6":"product_cat-damen-accessoires","7":"product_cat-frauen","8":"product_cat-frauen-schals","10":"first","11":"instock","12":"taxable","13":"shipping-taxable","14":"purchasable","15":"product-type-simple"},"acf":{"backoffice_id":"","old_wordpress_id":16937},"_links":{"self":[{"href":"https:\/\/askiofashion.com\/de\/wp-json\/wp\/v2\/product\/44454","targetHints":{"allow":["GET"]}}],"collection":[{"href":"https:\/\/askiofashion.com\/de\/wp-json\/wp\/v2\/product"}],"about":[{"href":"https:\/\/askiofashion.com\/de\/wp-json\/wp\/v2\/types\/product"}],"replies":[{"embeddable":true,"href":"https:\/\/askiofashion.com\/de\/wp-json\/wp\/v2\/comments?post=44454"}],"wp:featuredmedia":[{"embeddable":true,"href":"https:\/\/askiofashion.com\/de\/wp-json\/wp\/v2\/media\/51863"}],"wp:attachment":[{"href":"https:\/\/askiofashion.com\/de\/wp-json\/wp\/v2\/media?parent=44454"}],"wp:term":[{"taxonomy":"product_brand","embeddable":true,"href":"https:\/\/askiofashion.com\/de\/wp-json\/wp\/v2\/product_brand?post=44454"},{"taxonomy":"product_cat","embeddable":true,"href":"https:\/\/askiofashion.com\/de\/wp-json\/wp\/v2\/product_cat?post=44454"},{"taxonomy":"product_tag","embeddable":true,"href":"https:\/\/askiofashion.com\/de\/wp-json\/wp\/v2\/product_tag?post=44454"}],"curies":[{"name":"wp","href":"https:\/\/api.w.org\/{rel}","templated":true}]}}