{"id":43630,"date":"2022-10-04T05:58:17","date_gmt":"2022-10-04T04:58:17","guid":{"rendered":"https:\/\/askiofashion.atsquare.gr\/produkt\/unkategorisiert\/luxus-samt-nerzschal\/"},"modified":"2024-12-08T17:10:01","modified_gmt":"2024-12-08T16:10:01","slug":"luxus-samt-nerzschal","status":"publish","type":"product","link":"https:\/\/askiofashion.com\/de\/product\/frauen\/damen-accessoires\/frauen-schals\/luxus-samt-nerzschal\/","title":{"rendered":"Luxus Samt Nerzschal"},"content":{"rendered":"<p>Hergestellt aus echtem Pelz, bezogen aus zertifizierten Europ\u00e4ischen Auktion<\/p>\n<p>Hergestellt in Griechenland von AskioFashion<\/p>\n<p>Material:Echt Samt Nerz<\/p>\n<p>Gr\u00f6sse:138 cm x 15 cm<\/p>\n<p>R\u00fcckseite:Hell Grau Woll Stoff<\/p>\n<p>Massanfertigung<\/p>\n<p>Handwerk mit modernem Design<\/p>\n","protected":false},"excerpt":{"rendered":"<p>Hergestellt aus echtem Pelz, bezogen aus zertifizierten Europ\u00e4ischen Auktion Hergestellt in Griechenland von AskioFashion Material:Echt Samt Nerz Gr\u00f6sse:138 cm x 15 cm R\u00fcckseite:Hell Grau Woll Stoff Massanfertigung Handwerk mit modernem Design<\/p>\n","protected":false},"featured_media":51815,"comment_status":"closed","ping_status":"closed","template":"","meta":{"_acf_changed":false},"product_brand":[],"product_cat":[1198,1197,1202],"product_tag":[],"class_list":{"0":"post-43630","1":"product","2":"type-product","3":"status-publish","4":"has-post-thumbnail","6":"product_cat-damen-accessoires","7":"product_cat-frauen","8":"product_cat-frauen-schals","10":"first","11":"instock","12":"taxable","13":"shipping-taxable","14":"purchasable","15":"product-type-simple"},"acf":{"backoffice_id":"","old_wordpress_id":12659},"_links":{"self":[{"href":"https:\/\/askiofashion.com\/de\/wp-json\/wp\/v2\/product\/43630","targetHints":{"allow":["GET"]}}],"collection":[{"href":"https:\/\/askiofashion.com\/de\/wp-json\/wp\/v2\/product"}],"about":[{"href":"https:\/\/askiofashion.com\/de\/wp-json\/wp\/v2\/types\/product"}],"replies":[{"embeddable":true,"href":"https:\/\/askiofashion.com\/de\/wp-json\/wp\/v2\/comments?post=43630"}],"wp:featuredmedia":[{"embeddable":true,"href":"https:\/\/askiofashion.com\/de\/wp-json\/wp\/v2\/media\/51815"}],"wp:attachment":[{"href":"https:\/\/askiofashion.com\/de\/wp-json\/wp\/v2\/media?parent=43630"}],"wp:term":[{"taxonomy":"product_brand","embeddable":true,"href":"https:\/\/askiofashion.com\/de\/wp-json\/wp\/v2\/product_brand?post=43630"},{"taxonomy":"product_cat","embeddable":true,"href":"https:\/\/askiofashion.com\/de\/wp-json\/wp\/v2\/product_cat?post=43630"},{"taxonomy":"product_tag","embeddable":true,"href":"https:\/\/askiofashion.com\/de\/wp-json\/wp\/v2\/product_tag?post=43630"}],"curies":[{"name":"wp","href":"https:\/\/api.w.org\/{rel}","templated":true}]}}