{"id":43629,"date":"2022-10-04T06:15:38","date_gmt":"2022-10-04T05:15:38","guid":{"rendered":"https:\/\/askiofashion.atsquare.gr\/produkt\/unkategorisiert\/elegant-samt-nerz-fellschal\/"},"modified":"2024-12-08T17:10:03","modified_gmt":"2024-12-08T16:10:03","slug":"elegant-samt-nerz-fellschal","status":"publish","type":"product","link":"https:\/\/askiofashion.com\/de\/product\/frauen\/damen-accessoires\/frauen-schals\/elegant-samt-nerz-fellschal\/","title":{"rendered":"Elegant Samt Nerz Fellschal"},"content":{"rendered":"<p>Hergestellt aus echtem Pelz, bezogen aus zertifizierten Europ\u00e4ischen Auktion<\/p>\n<p>Hergestellt in Griechenland von AskioFashion<\/p>\n<p>&nbsp;<\/p>\n<p>Material:Echt Samt Nerz<\/p>\n<p>Gr\u00f6sse:134 cm x 13 cm<\/p>\n<p>&nbsp;<\/p>\n<p>R\u00fcckseite:Kaschmir mit Woll<\/p>\n<p>Massanfertigung<\/p>\n<p>Handwerk mit modernem Design<\/p>\n","protected":false},"excerpt":{"rendered":"<p>Hergestellt aus echtem Pelz, bezogen aus zertifizierten Europ\u00e4ischen Auktion Hergestellt in Griechenland von AskioFashion &nbsp; Material:Echt Samt Nerz Gr\u00f6sse:134 cm x 13 cm &nbsp; R\u00fcckseite:Kaschmir mit Woll Massanfertigung Handwerk mit modernem Design<\/p>\n","protected":false},"featured_media":51809,"comment_status":"closed","ping_status":"closed","template":"","meta":{"_acf_changed":false},"product_brand":[],"product_cat":[1198,1197,1202],"product_tag":[],"class_list":{"0":"post-43629","1":"product","2":"type-product","3":"status-publish","4":"has-post-thumbnail","6":"product_cat-damen-accessoires","7":"product_cat-frauen","8":"product_cat-frauen-schals","10":"first","11":"instock","12":"taxable","13":"shipping-taxable","14":"purchasable","15":"product-type-simple"},"acf":{"backoffice_id":"","old_wordpress_id":12656},"_links":{"self":[{"href":"https:\/\/askiofashion.com\/de\/wp-json\/wp\/v2\/product\/43629","targetHints":{"allow":["GET"]}}],"collection":[{"href":"https:\/\/askiofashion.com\/de\/wp-json\/wp\/v2\/product"}],"about":[{"href":"https:\/\/askiofashion.com\/de\/wp-json\/wp\/v2\/types\/product"}],"replies":[{"embeddable":true,"href":"https:\/\/askiofashion.com\/de\/wp-json\/wp\/v2\/comments?post=43629"}],"wp:featuredmedia":[{"embeddable":true,"href":"https:\/\/askiofashion.com\/de\/wp-json\/wp\/v2\/media\/51809"}],"wp:attachment":[{"href":"https:\/\/askiofashion.com\/de\/wp-json\/wp\/v2\/media?parent=43629"}],"wp:term":[{"taxonomy":"product_brand","embeddable":true,"href":"https:\/\/askiofashion.com\/de\/wp-json\/wp\/v2\/product_brand?post=43629"},{"taxonomy":"product_cat","embeddable":true,"href":"https:\/\/askiofashion.com\/de\/wp-json\/wp\/v2\/product_cat?post=43629"},{"taxonomy":"product_tag","embeddable":true,"href":"https:\/\/askiofashion.com\/de\/wp-json\/wp\/v2\/product_tag?post=43629"}],"curies":[{"name":"wp","href":"https:\/\/api.w.org\/{rel}","templated":true}]}}