{"id":43593,"date":"2022-10-10T11:36:56","date_gmt":"2022-10-10T10:36:56","guid":{"rendered":"https:\/\/askiofashion.atsquare.gr\/produkt\/unkategorisiert\/finn-raccoon-halsband-in-hell-braun\/"},"modified":"2024-12-08T17:10:05","modified_gmt":"2024-12-08T16:10:05","slug":"finn-raccoon-halsband-in-hell-braun","status":"publish","type":"product","link":"https:\/\/askiofashion.com\/de\/product\/frauen\/damen-accessoires\/frauenhalsbaender\/finn-raccoon-halsband-in-hell-braun\/","title":{"rendered":"Finn Raccoon Halsband in Hell Braun"},"content":{"rendered":"<p>Hergestellt aus echtem Pelz, bezogen aus zertifizierten Europ\u00e4ischen Auktion<\/p>\n<p>Hergestellt in Griechenland von AskioFashion<\/p>\n<p>&nbsp;<\/p>\n<p>Material:Echt Pelz Finnraccoon<\/p>\n<p>Gr\u00f6sse:48cm x 5 cm<\/p>\n<p>&nbsp;<\/p>\n<p>R\u00fcckseite:Satin Stoff<\/p>\n<p>Massanfertigung<\/p>\n<p>Handwerk mit modernem Design<\/p>\n","protected":false},"excerpt":{"rendered":"<p>Hergestellt aus echtem Pelz, bezogen aus zertifizierten Europ\u00e4ischen Auktion Hergestellt in Griechenland von AskioFashion &nbsp; Material:Echt Pelz Finnraccoon Gr\u00f6sse:48cm x 5 cm &nbsp; R\u00fcckseite:Satin Stoff Massanfertigung Handwerk mit modernem Design<\/p>\n","protected":false},"featured_media":51585,"comment_status":"closed","ping_status":"closed","template":"","meta":{"_acf_changed":false},"product_brand":[],"product_cat":[1198,1197,1201],"product_tag":[],"class_list":{"0":"post-43593","1":"product","2":"type-product","3":"status-publish","4":"has-post-thumbnail","6":"product_cat-damen-accessoires","7":"product_cat-frauen","8":"product_cat-frauenhalsbaender","10":"first","11":"instock","12":"taxable","13":"shipping-taxable","14":"purchasable","15":"product-type-simple"},"acf":{"backoffice_id":"","old_wordpress_id":12530},"_links":{"self":[{"href":"https:\/\/askiofashion.com\/de\/wp-json\/wp\/v2\/product\/43593","targetHints":{"allow":["GET"]}}],"collection":[{"href":"https:\/\/askiofashion.com\/de\/wp-json\/wp\/v2\/product"}],"about":[{"href":"https:\/\/askiofashion.com\/de\/wp-json\/wp\/v2\/types\/product"}],"replies":[{"embeddable":true,"href":"https:\/\/askiofashion.com\/de\/wp-json\/wp\/v2\/comments?post=43593"}],"wp:featuredmedia":[{"embeddable":true,"href":"https:\/\/askiofashion.com\/de\/wp-json\/wp\/v2\/media\/51585"}],"wp:attachment":[{"href":"https:\/\/askiofashion.com\/de\/wp-json\/wp\/v2\/media?parent=43593"}],"wp:term":[{"taxonomy":"product_brand","embeddable":true,"href":"https:\/\/askiofashion.com\/de\/wp-json\/wp\/v2\/product_brand?post=43593"},{"taxonomy":"product_cat","embeddable":true,"href":"https:\/\/askiofashion.com\/de\/wp-json\/wp\/v2\/product_cat?post=43593"},{"taxonomy":"product_tag","embeddable":true,"href":"https:\/\/askiofashion.com\/de\/wp-json\/wp\/v2\/product_tag?post=43593"}],"curies":[{"name":"wp","href":"https:\/\/api.w.org\/{rel}","templated":true}]}}