{"id":43518,"date":"2022-09-29T18:40:30","date_gmt":"2022-09-29T17:40:30","guid":{"rendered":"https:\/\/askiofashion.atsquare.gr\/produkt\/unkategorisiert\/shadow-fuchsfell-pelzstola-in-rote-farbe\/"},"modified":"2024-12-08T17:10:09","modified_gmt":"2024-12-08T16:10:09","slug":"shadow-fuchsfell-pelzstola-in-rote-farbe","status":"publish","type":"product","link":"https:\/\/askiofashion.com\/de\/product\/frauen\/damen-accessoires\/frauen-stolen\/shadow-fuchsfell-pelzstola-in-rote-farbe\/","title":{"rendered":"Shadow Fuchsfell Pelzstola in Rote Farbe"},"content":{"rendered":"<p>Hergestellt aus echtem Pelz, bezogen aus zertifizierten Europ\u00e4ischen Auktion.<\/p>\n<p>Hergestellt in Griechenland von Askio Fashion<\/p>\n<p>Material:Echt Shadow Fuchs in Rote Farbe<br \/>\nInnen Stoff:Satin<\/p>\n<p>&nbsp;<\/p>\n<p>Masse der Weste: Gr\u00f6sse:Einheitsgr\u00f6sse L\u00e4nge 40 cm<br \/>\nF\u00fcr XXL und XXXL Gr\u00f6ssen erh\u00f6ht sich der Preis um 10% bzw. 20%<\/p>\n<p>&nbsp;<\/p>\n<p>Massanfertigung<\/p>\n<p>Handwerk mit modernem Design<\/p>\n","protected":false},"excerpt":{"rendered":"<p>Hergestellt aus echtem Pelz, bezogen aus zertifizierten Europ\u00e4ischen Auktion. Hergestellt in Griechenland von Askio Fashion Material:Echt Shadow Fuchs in Rote Farbe Innen Stoff:Satin &nbsp; Masse der Weste: Gr\u00f6sse:Einheitsgr\u00f6sse L\u00e4nge 40 cm F\u00fcr XXL und XXXL Gr\u00f6ssen erh\u00f6ht sich der Preis um 10% bzw. 20% &nbsp; Massanfertigung Handwerk mit modernem Design<\/p>\n","protected":false},"featured_media":52029,"comment_status":"closed","ping_status":"closed","template":"","meta":{"_acf_changed":false},"product_brand":[],"product_cat":[1198,1197,1203],"product_tag":[],"class_list":{"0":"post-43518","1":"product","2":"type-product","3":"status-publish","4":"has-post-thumbnail","6":"product_cat-damen-accessoires","7":"product_cat-frauen","8":"product_cat-frauen-stolen","10":"first","11":"instock","12":"taxable","13":"shipping-taxable","14":"purchasable","15":"product-type-variable","16":"wvs-archive-product-wrapper"},"acf":{"backoffice_id":"","old_wordpress_id":12129},"_links":{"self":[{"href":"https:\/\/askiofashion.com\/de\/wp-json\/wp\/v2\/product\/43518","targetHints":{"allow":["GET"]}}],"collection":[{"href":"https:\/\/askiofashion.com\/de\/wp-json\/wp\/v2\/product"}],"about":[{"href":"https:\/\/askiofashion.com\/de\/wp-json\/wp\/v2\/types\/product"}],"replies":[{"embeddable":true,"href":"https:\/\/askiofashion.com\/de\/wp-json\/wp\/v2\/comments?post=43518"}],"wp:featuredmedia":[{"embeddable":true,"href":"https:\/\/askiofashion.com\/de\/wp-json\/wp\/v2\/media\/52029"}],"wp:attachment":[{"href":"https:\/\/askiofashion.com\/de\/wp-json\/wp\/v2\/media?parent=43518"}],"wp:term":[{"taxonomy":"product_brand","embeddable":true,"href":"https:\/\/askiofashion.com\/de\/wp-json\/wp\/v2\/product_brand?post=43518"},{"taxonomy":"product_cat","embeddable":true,"href":"https:\/\/askiofashion.com\/de\/wp-json\/wp\/v2\/product_cat?post=43518"},{"taxonomy":"product_tag","embeddable":true,"href":"https:\/\/askiofashion.com\/de\/wp-json\/wp\/v2\/product_tag?post=43518"}],"curies":[{"name":"wp","href":"https:\/\/api.w.org\/{rel}","templated":true}]}}