{"id":43509,"date":"2022-09-24T08:37:04","date_gmt":"2022-09-24T07:37:04","guid":{"rendered":"https:\/\/askiofashion.atsquare.gr\/produkt\/unkategorisiert\/natural-blau-fuchsfell-pelzweste\/"},"modified":"2024-12-08T17:10:10","modified_gmt":"2024-12-08T16:10:10","slug":"natural-blau-fuchsfell-pelzweste","status":"publish","type":"product","link":"https:\/\/askiofashion.com\/de\/product\/frauen\/frauenwesten\/natural-blau-fuchsfell-pelzweste\/","title":{"rendered":"Natural Blau Fuchsfell Pelzweste"},"content":{"rendered":"<p>Hergestellt aus echtem Pelz, bezogen aus zertifizierten Europ\u00e4ischen Auktion.<\/p>\n<p>Hergestellt in Griechenland von Askio Fashion<\/p>\n<p>Material: Blau Fuchs<br \/>\nInnen Stoff:Satin<\/p>\n<p>&nbsp;<\/p>\n<p>Masse der Weste: Gr\u00f6sse 38 L\u00e4nge 80 cm Brust 89cm<br \/>\nF\u00fcr XXL und XXXL Gr\u00f6ssen erh\u00f6ht sich der Preis um 10% bzw. 20%<\/p>\n<p>&nbsp;<\/p>\n<p>Massanfertigung<\/p>\n<p>Handwerk mit modernem Design<\/p>\n","protected":false},"excerpt":{"rendered":"<p>Hergestellt aus echtem Pelz, bezogen aus zertifizierten Europ\u00e4ischen Auktion. Hergestellt in Griechenland von Askio Fashion Material: Blau Fuchs Innen Stoff:Satin &nbsp; Masse der Weste: Gr\u00f6sse 38 L\u00e4nge 80 cm Brust 89cm F\u00fcr XXL und XXXL Gr\u00f6ssen erh\u00f6ht sich der Preis um 10% bzw. 20% &nbsp; Massanfertigung Handwerk mit modernem Design<\/p>\n","protected":false},"featured_media":52071,"comment_status":"closed","ping_status":"closed","template":"","meta":{"_acf_changed":false},"product_brand":[],"product_cat":[1197,1226],"product_tag":[],"class_list":{"0":"post-43509","1":"product","2":"type-product","3":"status-publish","4":"has-post-thumbnail","6":"product_cat-frauen","7":"product_cat-frauenwesten","9":"first","10":"instock","11":"taxable","12":"shipping-taxable","13":"purchasable","14":"product-type-variable","15":"wvs-archive-product-wrapper"},"acf":{"backoffice_id":"","old_wordpress_id":12111},"_links":{"self":[{"href":"https:\/\/askiofashion.com\/de\/wp-json\/wp\/v2\/product\/43509","targetHints":{"allow":["GET"]}}],"collection":[{"href":"https:\/\/askiofashion.com\/de\/wp-json\/wp\/v2\/product"}],"about":[{"href":"https:\/\/askiofashion.com\/de\/wp-json\/wp\/v2\/types\/product"}],"replies":[{"embeddable":true,"href":"https:\/\/askiofashion.com\/de\/wp-json\/wp\/v2\/comments?post=43509"}],"wp:featuredmedia":[{"embeddable":true,"href":"https:\/\/askiofashion.com\/de\/wp-json\/wp\/v2\/media\/52071"}],"wp:attachment":[{"href":"https:\/\/askiofashion.com\/de\/wp-json\/wp\/v2\/media?parent=43509"}],"wp:term":[{"taxonomy":"product_brand","embeddable":true,"href":"https:\/\/askiofashion.com\/de\/wp-json\/wp\/v2\/product_brand?post=43509"},{"taxonomy":"product_cat","embeddable":true,"href":"https:\/\/askiofashion.com\/de\/wp-json\/wp\/v2\/product_cat?post=43509"},{"taxonomy":"product_tag","embeddable":true,"href":"https:\/\/askiofashion.com\/de\/wp-json\/wp\/v2\/product_tag?post=43509"}],"curies":[{"name":"wp","href":"https:\/\/api.w.org\/{rel}","templated":true}]}}