{"id":43258,"date":"2021-10-10T15:57:15","date_gmt":"2021-10-10T14:57:15","guid":{"rendered":"https:\/\/askiofashion.atsquare.gr\/produkt\/unkategorisiert\/blaue-schaf-felljacke\/"},"modified":"2024-12-08T17:27:40","modified_gmt":"2024-12-08T16:27:40","slug":"blaue-schaf-felljacke","status":"publish","type":"product","link":"https:\/\/askiofashion.com\/de\/product\/frauen\/damenjacken\/blaue-schaf-felljacke\/","title":{"rendered":"Blaue Schaf Felljacke"},"content":{"rendered":"<ul>\n<li>Hergestellt aus Echtem Schaffell<\/li>\n<li>Hergestellt in Griechenland von Askio Fashion<\/li>\n<\/ul>\n<p>&nbsp;<\/p>\n<ul>\n<li>Material:Schaffell\u00a0 mit Rei\u00dfverschluss Nachhaltige Material<\/li>\n<li>Innen Stoff: Satin<\/li>\n<\/ul>\n<p>&nbsp;<\/p>\n<ul>\n<li>Massanfertigung<\/li>\n<\/ul>\n<p>&nbsp;<\/p>\n<ul>\n<li>Masse des Models: K\u00f6rpergr\u00f6sse 1,80cm - Brust 85cm - Taille 65cm - H\u00fcfte 95cm<\/li>\n<li><\/li>\n<li>Masse der Jacke: Gr\u00f6sse 38 L\u00e4nge:84 cm Brust 89cm<\/li>\n<li><\/li>\n<li>F\u00fcr XXL und XXXL Gr\u00f6ssen erh\u00f6ht sich der Preis um 10% bzw. 20%<\/li>\n<\/ul>\n","protected":false},"excerpt":{"rendered":"<p>Hergestellt aus Echtem Schaffell Hergestellt in Griechenland von Askio Fashion &nbsp; Material:Schaffell\u00a0 mit Rei\u00dfverschluss Nachhaltige Material Innen Stoff: Satin &nbsp; Massanfertigung &nbsp; Masse des Models: K\u00f6rpergr\u00f6sse 1,80cm - Brust 85cm - Taille 65cm - H\u00fcfte 95cm Masse der Jacke: Gr\u00f6sse 38 L\u00e4nge:84 cm Brust 89cm F\u00fcr XXL und XXXL Gr\u00f6ssen erh\u00f6ht sich der Preis um [&hellip;]<\/p>\n","protected":false},"featured_media":53341,"comment_status":"closed","ping_status":"closed","template":"","meta":{"_acf_changed":false},"product_brand":[],"product_cat":[1209,1197],"product_tag":[],"class_list":{"0":"post-43258","1":"product","2":"type-product","3":"status-publish","4":"has-post-thumbnail","6":"product_cat-damenjacken","7":"product_cat-frauen","9":"first","10":"instock","11":"taxable","12":"shipping-taxable","13":"purchasable","14":"product-type-variable","15":"wvs-archive-product-wrapper"},"acf":{"backoffice_id":"","old_wordpress_id":10227},"_links":{"self":[{"href":"https:\/\/askiofashion.com\/de\/wp-json\/wp\/v2\/product\/43258","targetHints":{"allow":["GET"]}}],"collection":[{"href":"https:\/\/askiofashion.com\/de\/wp-json\/wp\/v2\/product"}],"about":[{"href":"https:\/\/askiofashion.com\/de\/wp-json\/wp\/v2\/types\/product"}],"replies":[{"embeddable":true,"href":"https:\/\/askiofashion.com\/de\/wp-json\/wp\/v2\/comments?post=43258"}],"wp:featuredmedia":[{"embeddable":true,"href":"https:\/\/askiofashion.com\/de\/wp-json\/wp\/v2\/media\/53341"}],"wp:attachment":[{"href":"https:\/\/askiofashion.com\/de\/wp-json\/wp\/v2\/media?parent=43258"}],"wp:term":[{"taxonomy":"product_brand","embeddable":true,"href":"https:\/\/askiofashion.com\/de\/wp-json\/wp\/v2\/product_brand?post=43258"},{"taxonomy":"product_cat","embeddable":true,"href":"https:\/\/askiofashion.com\/de\/wp-json\/wp\/v2\/product_cat?post=43258"},{"taxonomy":"product_tag","embeddable":true,"href":"https:\/\/askiofashion.com\/de\/wp-json\/wp\/v2\/product_tag?post=43258"}],"curies":[{"name":"wp","href":"https:\/\/api.w.org\/{rel}","templated":true}]}}