{"id":43242,"date":"2021-10-10T16:33:57","date_gmt":"2021-10-10T15:33:57","guid":{"rendered":"https:\/\/askiofashion.atsquare.gr\/produkt\/unkategorisiert\/oeko-lamm-felljacke-in-sonderfarben\/"},"modified":"2024-12-08T17:10:17","modified_gmt":"2024-12-08T16:10:17","slug":"oeko-lamm-felljacke-in-sonderfarben","status":"publish","type":"product","link":"https:\/\/askiofashion.com\/de\/product\/frauen\/frauenmaentel\/oeko-lamm-felljacke-in-sonderfarben\/","title":{"rendered":"\u00d6ko Lamm Felljacke in Sonderfarben"},"content":{"rendered":"<ul>\n<li>Hergestellt aus echtem Lammfell<\/li>\n<li>Hergestellt in Griechenland von Askio Fashion<\/li>\n<\/ul>\n<p>&nbsp;<\/p>\n<ul>\n<li>Material:Lammfell mit Rei\u00dfverschluss<\/li>\n<li>Innen Stoff:Satin<\/li>\n<\/ul>\n<p>&nbsp;<\/p>\n<ul>\n<li>Massanfertigung<\/li>\n<\/ul>\n<p>&nbsp;<\/p>\n<ul>\n<li>Masse des Models: K\u00f6rpergr\u00f6sse 1,80cm - Brust 85cm - Taille 65cm - H\u00fcfte 95cm<\/li>\n<li><\/li>\n<li>Masse der Jacke: Gr\u00f6sse 40 L\u00e4nge:98 cm Brust 92cm<\/li>\n<li><\/li>\n<li>F\u00fcr XXL und XXXL Gr\u00f6ssen erh\u00f6ht sich der Preis um 10% bzw. 20%<\/li>\n<\/ul>\n","protected":false},"excerpt":{"rendered":"<p>Hergestellt aus echtem Lammfell Hergestellt in Griechenland von Askio Fashion &nbsp; Material:Lammfell mit Rei\u00dfverschluss Innen Stoff:Satin &nbsp; Massanfertigung &nbsp; Masse des Models: K\u00f6rpergr\u00f6sse 1,80cm - Brust 85cm - Taille 65cm - H\u00fcfte 95cm Masse der Jacke: Gr\u00f6sse 40 L\u00e4nge:98 cm Brust 92cm F\u00fcr XXL und XXXL Gr\u00f6ssen erh\u00f6ht sich der Preis um 10% bzw. 20%<\/p>\n","protected":false},"featured_media":53311,"comment_status":"closed","ping_status":"closed","template":"","meta":{"_acf_changed":false},"product_brand":[],"product_cat":[1197,1206],"product_tag":[],"class_list":{"0":"post-43242","1":"product","2":"type-product","3":"status-publish","4":"has-post-thumbnail","6":"product_cat-frauen","7":"product_cat-frauenmaentel","9":"first","10":"instock","11":"taxable","12":"shipping-taxable","13":"purchasable","14":"product-type-variable","15":"wvs-archive-product-wrapper"},"acf":{"backoffice_id":"","old_wordpress_id":10207},"_links":{"self":[{"href":"https:\/\/askiofashion.com\/de\/wp-json\/wp\/v2\/product\/43242","targetHints":{"allow":["GET"]}}],"collection":[{"href":"https:\/\/askiofashion.com\/de\/wp-json\/wp\/v2\/product"}],"about":[{"href":"https:\/\/askiofashion.com\/de\/wp-json\/wp\/v2\/types\/product"}],"replies":[{"embeddable":true,"href":"https:\/\/askiofashion.com\/de\/wp-json\/wp\/v2\/comments?post=43242"}],"wp:featuredmedia":[{"embeddable":true,"href":"https:\/\/askiofashion.com\/de\/wp-json\/wp\/v2\/media\/53311"}],"wp:attachment":[{"href":"https:\/\/askiofashion.com\/de\/wp-json\/wp\/v2\/media?parent=43242"}],"wp:term":[{"taxonomy":"product_brand","embeddable":true,"href":"https:\/\/askiofashion.com\/de\/wp-json\/wp\/v2\/product_brand?post=43242"},{"taxonomy":"product_cat","embeddable":true,"href":"https:\/\/askiofashion.com\/de\/wp-json\/wp\/v2\/product_cat?post=43242"},{"taxonomy":"product_tag","embeddable":true,"href":"https:\/\/askiofashion.com\/de\/wp-json\/wp\/v2\/product_tag?post=43242"}],"curies":[{"name":"wp","href":"https:\/\/api.w.org\/{rel}","templated":true}]}}