{"id":43190,"date":"2021-10-11T07:05:03","date_gmt":"2021-10-11T06:05:03","guid":{"rendered":"https:\/\/askiofashion.atsquare.gr\/produkt\/unkategorisiert\/elegante-cape-mit-frostfuchsfell-borduere\/"},"modified":"2024-12-08T17:10:18","modified_gmt":"2024-12-08T16:10:18","slug":"elegante-cape-mit-frostfuchsfell-borduere","status":"publish","type":"product","link":"https:\/\/askiofashion.com\/de\/product\/frauen\/frauen-umhaenge\/elegante-cape-mit-frostfuchsfell-borduere\/","title":{"rendered":"Elegante Cape mit Frostfuchsfell Bord\u00fcre"},"content":{"rendered":"<ul>\n<li>Hergestellt aus echtem Pelz, bezogen aus zertifizierten, europ\u00e4ischen Auktion<\/li>\n<li>Hergestellt in Griechenland von Askio Fashion<\/li>\n<\/ul>\n<p>&nbsp;<\/p>\n<ul>\n<li>Material:Luxus Stoff mit Frostfuchsfell<\/li>\n<\/ul>\n<p>&nbsp;<\/p>\n<ul>\n<li>Massanfertigung<\/li>\n<\/ul>\n<p>&nbsp;<\/p>\n<ul>\n<li>Masse des Models: K\u00f6rpergr\u00f6sse 1,77cm - Brust 87cm - Taille 64cm - H\u00fcfte 93cm<\/li>\n<li><\/li>\n<li>Masse des Capes: Gr\u00f6sse 38 L\u00e4nge 85 cm Brust 89cm<\/li>\n<li><\/li>\n<li>F\u00fcr XXL und XXXL Gr\u00f6ssen erh\u00f6ht sich der Preis um 10% bzw. 20%<\/li>\n<\/ul>\n","protected":false},"excerpt":{"rendered":"<p>Hergestellt aus echtem Pelz, bezogen aus zertifizierten, europ\u00e4ischen Auktion Hergestellt in Griechenland von Askio Fashion &nbsp; Material:Luxus Stoff mit Frostfuchsfell &nbsp; Massanfertigung &nbsp; Masse des Models: K\u00f6rpergr\u00f6sse 1,77cm - Brust 87cm - Taille 64cm - H\u00fcfte 93cm Masse des Capes: Gr\u00f6sse 38 L\u00e4nge 85 cm Brust 89cm F\u00fcr XXL und XXXL Gr\u00f6ssen erh\u00f6ht sich der [&hellip;]<\/p>\n","protected":false},"featured_media":53221,"comment_status":"closed","ping_status":"closed","template":"","meta":{"_acf_changed":false},"product_brand":[],"product_cat":[1197,1205],"product_tag":[],"class_list":{"0":"post-43190","1":"product","2":"type-product","3":"status-publish","4":"has-post-thumbnail","6":"product_cat-frauen","7":"product_cat-frauen-umhaenge","9":"first","10":"instock","11":"taxable","12":"shipping-taxable","13":"purchasable","14":"product-type-variable","15":"wvs-archive-product-wrapper"},"acf":{"backoffice_id":"","old_wordpress_id":10143},"_links":{"self":[{"href":"https:\/\/askiofashion.com\/de\/wp-json\/wp\/v2\/product\/43190","targetHints":{"allow":["GET"]}}],"collection":[{"href":"https:\/\/askiofashion.com\/de\/wp-json\/wp\/v2\/product"}],"about":[{"href":"https:\/\/askiofashion.com\/de\/wp-json\/wp\/v2\/types\/product"}],"replies":[{"embeddable":true,"href":"https:\/\/askiofashion.com\/de\/wp-json\/wp\/v2\/comments?post=43190"}],"wp:featuredmedia":[{"embeddable":true,"href":"https:\/\/askiofashion.com\/de\/wp-json\/wp\/v2\/media\/53221"}],"wp:attachment":[{"href":"https:\/\/askiofashion.com\/de\/wp-json\/wp\/v2\/media?parent=43190"}],"wp:term":[{"taxonomy":"product_brand","embeddable":true,"href":"https:\/\/askiofashion.com\/de\/wp-json\/wp\/v2\/product_brand?post=43190"},{"taxonomy":"product_cat","embeddable":true,"href":"https:\/\/askiofashion.com\/de\/wp-json\/wp\/v2\/product_cat?post=43190"},{"taxonomy":"product_tag","embeddable":true,"href":"https:\/\/askiofashion.com\/de\/wp-json\/wp\/v2\/product_tag?post=43190"}],"curies":[{"name":"wp","href":"https:\/\/api.w.org\/{rel}","templated":true}]}}