{"id":42971,"date":"2021-10-12T08:22:42","date_gmt":"2021-10-12T07:22:42","guid":{"rendered":"https:\/\/askiofashion.atsquare.gr\/produkt\/unkategorisiert\/damen-parka-mit-innenfutter-blauer-finn-raccoon\/"},"modified":"2025-01-08T19:10:04","modified_gmt":"2025-01-08T18:10:04","slug":"damen-parka-mit-innenfutter-blauer-finn-raccoon","status":"publish","type":"product","link":"https:\/\/askiofashion.com\/de\/product\/frauen\/damenjacken\/damen-parka-mit-innenfutter-blauer-finn-raccoon\/","title":{"rendered":"Damen Parka mit innenfutter Blauer Finn Raccoon"},"content":{"rendered":"<ul>\n<li>Hergestellt aus echtem Pelz, bezogen aus zertifizierten, europ\u00e4ischen Auktion<\/li>\n<li>Hergestellt in Griechenland von Askio Fashion<\/li>\n<li><\/li>\n<li>innen futter:Blauer finn Raccoon mit Finn Raccoonstreifen an der kapuze<\/li>\n<li><\/li>\n<li>Massanfertigung<\/li>\n<li><\/li>\n<li>Masse des Models: K\u00f6rpergr\u00f6sse 1,80cm - Brust 85cm - Taille 665cm - H\u00fcfte 95cm<\/li>\n<li>Masse der Parka: Gr\u00f6sse 42 L\u00e4nge:88 cm Brust 95cm<\/li>\n<li><\/li>\n<li>F\u00fcr XXL und XXXL Gr\u00f6ssen erh\u00f6ht sich der Preis um 10% bzw. 20%<\/li>\n<li><\/li>\n<li>Innenfutter und kapuze mit Kn\u00f6pfen oder Rei\u00dfverschluss in parka verarbeitet<\/li>\n<li><\/li>\n<li>Z.B.zum waschen der Jacke herausnehmbar<\/li>\n<li><\/li>\n<li>Pelz Finnraccoon Innenfutter ist abnehmbar<\/li>\n<li><\/li>\n<li>2-in-1-Stil: Fell und Futter komplett abnehmbar \/das Fell ist an einem Futter befestigt\/verwandelt den Parka in einen sch\u00f6nen leichten Mantel, der perfekt f\u00fcr Fr\u00fchling oder Herbst<\/li>\n<\/ul>\n","protected":false},"excerpt":{"rendered":"<p>Hergestellt aus echtem Pelz, bezogen aus zertifizierten, europ\u00e4ischen Auktion Hergestellt in Griechenland von Askio Fashion innen futter:Blauer finn Raccoon mit Finn Raccoonstreifen an der kapuze Massanfertigung Masse des Models: K\u00f6rpergr\u00f6sse 1,80cm - Brust 85cm - Taille 665cm - H\u00fcfte 95cm Masse der Parka: Gr\u00f6sse 42 L\u00e4nge:88 cm Brust 95cm F\u00fcr XXL und XXXL Gr\u00f6ssen erh\u00f6ht [&hellip;]<\/p>\n","protected":false},"featured_media":52937,"comment_status":"closed","ping_status":"closed","template":"","meta":{"_acf_changed":false},"product_brand":[],"product_cat":[1209,1197],"product_tag":[],"class_list":{"0":"post-42971","1":"product","2":"type-product","3":"status-publish","4":"has-post-thumbnail","6":"product_cat-damenjacken","7":"product_cat-frauen","9":"first","10":"instock","11":"taxable","12":"shipping-taxable","13":"purchasable","14":"product-type-variable","15":"wvs-archive-product-wrapper"},"acf":{"backoffice_id":"","old_wordpress_id":9837},"_links":{"self":[{"href":"https:\/\/askiofashion.com\/de\/wp-json\/wp\/v2\/product\/42971","targetHints":{"allow":["GET"]}}],"collection":[{"href":"https:\/\/askiofashion.com\/de\/wp-json\/wp\/v2\/product"}],"about":[{"href":"https:\/\/askiofashion.com\/de\/wp-json\/wp\/v2\/types\/product"}],"replies":[{"embeddable":true,"href":"https:\/\/askiofashion.com\/de\/wp-json\/wp\/v2\/comments?post=42971"}],"wp:featuredmedia":[{"embeddable":true,"href":"https:\/\/askiofashion.com\/de\/wp-json\/wp\/v2\/media\/52937"}],"wp:attachment":[{"href":"https:\/\/askiofashion.com\/de\/wp-json\/wp\/v2\/media?parent=42971"}],"wp:term":[{"taxonomy":"product_brand","embeddable":true,"href":"https:\/\/askiofashion.com\/de\/wp-json\/wp\/v2\/product_brand?post=42971"},{"taxonomy":"product_cat","embeddable":true,"href":"https:\/\/askiofashion.com\/de\/wp-json\/wp\/v2\/product_cat?post=42971"},{"taxonomy":"product_tag","embeddable":true,"href":"https:\/\/askiofashion.com\/de\/wp-json\/wp\/v2\/product_tag?post=42971"}],"curies":[{"name":"wp","href":"https:\/\/api.w.org\/{rel}","templated":true}]}}