{"id":42830,"date":"2021-10-13T07:09:33","date_gmt":"2021-10-13T06:09:33","guid":{"rendered":"https:\/\/askiofashion.atsquare.gr\/produkt\/unkategorisiert\/schwarzer-samt-nerz-pelzmantel-9\/"},"modified":"2025-01-08T19:10:04","modified_gmt":"2025-01-08T18:10:04","slug":"schwarzer-samt-nerz-pelzmantel-9","status":"publish","type":"product","link":"https:\/\/askiofashion.com\/de\/product\/frauen\/frauenmaentel\/schwarzer-samt-nerz-pelzmantel-9\/","title":{"rendered":"Schwarzer Samt Nerz Pelzmantel"},"content":{"rendered":"<ul>\n<li>Hergestellt aus echtem Pelz, bezogen aus zertifizierten, europ\u00e4ischen Auktion<\/li>\n<li>Hergestellt in Griechenland von Askio Fashion<\/li>\n<\/ul>\n<p>&nbsp;<\/p>\n<ul>\n<li>Material:Samt Nerz mit Blau Fuchs Fellkragen<\/li>\n<li>Innen Stoff:Satin<\/li>\n<\/ul>\n<p>&nbsp;<\/p>\n<ul>\n<li>Massanfertigung<\/li>\n<\/ul>\n<p>&nbsp;<\/p>\n<ul>\n<li>Masse des Models: K\u00f6rpergr\u00f6sse 1,80cm - Brust 85cm - Taille 65cm - H\u00fcfte 95cm<\/li>\n<li><\/li>\n<li>Masse der Jacke: Gr\u00f6sse 44 L\u00e4nge 123-125 cm Brust 98cm<\/li>\n<li><\/li>\n<li>F\u00fcr XXL und XXXL Gr\u00f6ssen erh\u00f6ht sich der Preis um 10% bzw. 20%<\/li>\n<\/ul>\n","protected":false},"excerpt":{"rendered":"<p>Hergestellt aus echtem Pelz, bezogen aus zertifizierten, europ\u00e4ischen Auktion Hergestellt in Griechenland von Askio Fashion &nbsp; Material:Samt Nerz mit Blau Fuchs Fellkragen Innen Stoff:Satin &nbsp; Massanfertigung &nbsp; Masse des Models: K\u00f6rpergr\u00f6sse 1,80cm - Brust 85cm - Taille 65cm - H\u00fcfte 95cm Masse der Jacke: Gr\u00f6sse 44 L\u00e4nge 123-125 cm Brust 98cm F\u00fcr XXL und XXXL [&hellip;]<\/p>\n","protected":false},"featured_media":52687,"comment_status":"closed","ping_status":"closed","template":"","meta":{"_acf_changed":false},"product_brand":[],"product_cat":[1197,1206],"product_tag":[],"class_list":{"0":"post-42830","1":"product","2":"type-product","3":"status-publish","4":"has-post-thumbnail","6":"product_cat-frauen","7":"product_cat-frauenmaentel","9":"first","10":"instock","11":"taxable","12":"shipping-taxable","13":"purchasable","14":"product-type-variable","15":"wvs-archive-product-wrapper"},"acf":{"backoffice_id":"","old_wordpress_id":9656},"_links":{"self":[{"href":"https:\/\/askiofashion.com\/de\/wp-json\/wp\/v2\/product\/42830","targetHints":{"allow":["GET"]}}],"collection":[{"href":"https:\/\/askiofashion.com\/de\/wp-json\/wp\/v2\/product"}],"about":[{"href":"https:\/\/askiofashion.com\/de\/wp-json\/wp\/v2\/types\/product"}],"replies":[{"embeddable":true,"href":"https:\/\/askiofashion.com\/de\/wp-json\/wp\/v2\/comments?post=42830"}],"wp:featuredmedia":[{"embeddable":true,"href":"https:\/\/askiofashion.com\/de\/wp-json\/wp\/v2\/media\/52687"}],"wp:attachment":[{"href":"https:\/\/askiofashion.com\/de\/wp-json\/wp\/v2\/media?parent=42830"}],"wp:term":[{"taxonomy":"product_brand","embeddable":true,"href":"https:\/\/askiofashion.com\/de\/wp-json\/wp\/v2\/product_brand?post=42830"},{"taxonomy":"product_cat","embeddable":true,"href":"https:\/\/askiofashion.com\/de\/wp-json\/wp\/v2\/product_cat?post=42830"},{"taxonomy":"product_tag","embeddable":true,"href":"https:\/\/askiofashion.com\/de\/wp-json\/wp\/v2\/product_tag?post=42830"}],"curies":[{"name":"wp","href":"https:\/\/api.w.org\/{rel}","templated":true}]}}