{"id":42671,"date":"2021-10-13T16:43:15","date_gmt":"2021-10-13T15:43:15","guid":{"rendered":"https:\/\/askiofashion.atsquare.gr\/produkt\/unkategorisiert\/schwarze-swakara-pelzjacke\/"},"modified":"2024-12-08T17:10:24","modified_gmt":"2024-12-08T16:10:24","slug":"schwarze-swakara-pelzjacke","status":"publish","type":"product","link":"https:\/\/askiofashion.com\/de\/product\/frauen\/damenjacken\/schwarze-swakara-pelzjacke\/","title":{"rendered":"Schwarze Swakara Pelzjacke"},"content":{"rendered":"<ul>\n<li>Hergestellt aus echtem Pelz, bezogen aus zertifizierten, europ\u00e4ischen Auktion<\/li>\n<li>Hergestellt in Griechenland von Askio Fashion<\/li>\n<\/ul>\n<p>&nbsp;<\/p>\n<ul>\n<li>Material:Swakara\u00a0mit Blauem Finn Raccoon Fellkrage und\u00a0 an den manchetten<\/li>\n<li>Innen Stoff:Satin<\/li>\n<\/ul>\n<p>&nbsp;<\/p>\n<ul>\n<li>Massanfertigung<\/li>\n<\/ul>\n<p>&nbsp;<\/p>\n<ul>\n<li>Masse des Models: K\u00f6rpergr\u00f6sse 1,75cm - Brust 92cm - Taille 66cm - H\u00fcfte 94cm<\/li>\n<li><\/li>\n<li>Masse der Jacke: Gr\u00f6sse 40\u00a0 L\u00e4nge:73 cm Brust 92cm<\/li>\n<li><\/li>\n<li>F\u00fcr XXL und XXXL Gr\u00f6ssen erh\u00f6ht sich der Preis um 10% bzw. 20%<\/li>\n<\/ul>\n","protected":false},"excerpt":{"rendered":"<p>Hergestellt aus echtem Pelz, bezogen aus zertifizierten, europ\u00e4ischen Auktion Hergestellt in Griechenland von Askio Fashion &nbsp; Material:Swakara\u00a0mit Blauem Finn Raccoon Fellkrage und\u00a0 an den manchetten Innen Stoff:Satin &nbsp; Massanfertigung &nbsp; Masse des Models: K\u00f6rpergr\u00f6sse 1,75cm - Brust 92cm - Taille 66cm - H\u00fcfte 94cm Masse der Jacke: Gr\u00f6sse 40\u00a0 L\u00e4nge:73 cm Brust 92cm F\u00fcr XXL [&hellip;]<\/p>\n","protected":false},"featured_media":52405,"comment_status":"closed","ping_status":"closed","template":"","meta":{"_acf_changed":false},"product_brand":[],"product_cat":[1209,1197],"product_tag":[],"class_list":{"0":"post-42671","1":"product","2":"type-product","3":"status-publish","4":"has-post-thumbnail","6":"product_cat-damenjacken","7":"product_cat-frauen","9":"first","10":"instock","11":"taxable","12":"shipping-taxable","13":"purchasable","14":"product-type-variable","15":"wvs-archive-product-wrapper"},"acf":{"backoffice_id":"","old_wordpress_id":9464},"_links":{"self":[{"href":"https:\/\/askiofashion.com\/de\/wp-json\/wp\/v2\/product\/42671","targetHints":{"allow":["GET"]}}],"collection":[{"href":"https:\/\/askiofashion.com\/de\/wp-json\/wp\/v2\/product"}],"about":[{"href":"https:\/\/askiofashion.com\/de\/wp-json\/wp\/v2\/types\/product"}],"replies":[{"embeddable":true,"href":"https:\/\/askiofashion.com\/de\/wp-json\/wp\/v2\/comments?post=42671"}],"wp:featuredmedia":[{"embeddable":true,"href":"https:\/\/askiofashion.com\/de\/wp-json\/wp\/v2\/media\/52405"}],"wp:attachment":[{"href":"https:\/\/askiofashion.com\/de\/wp-json\/wp\/v2\/media?parent=42671"}],"wp:term":[{"taxonomy":"product_brand","embeddable":true,"href":"https:\/\/askiofashion.com\/de\/wp-json\/wp\/v2\/product_brand?post=42671"},{"taxonomy":"product_cat","embeddable":true,"href":"https:\/\/askiofashion.com\/de\/wp-json\/wp\/v2\/product_cat?post=42671"},{"taxonomy":"product_tag","embeddable":true,"href":"https:\/\/askiofashion.com\/de\/wp-json\/wp\/v2\/product_tag?post=42671"}],"curies":[{"name":"wp","href":"https:\/\/api.w.org\/{rel}","templated":true}]}}