{"id":42612,"date":"2021-10-14T09:19:39","date_gmt":"2021-10-14T08:19:39","guid":{"rendered":"https:\/\/askiofashion.atsquare.gr\/produkt\/unkategorisiert\/jeans-jacke-mit-golden-island-fuchs-besatz\/"},"modified":"2024-12-08T17:10:27","modified_gmt":"2024-12-08T16:10:27","slug":"jeans-jacke-mit-golden-island-fuchs-besatz","status":"publish","type":"product","link":"https:\/\/askiofashion.com\/de\/product\/frauen\/damenjacken\/jeans-jacke-mit-golden-island-fuchs-besatz\/","title":{"rendered":"Jeans jacke mit Golden Island Fuchs Besatz"},"content":{"rendered":"<ul>\n<li>Hergestellt aus echtem Pelz, bezogen aus zertifizierten Europ\u00e4ischen Auktion.<\/li>\n<li>Hergestellt in Griechenland von Askion Fashion<\/li>\n<li><\/li>\n<li><\/li>\n<li>Material:Jeans Stoff mit Golden Island Fuchs<\/li>\n<li><\/li>\n<li><\/li>\n<li>Massanfertigung<\/li>\n<li><\/li>\n<li><\/li>\n<li>Das Model hat die K\u00f6rpergr\u00f6sse 1,80cm - Brust 85cm - Taille 65cm - H\u00fcfte 95cm<\/li>\n<li><\/li>\n<li>Masse der Jeansjacke: Gr\u00f6sse 36-38 - L\u00e4nge 56cm - Brust 86cm<\/li>\n<li><\/li>\n<li>F\u00fcr XXL und XXXL Gr\u00f6ssen, erh\u00f6ht sich der Preis um 10% bzw. 20%<\/li>\n<\/ul>\n","protected":false},"excerpt":{"rendered":"<p>Hergestellt aus echtem Pelz, bezogen aus zertifizierten Europ\u00e4ischen Auktion. Hergestellt in Griechenland von Askion Fashion Material:Jeans Stoff mit Golden Island Fuchs Massanfertigung Das Model hat die K\u00f6rpergr\u00f6sse 1,80cm - Brust 85cm - Taille 65cm - H\u00fcfte 95cm Masse der Jeansjacke: Gr\u00f6sse 36-38 - L\u00e4nge 56cm - Brust 86cm F\u00fcr XXL und XXXL Gr\u00f6ssen, erh\u00f6ht sich [&hellip;]<\/p>\n","protected":false},"featured_media":52293,"comment_status":"closed","ping_status":"closed","template":"","meta":{"_acf_changed":false},"product_brand":[],"product_cat":[1209,1197],"product_tag":[],"class_list":{"0":"post-42612","1":"product","2":"type-product","3":"status-publish","4":"has-post-thumbnail","6":"product_cat-damenjacken","7":"product_cat-frauen","9":"first","10":"instock","11":"taxable","12":"shipping-taxable","13":"purchasable","14":"product-type-variable","15":"wvs-archive-product-wrapper"},"acf":{"backoffice_id":"","old_wordpress_id":9396},"_links":{"self":[{"href":"https:\/\/askiofashion.com\/de\/wp-json\/wp\/v2\/product\/42612","targetHints":{"allow":["GET"]}}],"collection":[{"href":"https:\/\/askiofashion.com\/de\/wp-json\/wp\/v2\/product"}],"about":[{"href":"https:\/\/askiofashion.com\/de\/wp-json\/wp\/v2\/types\/product"}],"replies":[{"embeddable":true,"href":"https:\/\/askiofashion.com\/de\/wp-json\/wp\/v2\/comments?post=42612"}],"wp:featuredmedia":[{"embeddable":true,"href":"https:\/\/askiofashion.com\/de\/wp-json\/wp\/v2\/media\/52293"}],"wp:attachment":[{"href":"https:\/\/askiofashion.com\/de\/wp-json\/wp\/v2\/media?parent=42612"}],"wp:term":[{"taxonomy":"product_brand","embeddable":true,"href":"https:\/\/askiofashion.com\/de\/wp-json\/wp\/v2\/product_brand?post=42612"},{"taxonomy":"product_cat","embeddable":true,"href":"https:\/\/askiofashion.com\/de\/wp-json\/wp\/v2\/product_cat?post=42612"},{"taxonomy":"product_tag","embeddable":true,"href":"https:\/\/askiofashion.com\/de\/wp-json\/wp\/v2\/product_tag?post=42612"}],"curies":[{"name":"wp","href":"https:\/\/api.w.org\/{rel}","templated":true}]}}