{"id":42607,"date":"2021-10-14T10:38:35","date_gmt":"2021-10-14T09:38:35","guid":{"rendered":"https:\/\/askiofashion.atsquare.gr\/produkt\/unkategorisiert\/grey-fuchsfell-pelzcape-2\/"},"modified":"2025-01-08T19:15:16","modified_gmt":"2025-01-08T18:15:16","slug":"grey-fuchsfell-pelzcape-2","status":"publish","type":"product","link":"https:\/\/askiofashion.com\/de\/product\/frauen\/frauen-umhaenge\/grey-fuchsfell-pelzcape-2\/","title":{"rendered":"Grey Fuchsfell Pelzcape"},"content":{"rendered":"<ul>\n<li>Hergestellt aus echtem Pelz, bezogen aus zertifizierten, europ\u00e4ischen Auktion<\/li>\n<li>Hergestellt in Griechenland von Askio Fashion<\/li>\n<\/ul>\n<p>&nbsp;<\/p>\n<ul>\n<li>Material:Grey Fuchs mit Samtnerz Besatz<\/li>\n<li>Innen Stoff:Satin<\/li>\n<\/ul>\n<p>&nbsp;<\/p>\n<ul>\n<li>Massanfertigung<\/li>\n<\/ul>\n<p>&nbsp;<\/p>\n<ul>\n<li>Masse des Models: K\u00f6rpergr\u00f6sse 1,77cm - Brust 87cm - Taille 64cm - H\u00fcfte 93cm<\/li>\n<li><\/li>\n<li>Masse des Capes: Gr\u00f6sse 38 L\u00e4nge 70cm Brust 89cm<\/li>\n<li><\/li>\n<li>F\u00fcr XXL und XXXL Gr\u00f6ssen erh\u00f6ht sich der Preis um 10% bzw. 20%<\/li>\n<\/ul>\n","protected":false},"excerpt":{"rendered":"<p>Hergestellt aus echtem Pelz, bezogen aus zertifizierten, europ\u00e4ischen Auktion Hergestellt in Griechenland von Askio Fashion &nbsp; Material:Grey Fuchs mit Samtnerz Besatz Innen Stoff:Satin &nbsp; Massanfertigung &nbsp; Masse des Models: K\u00f6rpergr\u00f6sse 1,77cm - Brust 87cm - Taille 64cm - H\u00fcfte 93cm Masse des Capes: Gr\u00f6sse 38 L\u00e4nge 70cm Brust 89cm F\u00fcr XXL und XXXL Gr\u00f6ssen erh\u00f6ht [&hellip;]<\/p>\n","protected":false},"featured_media":52253,"comment_status":"closed","ping_status":"closed","template":"","meta":{"_acf_changed":false},"product_brand":[],"product_cat":[1197,1205],"product_tag":[],"class_list":{"0":"post-42607","1":"product","2":"type-product","3":"status-publish","4":"has-post-thumbnail","6":"product_cat-frauen","7":"product_cat-frauen-umhaenge","9":"first","10":"instock","11":"taxable","12":"shipping-taxable","13":"purchasable","14":"product-type-variable","15":"wvs-archive-product-wrapper"},"acf":{"backoffice_id":"","old_wordpress_id":9385},"_links":{"self":[{"href":"https:\/\/askiofashion.com\/de\/wp-json\/wp\/v2\/product\/42607","targetHints":{"allow":["GET"]}}],"collection":[{"href":"https:\/\/askiofashion.com\/de\/wp-json\/wp\/v2\/product"}],"about":[{"href":"https:\/\/askiofashion.com\/de\/wp-json\/wp\/v2\/types\/product"}],"replies":[{"embeddable":true,"href":"https:\/\/askiofashion.com\/de\/wp-json\/wp\/v2\/comments?post=42607"}],"wp:featuredmedia":[{"embeddable":true,"href":"https:\/\/askiofashion.com\/de\/wp-json\/wp\/v2\/media\/52253"}],"wp:attachment":[{"href":"https:\/\/askiofashion.com\/de\/wp-json\/wp\/v2\/media?parent=42607"}],"wp:term":[{"taxonomy":"product_brand","embeddable":true,"href":"https:\/\/askiofashion.com\/de\/wp-json\/wp\/v2\/product_brand?post=42607"},{"taxonomy":"product_cat","embeddable":true,"href":"https:\/\/askiofashion.com\/de\/wp-json\/wp\/v2\/product_cat?post=42607"},{"taxonomy":"product_tag","embeddable":true,"href":"https:\/\/askiofashion.com\/de\/wp-json\/wp\/v2\/product_tag?post=42607"}],"curies":[{"name":"wp","href":"https:\/\/api.w.org\/{rel}","templated":true}]}}