{"id":42548,"date":"2021-10-15T06:48:05","date_gmt":"2021-10-15T05:48:05","guid":{"rendered":"https:\/\/askiofashion.atsquare.gr\/produkt\/unkategorisiert\/silber-fuchsfellkapuze-mit-drei-farben\/"},"modified":"2024-12-08T17:10:28","modified_gmt":"2024-12-08T16:10:28","slug":"silber-fuchsfellkapuze-mit-drei-farben","status":"publish","type":"product","link":"https:\/\/askiofashion.com\/de\/product\/frauen\/frauenkapuzen\/silber-fuchsfellkapuze-mit-drei-farben\/","title":{"rendered":"Silber Fuchsfellkapuze mit drei Farben"},"content":{"rendered":"<ul>\n<li>Hergestellt aus echtem Pelz, bezogen aus zertifizierten, europ\u00e4ischen Auktion<\/li>\n<li>Hergestellt in Griechenland von Askio Fashion<\/li>\n<\/ul>\n<p>&nbsp;<\/p>\n<ul>\n<li>Material:Silberfuchs drei Farben<\/li>\n<li>Innenfutter:Samtnerz<\/li>\n<\/ul>\n<p>&nbsp;<\/p>\n<ul>\n<li>Massanfertigung<\/li>\n<\/ul>\n<p>&nbsp;<\/p>\n<ul>\n<li>Masse der Kapuze: Einheitsgr\u00f6sse<\/li>\n<li><\/li>\n<li>Mit f\u00fcnf Kn\u00f6pfen k\u00f6nnen Sie es an jedem Mantel, Parka oder jeder Jacke anbringen!<\/li>\n<li><\/li>\n<li>Doppelseitig<\/li>\n<\/ul>\n","protected":false},"excerpt":{"rendered":"<p>Hergestellt aus echtem Pelz, bezogen aus zertifizierten, europ\u00e4ischen Auktion Hergestellt in Griechenland von Askio Fashion &nbsp; Material:Silberfuchs drei Farben Innenfutter:Samtnerz &nbsp; Massanfertigung &nbsp; Masse der Kapuze: Einheitsgr\u00f6sse Mit f\u00fcnf Kn\u00f6pfen k\u00f6nnen Sie es an jedem Mantel, Parka oder jeder Jacke anbringen! Doppelseitig<\/p>\n","protected":false},"featured_media":52117,"comment_status":"closed","ping_status":"closed","template":"","meta":{"_acf_changed":false},"product_brand":[],"product_cat":[1197,1207],"product_tag":[],"class_list":{"0":"post-42548","1":"product","2":"type-product","3":"status-publish","4":"has-post-thumbnail","6":"product_cat-frauen","7":"product_cat-frauenkapuzen","9":"first","10":"instock","11":"taxable","12":"shipping-taxable","13":"product-type-variable","14":"wvs-archive-product-wrapper"},"acf":{"backoffice_id":"","old_wordpress_id":9317},"_links":{"self":[{"href":"https:\/\/askiofashion.com\/de\/wp-json\/wp\/v2\/product\/42548","targetHints":{"allow":["GET"]}}],"collection":[{"href":"https:\/\/askiofashion.com\/de\/wp-json\/wp\/v2\/product"}],"about":[{"href":"https:\/\/askiofashion.com\/de\/wp-json\/wp\/v2\/types\/product"}],"replies":[{"embeddable":true,"href":"https:\/\/askiofashion.com\/de\/wp-json\/wp\/v2\/comments?post=42548"}],"wp:featuredmedia":[{"embeddable":true,"href":"https:\/\/askiofashion.com\/de\/wp-json\/wp\/v2\/media\/52117"}],"wp:attachment":[{"href":"https:\/\/askiofashion.com\/de\/wp-json\/wp\/v2\/media?parent=42548"}],"wp:term":[{"taxonomy":"product_brand","embeddable":true,"href":"https:\/\/askiofashion.com\/de\/wp-json\/wp\/v2\/product_brand?post=42548"},{"taxonomy":"product_cat","embeddable":true,"href":"https:\/\/askiofashion.com\/de\/wp-json\/wp\/v2\/product_cat?post=42548"},{"taxonomy":"product_tag","embeddable":true,"href":"https:\/\/askiofashion.com\/de\/wp-json\/wp\/v2\/product_tag?post=42548"}],"curies":[{"name":"wp","href":"https:\/\/api.w.org\/{rel}","templated":true}]}}