{"id":42021,"date":"2020-10-30T20:14:48","date_gmt":"2020-10-30T19:14:48","guid":{"rendered":"https:\/\/askiofashion.atsquare.gr\/produkt\/unkategorisiert\/blue-iris-geschorene-nerz-pelzjacke\/"},"modified":"2024-12-08T17:10:28","modified_gmt":"2024-12-08T16:10:28","slug":"blue-iris-geschorene-nerz-pelzjacke","status":"publish","type":"product","link":"https:\/\/askiofashion.com\/de\/product\/frauen\/damenjacken\/blue-iris-geschorene-nerz-pelzjacke\/","title":{"rendered":"Blue Iris geschorene Nerz Pelzjacke"},"content":{"rendered":"<ul>\n<li>Hergestellt aus echtem Pelz, bezogen aus zertifizierten, europ\u00e4ischen Auktion<\/li>\n<li>Hergestellt in Griechenland von Askio Fashion<\/li>\n<\/ul>\n<p>&nbsp;<\/p>\n<ul>\n<li>Material:Blue Iris Nerz<\/li>\n<li>Innen Stoff: Satin<\/li>\n<\/ul>\n<p>&nbsp;<\/p>\n<ul>\n<li>Massanfertigung<\/li>\n<li><\/li>\n<li><\/li>\n<li>Masse des Models: K\u00f6rpergr\u00f6sse 1,76cm - Brust 91cm - Taille 67cm - H\u00fcfte 95cm<\/li>\n<li><\/li>\n<li>Masse der Jacke: Gr\u00f6sse 40\u00a0 L\u00e4nge 67cm Brust 92cm<\/li>\n<li><\/li>\n<li>F\u00fcr XXL und XXXL Gr\u00f6ssen erh\u00f6ht sich der Preis um 10% bzw. 20%<\/li>\n<\/ul>\n","protected":false},"excerpt":{"rendered":"<p>Hergestellt aus echtem Pelz, bezogen aus zertifizierten, europ\u00e4ischen Auktion Hergestellt in Griechenland von Askio Fashion &nbsp; Material:Blue Iris Nerz Innen Stoff: Satin &nbsp; Massanfertigung Masse des Models: K\u00f6rpergr\u00f6sse 1,76cm - Brust 91cm - Taille 67cm - H\u00fcfte 95cm Masse der Jacke: Gr\u00f6sse 40\u00a0 L\u00e4nge 67cm Brust 92cm F\u00fcr XXL und XXXL Gr\u00f6ssen erh\u00f6ht sich der [&hellip;]<\/p>\n","protected":false},"featured_media":54385,"comment_status":"closed","ping_status":"closed","template":"","meta":{"_acf_changed":false},"product_brand":[],"product_cat":[1209,1197],"product_tag":[],"class_list":{"0":"post-42021","1":"product","2":"type-product","3":"status-publish","4":"has-post-thumbnail","6":"product_cat-damenjacken","7":"product_cat-frauen","9":"first","10":"instock","11":"taxable","12":"shipping-taxable","13":"purchasable","14":"product-type-variable","15":"wvs-archive-product-wrapper"},"acf":{"backoffice_id":"","old_wordpress_id":5143},"_links":{"self":[{"href":"https:\/\/askiofashion.com\/de\/wp-json\/wp\/v2\/product\/42021","targetHints":{"allow":["GET"]}}],"collection":[{"href":"https:\/\/askiofashion.com\/de\/wp-json\/wp\/v2\/product"}],"about":[{"href":"https:\/\/askiofashion.com\/de\/wp-json\/wp\/v2\/types\/product"}],"replies":[{"embeddable":true,"href":"https:\/\/askiofashion.com\/de\/wp-json\/wp\/v2\/comments?post=42021"}],"wp:featuredmedia":[{"embeddable":true,"href":"https:\/\/askiofashion.com\/de\/wp-json\/wp\/v2\/media\/54385"}],"wp:attachment":[{"href":"https:\/\/askiofashion.com\/de\/wp-json\/wp\/v2\/media?parent=42021"}],"wp:term":[{"taxonomy":"product_brand","embeddable":true,"href":"https:\/\/askiofashion.com\/de\/wp-json\/wp\/v2\/product_brand?post=42021"},{"taxonomy":"product_cat","embeddable":true,"href":"https:\/\/askiofashion.com\/de\/wp-json\/wp\/v2\/product_cat?post=42021"},{"taxonomy":"product_tag","embeddable":true,"href":"https:\/\/askiofashion.com\/de\/wp-json\/wp\/v2\/product_tag?post=42021"}],"curies":[{"name":"wp","href":"https:\/\/api.w.org\/{rel}","templated":true}]}}