{"id":42005,"date":"2020-10-30T17:50:34","date_gmt":"2020-10-30T16:50:34","guid":{"rendered":"https:\/\/askiofashion.atsquare.gr\/produkt\/unkategorisiert\/black-glama-nerz-pelzjacke\/"},"modified":"2025-01-09T22:36:50","modified_gmt":"2025-01-09T21:36:50","slug":"black-glama-nerz-pelzjacke","status":"publish","type":"product","link":"https:\/\/askiofashion.com\/de\/product\/frauen\/damen-accessoires\/frauenkragen\/black-glama-nerz-pelzjacke\/","title":{"rendered":"Black Glama Nerz Pelzjacke"},"content":{"rendered":"<ul>\n<li>Hergestellt aus echtem Black Glama Nerz<\/li>\n<li>Hergestellt in Griechenland von Askio Fashion<\/li>\n<\/ul>\n<p>&nbsp;<\/p>\n<ul>\n<li>Material:Black Glama Nerz mit Zobel Fellkragen<\/li>\n<li>Innen Stoff:Satin<\/li>\n<\/ul>\n<p>&nbsp;<\/p>\n<ul>\n<li>Massanfertigung<\/li>\n<\/ul>\n<p>&nbsp;<\/p>\n<ul>\n<li>Masse des Models: K\u00f6rpergr\u00f6sse 1,76cm - Brust 91cm - Taille 67cm - H\u00fcfte 95cm<\/li>\n<li><\/li>\n<li>Masse der Jacke: Gr\u00f6sse 40\u00a0 L\u00e4nge 85cm Brust 92cm<\/li>\n<li><\/li>\n<li>F\u00fcr XXL und XXXL Gr\u00f6ssen erh\u00f6ht sich der Preis um 10% bzw. 20%<\/li>\n<\/ul>\n","protected":false},"excerpt":{"rendered":"<p>Hergestellt aus echtem Black Glama Nerz Hergestellt in Griechenland von Askio Fashion &nbsp; Material:Black Glama Nerz mit Zobel Fellkragen Innen Stoff:Satin &nbsp; Massanfertigung &nbsp; Masse des Models: K\u00f6rpergr\u00f6sse 1,76cm - Brust 91cm - Taille 67cm - H\u00fcfte 95cm Masse der Jacke: Gr\u00f6sse 40\u00a0 L\u00e4nge 85cm Brust 92cm F\u00fcr XXL und XXXL Gr\u00f6ssen erh\u00f6ht sich der [&hellip;]<\/p>\n","protected":false},"featured_media":54423,"comment_status":"closed","ping_status":"closed","template":"","meta":{"_acf_changed":false},"product_brand":[],"product_cat":[1198,1197,1199],"product_tag":[],"class_list":{"0":"post-42005","1":"product","2":"type-product","3":"status-publish","4":"has-post-thumbnail","6":"product_cat-damen-accessoires","7":"product_cat-frauen","8":"product_cat-frauenkragen","10":"first","11":"instock","12":"taxable","13":"shipping-taxable","14":"purchasable","15":"product-type-variable","16":"wvs-archive-product-wrapper"},"acf":{"backoffice_id":"","old_wordpress_id":5103},"_links":{"self":[{"href":"https:\/\/askiofashion.com\/de\/wp-json\/wp\/v2\/product\/42005","targetHints":{"allow":["GET"]}}],"collection":[{"href":"https:\/\/askiofashion.com\/de\/wp-json\/wp\/v2\/product"}],"about":[{"href":"https:\/\/askiofashion.com\/de\/wp-json\/wp\/v2\/types\/product"}],"replies":[{"embeddable":true,"href":"https:\/\/askiofashion.com\/de\/wp-json\/wp\/v2\/comments?post=42005"}],"wp:featuredmedia":[{"embeddable":true,"href":"https:\/\/askiofashion.com\/de\/wp-json\/wp\/v2\/media\/54423"}],"wp:attachment":[{"href":"https:\/\/askiofashion.com\/de\/wp-json\/wp\/v2\/media?parent=42005"}],"wp:term":[{"taxonomy":"product_brand","embeddable":true,"href":"https:\/\/askiofashion.com\/de\/wp-json\/wp\/v2\/product_brand?post=42005"},{"taxonomy":"product_cat","embeddable":true,"href":"https:\/\/askiofashion.com\/de\/wp-json\/wp\/v2\/product_cat?post=42005"},{"taxonomy":"product_tag","embeddable":true,"href":"https:\/\/askiofashion.com\/de\/wp-json\/wp\/v2\/product_tag?post=42005"}],"curies":[{"name":"wp","href":"https:\/\/api.w.org\/{rel}","templated":true}]}}