{"id":41820,"date":"2019-08-29T14:32:11","date_gmt":"2019-08-29T13:32:11","guid":{"rendered":"https:\/\/askiofashion.atsquare.gr\/produkt\/unkategorisiert\/rote-samt-nerz-pelzstola-mit-roter-silberfuchsfel-borduere\/"},"modified":"2025-08-07T16:26:01","modified_gmt":"2025-08-07T15:26:01","slug":"rote-samt-nerz-pelzstola-mit-roter-silberfuchsfel-borduere","status":"publish","type":"product","link":"https:\/\/askiofashion.com\/de\/product\/frauen\/damen-accessoires\/frauen-stolen\/rote-samt-nerz-pelzstola-mit-roter-silberfuchsfel-borduere\/","title":{"rendered":"Leuchtend rote Nerzpelzstola mit reichem Arzante-Besatz - Premium-Echtpelz-Accessoire"},"content":{"rendered":"<p data-start=\"153\" data-end=\"414\">Ziehen Sie die Blicke auf sich mit der Stola aus Nerzpelz in leuchtendem Rot, akzentuiert durch den \u00fcppigen Arzante-Fuchsfellbesatz f\u00fcr ein gewagtes, luxuri\u00f6ses Finish. Diese Stola aus 100% echtem Nerzpelz bietet eine ultra-weiche Textur und eine auff\u00e4llige Farbe, die Selbstvertrauen und Eleganz ausstrahlt. <\/p>\n<p data-start=\"416\" data-end=\"682\">Die Hinzuf\u00fcgung von echtem Arzante-Fuchspelz an den R\u00e4ndern verst\u00e4rkt die Silhouette mit pl\u00fcschigem Volumen und dramatischem Kontrast. Sein tiefroter Farbton verleiht ihm Leidenschaft und Raffinesse und macht ihn zum perfekten Statement-St\u00fcck f\u00fcr die Abendgarderobe, besondere Anl\u00e4sse oder gehobene Lagenmode. <\/p>\n<p data-start=\"684\" data-end=\"926\">Diese Stola ist ein au\u00dfergew\u00f6hnliches Accessoire f\u00fcr alle, die leuchtende Farben, hochwertige Verarbeitung und die W\u00e4rme von echtem Pelz sch\u00e4tzen. Die Stola aus leuchtend rotem Nerzpelz mit reichem Arzante-Besatz bietet zeitlosen Glamour mit einem modernen, auff\u00e4lligen Twist. <\/p>\n","protected":false},"excerpt":{"rendered":"<p>Ziehen Sie die Blicke auf sich mit der Stola aus Nerzpelz in leuchtendem Rot, akzentuiert durch den \u00fcppigen Arzante-Fuchsfellbesatz f\u00fcr ein gewagtes, luxuri\u00f6ses Finish. Diese Stola aus 100% echtem Nerzpelz bietet eine ultra-weiche Textur und eine auff\u00e4llige Farbe, die Selbstvertrauen und Eleganz ausstrahlt. Die Hinzuf\u00fcgung von echtem Arzante-Fuchspelz an den R\u00e4ndern verst\u00e4rkt die Silhouette mit [&hellip;]<\/p>\n","protected":false},"featured_media":56026,"comment_status":"closed","ping_status":"closed","template":"","meta":{"_acf_changed":false},"product_brand":[],"product_cat":[1198,1197,1203],"product_tag":[],"class_list":{"0":"post-41820","1":"product","2":"type-product","3":"status-publish","4":"has-post-thumbnail","6":"product_cat-damen-accessoires","7":"product_cat-frauen","8":"product_cat-frauen-stolen","10":"first","11":"instock","12":"taxable","13":"shipping-taxable","14":"purchasable","15":"product-type-variable","16":"wvs-archive-product-wrapper"},"acf":{"backoffice_id":"","old_wordpress_id":3416},"_links":{"self":[{"href":"https:\/\/askiofashion.com\/de\/wp-json\/wp\/v2\/product\/41820","targetHints":{"allow":["GET"]}}],"collection":[{"href":"https:\/\/askiofashion.com\/de\/wp-json\/wp\/v2\/product"}],"about":[{"href":"https:\/\/askiofashion.com\/de\/wp-json\/wp\/v2\/types\/product"}],"replies":[{"embeddable":true,"href":"https:\/\/askiofashion.com\/de\/wp-json\/wp\/v2\/comments?post=41820"}],"wp:featuredmedia":[{"embeddable":true,"href":"https:\/\/askiofashion.com\/de\/wp-json\/wp\/v2\/media\/56026"}],"wp:attachment":[{"href":"https:\/\/askiofashion.com\/de\/wp-json\/wp\/v2\/media?parent=41820"}],"wp:term":[{"taxonomy":"product_brand","embeddable":true,"href":"https:\/\/askiofashion.com\/de\/wp-json\/wp\/v2\/product_brand?post=41820"},{"taxonomy":"product_cat","embeddable":true,"href":"https:\/\/askiofashion.com\/de\/wp-json\/wp\/v2\/product_cat?post=41820"},{"taxonomy":"product_tag","embeddable":true,"href":"https:\/\/askiofashion.com\/de\/wp-json\/wp\/v2\/product_tag?post=41820"}],"curies":[{"name":"wp","href":"https:\/\/api.w.org\/{rel}","templated":true}]}}