{"id":41817,"date":"2019-09-01T13:58:35","date_gmt":"2019-09-01T12:58:35","guid":{"rendered":"https:\/\/askiofashion.atsquare.gr\/produkt\/unkategorisiert\/silber-fuchs-pelzstola-mit-schwarzem-samt-nerz-besatz\/"},"modified":"2025-08-07T16:25:25","modified_gmt":"2025-08-07T15:25:25","slug":"silber-fuchs-pelzstola-mit-schwarzem-samt-nerz-besatz","status":"publish","type":"product","link":"https:\/\/askiofashion.com\/de\/product\/frauen\/damen-accessoires\/frauen-stolen\/silber-fuchs-pelzstola-mit-schwarzem-samt-nerz-besatz\/","title":{"rendered":"Luxe Arzante Fuchs Pelz Stola in Lagen - 100% echter Pelz mit schwarzem Nerz Finish"},"content":{"rendered":"<p data-start=\"156\" data-end=\"623\">G\u00f6nnen Sie sich den H\u00f6hepunkt echter Pelz-Raffinesse mit der Luxe Arzante Fox Fur Stole in Layers, die mit einem eleganten schwarzen Nerzbesatz versehen ist. Diese handgefertigte Stola aus 100% echtem Fuchspelz wurde in horizontalen Lagen gefertigt, die das Volumen, den Faltenwurf und die Textur dieser Stola noch verst\u00e4rken. Der Kontrast zwischen dem satten Arzante-Fuchs und den gl\u00e4nzenden schwarzen Nerzdetails verleiht ihr Dimension und visuelle Tiefe - perfekt f\u00fcr Frauen, die k\u00fchnen Luxus und unbestreitbare Authentizit\u00e4t suchen.  <\/p>\n<p data-start=\"625\" data-end=\"923\">Die mehrlagige Silhouette schmiegt sich m\u00fchelos um die Schultern und bietet atmungsaktive W\u00e4rme bei leichtem Tragekomfort. Die nat\u00fcrlichen Pelzfasern bieten ein opulentes Gef\u00fchl und eine auff\u00e4llige Optik, wodurch sich dieses St\u00fcck ideal f\u00fcr besondere Anl\u00e4sse, Abendveranstaltungen oder gehobenes Alltagsstyling eignet. <\/p>\n<p data-start=\"925\" data-end=\"1159\">F\u00fcr alle, die ein Auge f\u00fcr erstklassige Qualit\u00e4t, nat\u00fcrliche Materialien und raffiniertes Design haben, ist die Luxe Arzante Fuchspelzstola mit schwarzem Nerz mehr als nur Mode - sie ist ein Bekenntnis zu Exklusivit\u00e4t, Eleganz und handwerklichem Pelzhandwerk.<\/p>\n","protected":false},"excerpt":{"rendered":"<p>G\u00f6nnen Sie sich den H\u00f6hepunkt echter Pelz-Raffinesse mit der Luxe Arzante Fox Fur Stole in Layers, die mit einem eleganten schwarzen Nerzbesatz versehen ist. Diese handgefertigte Stola aus 100% echtem Fuchspelz wurde in horizontalen Lagen gefertigt, die das Volumen, den Faltenwurf und die Textur dieser Stola noch verst\u00e4rken. Der Kontrast zwischen dem satten Arzante-Fuchs und [&hellip;]<\/p>\n","protected":false},"featured_media":55079,"comment_status":"closed","ping_status":"closed","template":"","meta":{"_acf_changed":false},"product_brand":[],"product_cat":[1198,1197,1203],"product_tag":[],"class_list":{"0":"post-41817","1":"product","2":"type-product","3":"status-publish","4":"has-post-thumbnail","6":"product_cat-damen-accessoires","7":"product_cat-frauen","8":"product_cat-frauen-stolen","10":"first","11":"instock","12":"taxable","13":"shipping-taxable","14":"purchasable","15":"product-type-variable","16":"wvs-archive-product-wrapper"},"acf":{"backoffice_id":"","old_wordpress_id":3403},"_links":{"self":[{"href":"https:\/\/askiofashion.com\/de\/wp-json\/wp\/v2\/product\/41817","targetHints":{"allow":["GET"]}}],"collection":[{"href":"https:\/\/askiofashion.com\/de\/wp-json\/wp\/v2\/product"}],"about":[{"href":"https:\/\/askiofashion.com\/de\/wp-json\/wp\/v2\/types\/product"}],"replies":[{"embeddable":true,"href":"https:\/\/askiofashion.com\/de\/wp-json\/wp\/v2\/comments?post=41817"}],"wp:featuredmedia":[{"embeddable":true,"href":"https:\/\/askiofashion.com\/de\/wp-json\/wp\/v2\/media\/55079"}],"wp:attachment":[{"href":"https:\/\/askiofashion.com\/de\/wp-json\/wp\/v2\/media?parent=41817"}],"wp:term":[{"taxonomy":"product_brand","embeddable":true,"href":"https:\/\/askiofashion.com\/de\/wp-json\/wp\/v2\/product_brand?post=41817"},{"taxonomy":"product_cat","embeddable":true,"href":"https:\/\/askiofashion.com\/de\/wp-json\/wp\/v2\/product_cat?post=41817"},{"taxonomy":"product_tag","embeddable":true,"href":"https:\/\/askiofashion.com\/de\/wp-json\/wp\/v2\/product_tag?post=41817"}],"curies":[{"name":"wp","href":"https:\/\/api.w.org\/{rel}","templated":true}]}}