{"id":41811,"date":"2019-09-01T15:36:39","date_gmt":"2019-09-01T14:36:39","guid":{"rendered":"https:\/\/askiofashion.atsquare.gr\/produkt\/unkategorisiert\/samt-nerz-pelzjacke-mit-leder-und-rex-rabbit-kragen-5\/"},"modified":"2025-01-08T19:24:34","modified_gmt":"2025-01-08T18:24:34","slug":"samt-nerz-pelzjacke-mit-leder-und-rex-rabbit-kragen-5","status":"publish","type":"product","link":"https:\/\/askiofashion.com\/de\/product\/frauen\/damenjacken\/samt-nerz-pelzjacke-mit-leder-und-rex-rabbit-kragen-5\/","title":{"rendered":"Samt Nerz Pelzjacke mit Leder und Rex Rabbit Kragen"},"content":{"rendered":"<ul>\n<li>Hergestellt aus echtem Pelz, bezogen aus zertifizierten Europ\u00e4ischen Auktion.<\/li>\n<li>Hergestellt in Griechenland von Askion Fashion<\/li>\n<\/ul>\n<p>&nbsp;<\/p>\n<ul>\n<li>Material:Samt Nerz Leder und Rex Rabbit<\/li>\n<li>Innen Stoff:Satin<\/li>\n<\/ul>\n<p>&nbsp;<\/p>\n<ul>\n<li>Massanfertigung<\/li>\n<li><\/li>\n<li>Das Model hat die K\u00f6rpergr\u00f6sse 1,73cm - Brust 89cm -\u00a0Taille 63cm - H\u00fcfte 95cm<\/li>\n<li><\/li>\n<li>Masse der Nerzjacke: Gr\u00f6sse 40 - L\u00e4nge 56cm - Brust 89cm<\/li>\n<li><\/li>\n<li>F\u00fcr XXL und XXXL Gr\u00f6ssen, erh\u00f6ht sich der Preis um 10% bzw. 20%<\/li>\n<\/ul>\n","protected":false},"excerpt":{"rendered":"<p>Hergestellt aus echtem Pelz, bezogen aus zertifizierten Europ\u00e4ischen Auktion. Hergestellt in Griechenland von Askion Fashion &nbsp; Material:Samt Nerz Leder und Rex Rabbit Innen Stoff:Satin &nbsp; Massanfertigung Das Model hat die K\u00f6rpergr\u00f6sse 1,73cm - Brust 89cm -\u00a0Taille 63cm - H\u00fcfte 95cm Masse der Nerzjacke: Gr\u00f6sse 40 - L\u00e4nge 56cm - Brust 89cm F\u00fcr XXL und XXXL [&hellip;]<\/p>\n","protected":false},"featured_media":54907,"comment_status":"closed","ping_status":"closed","template":"","meta":{"_acf_changed":false},"product_brand":[],"product_cat":[1209,1197],"product_tag":[],"class_list":{"0":"post-41811","1":"product","2":"type-product","3":"status-publish","4":"has-post-thumbnail","6":"product_cat-damenjacken","7":"product_cat-frauen","9":"first","10":"instock","11":"taxable","12":"shipping-taxable","13":"purchasable","14":"product-type-variable","15":"wvs-archive-product-wrapper"},"acf":{"backoffice_id":"","old_wordpress_id":3377},"_links":{"self":[{"href":"https:\/\/askiofashion.com\/de\/wp-json\/wp\/v2\/product\/41811","targetHints":{"allow":["GET"]}}],"collection":[{"href":"https:\/\/askiofashion.com\/de\/wp-json\/wp\/v2\/product"}],"about":[{"href":"https:\/\/askiofashion.com\/de\/wp-json\/wp\/v2\/types\/product"}],"replies":[{"embeddable":true,"href":"https:\/\/askiofashion.com\/de\/wp-json\/wp\/v2\/comments?post=41811"}],"wp:featuredmedia":[{"embeddable":true,"href":"https:\/\/askiofashion.com\/de\/wp-json\/wp\/v2\/media\/54907"}],"wp:attachment":[{"href":"https:\/\/askiofashion.com\/de\/wp-json\/wp\/v2\/media?parent=41811"}],"wp:term":[{"taxonomy":"product_brand","embeddable":true,"href":"https:\/\/askiofashion.com\/de\/wp-json\/wp\/v2\/product_brand?post=41811"},{"taxonomy":"product_cat","embeddable":true,"href":"https:\/\/askiofashion.com\/de\/wp-json\/wp\/v2\/product_cat?post=41811"},{"taxonomy":"product_tag","embeddable":true,"href":"https:\/\/askiofashion.com\/de\/wp-json\/wp\/v2\/product_tag?post=41811"}],"curies":[{"name":"wp","href":"https:\/\/api.w.org\/{rel}","templated":true}]}}