{"id":41722,"date":"2019-08-30T16:23:38","date_gmt":"2019-08-30T15:23:38","guid":{"rendered":"https:\/\/askiofashion.atsquare.gr\/produkt\/unkategorisiert\/samt-nerz-pelzjacke-mit-leder-besatz-2\/"},"modified":"2025-08-07T16:26:09","modified_gmt":"2025-08-07T15:26:09","slug":"samt-nerz-pelzjacke-mit-leder-besatz-2","status":"publish","type":"product","link":"https:\/\/askiofashion.com\/de\/product\/frauen\/damenjacken\/samt-nerz-pelzjacke-mit-leder-besatz-2\/","title":{"rendered":"Klassische Samt Nerz Pelz Jacke - Pl\u00fcsch Echtpelz Design"},"content":{"rendered":"<div class=\"text-base my-auto mx-auto py-5 [--thread-content-margin:--spacing(4)] @[37rem]:[--thread-content-margin:--spacing(6)] @[72rem]:[--thread-content-margin:--spacing(16)] px-(--thread-content-margin)\">\n<div class=\"[--thread-content-max-width:32rem] @[34rem]:[--thread-content-max-width:40rem] @[64rem]:[--thread-content-max-width:48rem] mx-auto flex max-w-(--thread-content-max-width) flex-1 text-base gap-4 md:gap-5 lg:gap-6 group\/turn-messages focus-visible:outline-hidden\">\n<div class=\"group\/conversation-turn relative flex w-full min-w-0 flex-col agent-turn\">\n<div class=\"relative flex-col gap-1 md:gap-3\">\n<div class=\"flex max-w-full flex-col grow\">\n<div class=\"min-h-8 text-message relative flex w-full flex-col items-end gap-2 text-start break-words whitespace-normal [.text-message+&amp;]:mt-5\" dir=\"auto\" data-message-author-role=\"assistant\" data-message-id=\"5074b128-d371-4437-9bcd-7185f5f6a847\" data-message-model-slug=\"gpt-4-1-mini\">\n<div class=\"flex w-full flex-col gap-1 empty:hidden first:pt-[3px]\">\n<div class=\"markdown prose dark:prose-invert w-full break-words dark\">\n<p data-start=\"125\" data-end=\"428\">G\u00f6nnen Sie sich zeitlose Eleganz mit der Classic Velvet Mink Fur Jacket, gefertigt aus 100% echtem Nerzpelz, der f\u00fcr seine pl\u00fcschige Textur und sein luxuri\u00f6ses Gef\u00fchl bekannt ist. Diese Jacke bietet au\u00dfergew\u00f6hnliche W\u00e4rme und eine raffinierte Silhouette, perfekt f\u00fcr alle, die authentische Pelzverarbeitung und dauerhaften Stil zu sch\u00e4tzen wissen. <\/p>\n<p data-start=\"430\" data-end=\"669\">Die fachm\u00e4nnisch geschneiderte Jacke bietet eine bequeme und schmeichelhafte Passform und l\u00e4sst sich sowohl mit formellen als auch mit legeren Ensembles wunderbar kombinieren. Das reiche Samt-Finish verleiht ihr einen subtilen Glanz und wertet Ihre Garderobe mit einem klassischen Echtpelz-St\u00fcck auf. <\/p>\n<p data-start=\"671\" data-end=\"859\">Die Classic Velvet Mink Fur Jacket ist ideal f\u00fcr anspruchsvolle Kunden, die erstklassige Qualit\u00e4t und echten Naturpelz suchen. Sie ist eine vielseitige Erg\u00e4nzung, die dauerhaften Komfort und raffinierten Luxus verspricht.<\/p>\n<\/div>\n<\/div>\n<\/div>\n<\/div>\n<\/div>\n<\/div>\n<\/div>\n<\/div>\n<p>&nbsp;<\/p>\n","protected":false},"excerpt":{"rendered":"<p>G\u00f6nnen Sie sich zeitlose Eleganz mit der Classic Velvet Mink Fur Jacket, gefertigt aus 100% echtem Nerzpelz, der f\u00fcr seine pl\u00fcschige Textur und sein luxuri\u00f6ses Gef\u00fchl bekannt ist. Diese Jacke bietet au\u00dfergew\u00f6hnliche W\u00e4rme und eine raffinierte Silhouette, perfekt f\u00fcr alle, die authentische Pelzverarbeitung und dauerhaften Stil zu sch\u00e4tzen wissen. Die fachm\u00e4nnisch geschneiderte Jacke bietet eine [&hellip;]<\/p>\n","protected":false},"featured_media":55764,"comment_status":"closed","ping_status":"closed","template":"","meta":{"_acf_changed":false},"product_brand":[],"product_cat":[1209,1197],"product_tag":[],"class_list":{"0":"post-41722","1":"product","2":"type-product","3":"status-publish","4":"has-post-thumbnail","6":"product_cat-damenjacken","7":"product_cat-frauen","9":"first","10":"instock","11":"taxable","12":"shipping-taxable","13":"purchasable","14":"product-type-variable","15":"wvs-archive-product-wrapper"},"acf":{"backoffice_id":"","old_wordpress_id":3211},"_links":{"self":[{"href":"https:\/\/askiofashion.com\/de\/wp-json\/wp\/v2\/product\/41722","targetHints":{"allow":["GET"]}}],"collection":[{"href":"https:\/\/askiofashion.com\/de\/wp-json\/wp\/v2\/product"}],"about":[{"href":"https:\/\/askiofashion.com\/de\/wp-json\/wp\/v2\/types\/product"}],"replies":[{"embeddable":true,"href":"https:\/\/askiofashion.com\/de\/wp-json\/wp\/v2\/comments?post=41722"}],"wp:featuredmedia":[{"embeddable":true,"href":"https:\/\/askiofashion.com\/de\/wp-json\/wp\/v2\/media\/55764"}],"wp:attachment":[{"href":"https:\/\/askiofashion.com\/de\/wp-json\/wp\/v2\/media?parent=41722"}],"wp:term":[{"taxonomy":"product_brand","embeddable":true,"href":"https:\/\/askiofashion.com\/de\/wp-json\/wp\/v2\/product_brand?post=41722"},{"taxonomy":"product_cat","embeddable":true,"href":"https:\/\/askiofashion.com\/de\/wp-json\/wp\/v2\/product_cat?post=41722"},{"taxonomy":"product_tag","embeddable":true,"href":"https:\/\/askiofashion.com\/de\/wp-json\/wp\/v2\/product_tag?post=41722"}],"curies":[{"name":"wp","href":"https:\/\/api.w.org\/{rel}","templated":true}]}}