{"id":41706,"date":"2019-08-30T16:49:52","date_gmt":"2019-08-30T15:49:52","guid":{"rendered":"https:\/\/askiofashion.atsquare.gr\/produkt\/unkategorisiert\/beige-samt-nerz-pelzjacke-mit-bob-cat-streifen-an-der-kapuze\/"},"modified":"2025-08-07T16:26:00","modified_gmt":"2025-08-07T15:26:00","slug":"beige-samt-nerz-pelzjacke-mit-bob-cat-streifen-an-der-kapuze","status":"publish","type":"product","link":"https:\/\/askiofashion.com\/de\/product\/frauen\/damenjacken\/beige-samt-nerz-pelzjacke-mit-bob-cat-streifen-an-der-kapuze\/","title":{"rendered":"Samt Nerz Pelz Jacke mit Kapuze - Pl\u00fcsch Echtpelz W\u00e4rme"},"content":{"rendered":"<div class=\"text-base my-auto mx-auto py-5 [--thread-content-margin:--spacing(4)] @[37rem]:[--thread-content-margin:--spacing(6)] @[72rem]:[--thread-content-margin:--spacing(16)] px-(--thread-content-margin)\">\n<div class=\"[--thread-content-max-width:32rem] @[34rem]:[--thread-content-max-width:40rem] @[64rem]:[--thread-content-max-width:48rem] mx-auto flex max-w-(--thread-content-max-width) flex-1 text-base gap-4 md:gap-5 lg:gap-6 group\/turn-messages focus-visible:outline-hidden\">\n<div class=\"group\/conversation-turn relative flex w-full min-w-0 flex-col agent-turn\">\n<div class=\"relative flex-col gap-1 md:gap-3\">\n<div class=\"flex max-w-full flex-col grow\">\n<div class=\"min-h-8 text-message relative flex w-full flex-col items-end gap-2 text-start break-words whitespace-normal [.text-message+&amp;]:mt-5\" dir=\"auto\" data-message-author-role=\"assistant\" data-message-id=\"f16979bb-469e-4191-b9eb-09766a7cdad0\" data-message-model-slug=\"gpt-4-1-mini\">\n<div class=\"flex w-full flex-col gap-1 empty:hidden first:pt-[3px]\">\n<div class=\"markdown prose dark:prose-invert w-full break-words dark\">\n<p data-start=\"124\" data-end=\"426\">Erleben Sie kuscheligen Luxus mit der Velvet Mink Fur Jacket mit Kapuze, die aus 100% echtem Samtnerzpelz gefertigt ist, der f\u00fcr seine ultraweiche Textur und au\u00dfergew\u00f6hnliche W\u00e4rme bekannt ist. Diese Jacke kombiniert das pl\u00fcschige Gef\u00fchl von echtem Nerz mit einem praktischen Kapuzendesign und bietet stilvollen Schutz vor k\u00fchlem Wetter. <\/p>\n<p data-start=\"428\" data-end=\"701\">Die fachm\u00e4nnisch f\u00fcr eine bequeme Passform geschneiderte Jacke bietet atmungsaktive Isolierung und eine schlanke Silhouette, die perfekt f\u00fcr den Alltag oder besondere Anl\u00e4sse ist. Das Samt-Finish sorgt f\u00fcr einen raffinierten Glanz und verleiht Ihrer Oberbekleidungskollektion zeitlose Eleganz. <\/p>\n<p data-start=\"703\" data-end=\"935\">Die Velvet Mink Fur Jacket mit Kapuze ist ideal f\u00fcr anspruchsvolle Kunden, die hochwertige Echtpelzverarbeitung und modernen Stil suchen. Sie verspricht dauerhafte W\u00e4rme und raffinierten Luxus. Machen Sie dieses exquisite St\u00fcck zu einem festen Bestandteil Ihrer Garderobe f\u00fcr das kalte Wetter. <\/p>\n<\/div>\n<\/div>\n<\/div>\n<\/div>\n<\/div>\n<\/div>\n<\/div>\n<\/div>\n<p>&nbsp;<\/p>\n","protected":false},"excerpt":{"rendered":"<p>Erleben Sie kuscheligen Luxus mit der Velvet Mink Fur Jacket mit Kapuze, die aus 100% echtem Samtnerzpelz gefertigt ist, der f\u00fcr seine ultraweiche Textur und au\u00dfergew\u00f6hnliche W\u00e4rme bekannt ist. Diese Jacke kombiniert das pl\u00fcschige Gef\u00fchl von echtem Nerz mit einem praktischen Kapuzendesign und bietet stilvollen Schutz vor k\u00fchlem Wetter. Die fachm\u00e4nnisch f\u00fcr eine bequeme Passform [&hellip;]<\/p>\n","protected":false},"featured_media":55732,"comment_status":"closed","ping_status":"closed","template":"","meta":{"_acf_changed":false},"product_brand":[],"product_cat":[1209,1197],"product_tag":[],"class_list":{"0":"post-41706","1":"product","2":"type-product","3":"status-publish","4":"has-post-thumbnail","6":"product_cat-damenjacken","7":"product_cat-frauen","9":"first","10":"instock","11":"taxable","12":"shipping-taxable","13":"purchasable","14":"product-type-variable","15":"wvs-archive-product-wrapper"},"acf":{"backoffice_id":"","old_wordpress_id":3191},"_links":{"self":[{"href":"https:\/\/askiofashion.com\/de\/wp-json\/wp\/v2\/product\/41706","targetHints":{"allow":["GET"]}}],"collection":[{"href":"https:\/\/askiofashion.com\/de\/wp-json\/wp\/v2\/product"}],"about":[{"href":"https:\/\/askiofashion.com\/de\/wp-json\/wp\/v2\/types\/product"}],"replies":[{"embeddable":true,"href":"https:\/\/askiofashion.com\/de\/wp-json\/wp\/v2\/comments?post=41706"}],"wp:featuredmedia":[{"embeddable":true,"href":"https:\/\/askiofashion.com\/de\/wp-json\/wp\/v2\/media\/55732"}],"wp:attachment":[{"href":"https:\/\/askiofashion.com\/de\/wp-json\/wp\/v2\/media?parent=41706"}],"wp:term":[{"taxonomy":"product_brand","embeddable":true,"href":"https:\/\/askiofashion.com\/de\/wp-json\/wp\/v2\/product_brand?post=41706"},{"taxonomy":"product_cat","embeddable":true,"href":"https:\/\/askiofashion.com\/de\/wp-json\/wp\/v2\/product_cat?post=41706"},{"taxonomy":"product_tag","embeddable":true,"href":"https:\/\/askiofashion.com\/de\/wp-json\/wp\/v2\/product_tag?post=41706"}],"curies":[{"name":"wp","href":"https:\/\/api.w.org\/{rel}","templated":true}]}}