{"id":41628,"date":"2019-09-01T14:38:27","date_gmt":"2019-09-01T13:38:27","guid":{"rendered":"https:\/\/askiofashion.atsquare.gr\/produkt\/unkategorisiert\/lila-silber-fuchsfell-pelzstola\/"},"modified":"2025-08-07T16:25:41","modified_gmt":"2025-08-07T15:25:41","slug":"lila-silber-fuchsfell-pelzstola","status":"publish","type":"product","link":"https:\/\/askiofashion.com\/de\/product\/frauen\/damen-accessoires\/frauen-stolen\/lila-silber-fuchsfell-pelzstola\/","title":{"rendered":"Raffinierte lila Arzante Fuchs Pelz Stola - Elegantes Naturpelz Statement St\u00fcck"},"content":{"rendered":"<div class=\"text-base my-auto mx-auto py-5 [--thread-content-margin:--spacing(4)] @[37rem]:[--thread-content-margin:--spacing(6)] @[72rem]:[--thread-content-margin:--spacing(16)] px-(--thread-content-margin)\">\n<div class=\"[--thread-content-max-width:32rem] @[34rem]:[--thread-content-max-width:40rem] @[64rem]:[--thread-content-max-width:48rem] mx-auto flex max-w-(--thread-content-max-width) flex-1 text-base gap-4 md:gap-5 lg:gap-6 group\/turn-messages focus-visible:outline-hidden\">\n<div class=\"group\/conversation-turn relative flex w-full min-w-0 flex-col agent-turn\">\n<div class=\"relative flex-col gap-1 md:gap-3\">\n<div class=\"flex max-w-full flex-col grow\">\n<div class=\"min-h-8 text-message relative flex w-full flex-col items-end gap-2 text-start break-words whitespace-normal [.text-message+&amp;]:mt-5\" dir=\"auto\" data-message-author-role=\"assistant\" data-message-id=\"bdf03fc9-da9f-48f0-8097-edd3f6fb8c1c\" data-message-model-slug=\"gpt-4-1-mini\">\n<div class=\"flex w-full flex-col gap-1 empty:hidden first:pt-[3px]\">\n<div class=\"markdown prose dark:prose-invert w-full break-words dark\">\n<p data-start=\"149\" data-end=\"536\">Erh\u00f6hen Sie Ihren Stil mit der Refined Purple Arzante Fox Fur Stola, die fachm\u00e4nnisch aus 100% echtem Arzante-Fuchsfell gefertigt wurde, das f\u00fcr seine satte Farbe und luxuri\u00f6se Textur bekannt ist. Diese elegante Stola ist ein umwerfendes Accessoire, das nat\u00fcrliche Sch\u00f6nheit mit zeitloser Raffinesse verbindet. Perfekt f\u00fcr anspruchsvolle Frauen, die echte Pelzmode suchen, die Exklusivit\u00e4t und hervorragende Handwerkskunst ausstrahlt.  <\/p>\n<p data-start=\"538\" data-end=\"842\">Diese Stola aus Naturpelz wurde sorgf\u00e4ltig ausgew\u00e4hlt und entworfen und bietet au\u00dfergew\u00f6hnliche W\u00e4rme und atmungsaktiven Komfort, was sie zu einem idealen Accessoire f\u00fcr besondere Anl\u00e4sse und den Alltag macht. Der kr\u00e4ftige violette Farbton verleiht ihr einen einzigartigen Hauch von Luxus und sorgt daf\u00fcr, dass Sie mit Selbstvertrauen und Anmut auffallen. <\/p>\n<p data-start=\"844\" data-end=\"1138\">Die Refined Purple Arzante Fuchsfellstola wurde f\u00fcr diejenigen entworfen, die erstklassige Qualit\u00e4t und Authentizit\u00e4t zu sch\u00e4tzen wissen. Sie zeichnet sich durch un\u00fcbertroffene Weichheit, Haltbarkeit und nat\u00fcrliche Eleganz aus. Ob als pers\u00f6nlicher Genuss oder als durchdachtes Geschenk, diese Stola verwandelt jedes Outfit in einen Ausdruck von wahrem Luxus. <\/p>\n<\/div>\n<\/div>\n<\/div>\n<\/div>\n<\/div>\n<\/div>\n<\/div>\n<\/div>\n","protected":false},"excerpt":{"rendered":"<p>Erh\u00f6hen Sie Ihren Stil mit der Refined Purple Arzante Fox Fur Stola, die fachm\u00e4nnisch aus 100% echtem Arzante-Fuchsfell gefertigt wurde, das f\u00fcr seine satte Farbe und luxuri\u00f6se Textur bekannt ist. Diese elegante Stola ist ein umwerfendes Accessoire, das nat\u00fcrliche Sch\u00f6nheit mit zeitloser Raffinesse verbindet. Perfekt f\u00fcr anspruchsvolle Frauen, die echte Pelzmode suchen, die Exklusivit\u00e4t und [&hellip;]<\/p>\n","protected":false},"featured_media":55023,"comment_status":"closed","ping_status":"closed","template":"","meta":{"_acf_changed":false},"product_brand":[],"product_cat":[1198,1197,1203],"product_tag":[],"class_list":{"0":"post-41628","1":"product","2":"type-product","3":"status-publish","4":"has-post-thumbnail","6":"product_cat-damen-accessoires","7":"product_cat-frauen","8":"product_cat-frauen-stolen","10":"first","11":"instock","12":"taxable","13":"shipping-taxable","14":"purchasable","15":"product-type-variable","16":"wvs-archive-product-wrapper"},"acf":{"backoffice_id":"","old_wordpress_id":3039},"_links":{"self":[{"href":"https:\/\/askiofashion.com\/de\/wp-json\/wp\/v2\/product\/41628","targetHints":{"allow":["GET"]}}],"collection":[{"href":"https:\/\/askiofashion.com\/de\/wp-json\/wp\/v2\/product"}],"about":[{"href":"https:\/\/askiofashion.com\/de\/wp-json\/wp\/v2\/types\/product"}],"replies":[{"embeddable":true,"href":"https:\/\/askiofashion.com\/de\/wp-json\/wp\/v2\/comments?post=41628"}],"wp:featuredmedia":[{"embeddable":true,"href":"https:\/\/askiofashion.com\/de\/wp-json\/wp\/v2\/media\/55023"}],"wp:attachment":[{"href":"https:\/\/askiofashion.com\/de\/wp-json\/wp\/v2\/media?parent=41628"}],"wp:term":[{"taxonomy":"product_brand","embeddable":true,"href":"https:\/\/askiofashion.com\/de\/wp-json\/wp\/v2\/product_brand?post=41628"},{"taxonomy":"product_cat","embeddable":true,"href":"https:\/\/askiofashion.com\/de\/wp-json\/wp\/v2\/product_cat?post=41628"},{"taxonomy":"product_tag","embeddable":true,"href":"https:\/\/askiofashion.com\/de\/wp-json\/wp\/v2\/product_tag?post=41628"}],"curies":[{"name":"wp","href":"https:\/\/api.w.org\/{rel}","templated":true}]}}