{"id":41621,"date":"2019-08-31T14:18:42","date_gmt":"2019-08-31T13:18:42","guid":{"rendered":"https:\/\/askiofashion.atsquare.gr\/produkt\/unkategorisiert\/orange-silber-fuchsfell-pelzweste\/"},"modified":"2025-08-07T16:25:14","modified_gmt":"2025-08-07T15:25:14","slug":"orange-silber-fuchsfell-pelzweste","status":"publish","type":"product","link":"https:\/\/askiofashion.com\/de\/product\/frauen\/frauenwesten\/orange-silber-fuchsfell-pelzweste\/","title":{"rendered":"Vibrierende Orange Arzante Fuchs Pelz Weste - Echtes Naturfell Statement"},"content":{"rendered":"<div class=\"text-base my-auto mx-auto py-5 [--thread-content-margin:--spacing(4)] @[37rem]:[--thread-content-margin:--spacing(6)] @[72rem]:[--thread-content-margin:--spacing(16)] px-(--thread-content-margin)\">\n<div class=\"[--thread-content-max-width:32rem] @[34rem]:[--thread-content-max-width:40rem] @[64rem]:[--thread-content-max-width:48rem] mx-auto flex max-w-(--thread-content-max-width) flex-1 text-base gap-4 md:gap-5 lg:gap-6 group\/turn-messages focus-visible:outline-hidden\">\n<div class=\"group\/conversation-turn relative flex w-full min-w-0 flex-col agent-turn\">\n<div class=\"relative flex-col gap-1 md:gap-3\">\n<div class=\"flex max-w-full flex-col grow\">\n<div class=\"min-h-8 text-message relative flex w-full flex-col items-end gap-2 text-start break-words whitespace-normal [.text-message+&amp;]:mt-5\" dir=\"auto\" data-message-author-role=\"assistant\" data-message-id=\"6e0204e6-60a2-4c66-839f-0a7fc1a35195\" data-message-model-slug=\"gpt-4-1-mini\">\n<div class=\"flex w-full flex-col gap-1 empty:hidden first:pt-[3px]\">\n<div class=\"markdown prose dark:prose-invert w-full break-words dark\">\n<p data-start=\"138\" data-end=\"467\">Setzen Sie ein mutiges Modestatement mit der Arzante Fuchsfellweste in leuchtendem Orange. Sie ist aus 100% echtem Arzante-Fuchsfell gefertigt, das f\u00fcr seine satte Farbe und pl\u00fcschige Textur bekannt ist. Diese Weste in auff\u00e4lligem Orange ist perfekt f\u00fcr anspruchsvolle Kunden, die Authentizit\u00e4t und einen unverwechselbaren Look suchen, der sich durch zeitlose Eleganz auszeichnet. <\/p>\n<p data-start=\"469\" data-end=\"764\">Die Weste wurde mit fachm\u00e4nnischer Handwerkskunst entworfen und bietet atmungsaktive W\u00e4rme und ein leichtes Tragegef\u00fchl. Sie eignet sich ideal zum \u00dcberziehen in den \u00dcbergangsjahreszeiten oder als herausragendes St\u00fcck in Ihrer Wintergarderobe. Die nat\u00fcrlichen Pelzfasern sorgen f\u00fcr dauerhafte Weichheit und Strapazierf\u00e4higkeit und verbinden m\u00fchelos Stil und Komfort. <\/p>\n<p data-start=\"766\" data-end=\"1020\">Perfekt f\u00fcr alle, die echte Pelzmode mit einzigartigem Flair zu sch\u00e4tzen wissen. Die Vibrant Orange Arzante Fuchsfellweste bietet un\u00fcbertroffene Qualit\u00e4t und Exklusivit\u00e4t. Erg\u00e4nzen Sie Ihre Kollektion mit diesem au\u00dfergew\u00f6hnlichen St\u00fcck und lassen Sie sich von dem luxuri\u00f6sen Charme echten Naturpelzes verzaubern. <\/p>\n<\/div>\n<\/div>\n<\/div>\n<\/div>\n<\/div>\n<\/div>\n<\/div>\n<\/div>\n","protected":false},"excerpt":{"rendered":"<p>Setzen Sie ein mutiges Modestatement mit der Arzante Fuchsfellweste in leuchtendem Orange. Sie ist aus 100% echtem Arzante-Fuchsfell gefertigt, das f\u00fcr seine satte Farbe und pl\u00fcschige Textur bekannt ist. Diese Weste in auff\u00e4lligem Orange ist perfekt f\u00fcr anspruchsvolle Kunden, die Authentizit\u00e4t und einen unverwechselbaren Look suchen, der sich durch zeitlose Eleganz auszeichnet. Die Weste wurde [&hellip;]<\/p>\n","protected":false},"featured_media":55265,"comment_status":"closed","ping_status":"closed","template":"","meta":{"_acf_changed":false},"product_brand":[],"product_cat":[1197,1226],"product_tag":[],"class_list":{"0":"post-41621","1":"product","2":"type-product","3":"status-publish","4":"has-post-thumbnail","6":"product_cat-frauen","7":"product_cat-frauenwesten","9":"first","10":"instock","11":"taxable","12":"shipping-taxable","13":"purchasable","14":"product-type-variable","15":"wvs-archive-product-wrapper"},"acf":{"backoffice_id":"","old_wordpress_id":3003},"_links":{"self":[{"href":"https:\/\/askiofashion.com\/de\/wp-json\/wp\/v2\/product\/41621","targetHints":{"allow":["GET"]}}],"collection":[{"href":"https:\/\/askiofashion.com\/de\/wp-json\/wp\/v2\/product"}],"about":[{"href":"https:\/\/askiofashion.com\/de\/wp-json\/wp\/v2\/types\/product"}],"replies":[{"embeddable":true,"href":"https:\/\/askiofashion.com\/de\/wp-json\/wp\/v2\/comments?post=41621"}],"wp:featuredmedia":[{"embeddable":true,"href":"https:\/\/askiofashion.com\/de\/wp-json\/wp\/v2\/media\/55265"}],"wp:attachment":[{"href":"https:\/\/askiofashion.com\/de\/wp-json\/wp\/v2\/media?parent=41621"}],"wp:term":[{"taxonomy":"product_brand","embeddable":true,"href":"https:\/\/askiofashion.com\/de\/wp-json\/wp\/v2\/product_brand?post=41621"},{"taxonomy":"product_cat","embeddable":true,"href":"https:\/\/askiofashion.com\/de\/wp-json\/wp\/v2\/product_cat?post=41621"},{"taxonomy":"product_tag","embeddable":true,"href":"https:\/\/askiofashion.com\/de\/wp-json\/wp\/v2\/product_tag?post=41621"}],"curies":[{"name":"wp","href":"https:\/\/api.w.org\/{rel}","templated":true}]}}