{"id":41605,"date":"2019-08-31T15:06:37","date_gmt":"2019-08-31T14:06:37","guid":{"rendered":"https:\/\/askiofashion.atsquare.gr\/produkt\/unkategorisiert\/samt-nerz-pelzjacke-mit-reissverschluss-2\/"},"modified":"2024-12-08T17:10:34","modified_gmt":"2024-12-08T16:10:34","slug":"samt-nerz-pelzjacke-mit-reissverschluss-2","status":"publish","type":"product","link":"https:\/\/askiofashion.com\/de\/product\/frauen\/damenjacken\/samt-nerz-pelzjacke-mit-reissverschluss-2\/","title":{"rendered":"Samt Nerz Pelzjacke mit Reissverschluss"},"content":{"rendered":"<p>&nbsp;<\/p>\n<ul>\n<li>Hergestellt aus echtem Pelz, bezogen aus zertifizierten Europ\u00e4ischen Auktion.<\/li>\n<li>Hergestellt in Griechenland von Askio Fashion<\/li>\n<\/ul>\n<p>&nbsp;<\/p>\n<ul>\n<li>Material: Naturelle Samt Nerz<\/li>\n<li>Innen Stoff:Satin<\/li>\n<\/ul>\n<p>&nbsp;<\/p>\n<ul>\n<li>Massanfertigung<\/li>\n<li><\/li>\n<li>Masse des Models: K\u00f6rpergr\u00f6sse 1,78cm - Brust 89cm - Taille 62cm\u00a0 - H\u00fcfte 90cm<\/li>\n<li><\/li>\n<li>Masse der Nerzjacke: Gr\u00f6sse 42\u00a0 L\u00e4nge 57cm - Brust 95cm<\/li>\n<li><\/li>\n<li>F\u00fcr XXL und XXXL Gr\u00f6ssen, erh\u00f6ht sich der Preis um 10% bzw. 20%<\/li>\n<\/ul>\n","protected":false},"excerpt":{"rendered":"<p>&nbsp; Hergestellt aus echtem Pelz, bezogen aus zertifizierten Europ\u00e4ischen Auktion. Hergestellt in Griechenland von Askio Fashion &nbsp; Material: Naturelle Samt Nerz Innen Stoff:Satin &nbsp; Massanfertigung Masse des Models: K\u00f6rpergr\u00f6sse 1,78cm - Brust 89cm - Taille 62cm\u00a0 - H\u00fcfte 90cm Masse der Nerzjacke: Gr\u00f6sse 42\u00a0 L\u00e4nge 57cm - Brust 95cm F\u00fcr XXL und XXXL Gr\u00f6ssen, erh\u00f6ht [&hellip;]<\/p>\n","protected":false},"featured_media":55225,"comment_status":"closed","ping_status":"closed","template":"","meta":{"_acf_changed":false},"product_brand":[],"product_cat":[1209,1197],"product_tag":[],"class_list":{"0":"post-41605","1":"product","2":"type-product","3":"status-publish","4":"has-post-thumbnail","6":"product_cat-damenjacken","7":"product_cat-frauen","9":"first","10":"instock","11":"taxable","12":"shipping-taxable","13":"purchasable","14":"product-type-variable","15":"wvs-archive-product-wrapper"},"acf":{"backoffice_id":"","old_wordpress_id":2987},"_links":{"self":[{"href":"https:\/\/askiofashion.com\/de\/wp-json\/wp\/v2\/product\/41605","targetHints":{"allow":["GET"]}}],"collection":[{"href":"https:\/\/askiofashion.com\/de\/wp-json\/wp\/v2\/product"}],"about":[{"href":"https:\/\/askiofashion.com\/de\/wp-json\/wp\/v2\/types\/product"}],"replies":[{"embeddable":true,"href":"https:\/\/askiofashion.com\/de\/wp-json\/wp\/v2\/comments?post=41605"}],"wp:featuredmedia":[{"embeddable":true,"href":"https:\/\/askiofashion.com\/de\/wp-json\/wp\/v2\/media\/55225"}],"wp:attachment":[{"href":"https:\/\/askiofashion.com\/de\/wp-json\/wp\/v2\/media?parent=41605"}],"wp:term":[{"taxonomy":"product_brand","embeddable":true,"href":"https:\/\/askiofashion.com\/de\/wp-json\/wp\/v2\/product_brand?post=41605"},{"taxonomy":"product_cat","embeddable":true,"href":"https:\/\/askiofashion.com\/de\/wp-json\/wp\/v2\/product_cat?post=41605"},{"taxonomy":"product_tag","embeddable":true,"href":"https:\/\/askiofashion.com\/de\/wp-json\/wp\/v2\/product_tag?post=41605"}],"curies":[{"name":"wp","href":"https:\/\/api.w.org\/{rel}","templated":true}]}}