{"id":41597,"date":"2019-09-01T12:26:24","date_gmt":"2019-09-01T11:26:24","guid":{"rendered":"https:\/\/askiofashion.atsquare.gr\/produkt\/unkategorisiert\/bob-cat-pelzweste-mit-leder-und-shadowfuchs-fellkragen\/"},"modified":"2025-08-07T16:25:59","modified_gmt":"2025-08-07T15:25:59","slug":"bob-cat-pelzweste-mit-leder-und-shadowfuchs-fellkragen","status":"publish","type":"product","link":"https:\/\/askiofashion.com\/de\/product\/frauen\/frauenwesten\/bob-cat-pelzweste-mit-leder-und-shadowfuchs-fellkragen\/","title":{"rendered":"Raffinierte Bobcat Fellweste mit Pl\u00fcsch-Fuchs-Kragen - Premium Naturpelz Design"},"content":{"rendered":"<p data-start=\"150\" data-end=\"540\">Werten Sie Ihre Oberbekleidungskollektion mit der Refined Bobcat Fur Vest auf, die mit einem pl\u00fcschigen Fuchspelzkragen ausgestattet ist. Diese Weste aus 100% echtem Bobcat-Pelz bietet au\u00dfergew\u00f6hnliche W\u00e4rme und eine unverwechselbare Textur, die durch den weichen, luxuri\u00f6sen Fuchskragen perfekt erg\u00e4nzt wird, der Tiefe und Raffinesse verleiht. Ideal f\u00fcr alle, die echtes Pelzhandwerk und zeitlosen Stil zu sch\u00e4tzen wissen.  <\/p>\n<p data-start=\"542\" data-end=\"880\">Die fachm\u00e4nnisch f\u00fcr Komfort und Haltbarkeit geschneiderte Weste bietet atmungsaktive Isolierung und sorgt gleichzeitig f\u00fcr eine schmeichelhafte Silhouette. Die nat\u00fcrlichen Pelzfasern sorgen f\u00fcr anhaltende Weichheit und W\u00e4rme, so dass dieses St\u00fcck sowohl f\u00fcr legere als auch f\u00fcr elegante Anl\u00e4sse geeignet ist. Die auff\u00e4llige Kombination aus Rotluchs- und Fuchspelz sorgt f\u00fcr ein k\u00fchnes und doch raffiniertes Statement.  <\/p>\n<p data-start=\"882\" data-end=\"1155\">Die Refined Bobcat Fur Vest mit Pl\u00fcschfuchs-Kragen wurde f\u00fcr anspruchsvolle Kunden entworfen, die Authentizit\u00e4t und Exklusivit\u00e4t verlangen. Erg\u00e4nzen Sie Ihre Garderobe mit dieser exquisiten Weste und erleben Sie die perfekte Verschmelzung von Luxus und wildem Charme. <\/p>\n","protected":false},"excerpt":{"rendered":"<p>Werten Sie Ihre Oberbekleidungskollektion mit der Refined Bobcat Fur Vest auf, die mit einem pl\u00fcschigen Fuchspelzkragen ausgestattet ist. Diese Weste aus 100% echtem Bobcat-Pelz bietet au\u00dfergew\u00f6hnliche W\u00e4rme und eine unverwechselbare Textur, die durch den weichen, luxuri\u00f6sen Fuchskragen perfekt erg\u00e4nzt wird, der Tiefe und Raffinesse verleiht. Ideal f\u00fcr alle, die echtes Pelzhandwerk und zeitlosen Stil zu [&hellip;]<\/p>\n","protected":false},"featured_media":55201,"comment_status":"closed","ping_status":"closed","template":"","meta":{"_acf_changed":false},"product_brand":[],"product_cat":[1197,1226],"product_tag":[],"class_list":{"0":"post-41597","1":"product","2":"type-product","3":"status-publish","4":"has-post-thumbnail","6":"product_cat-frauen","7":"product_cat-frauenwesten","9":"first","10":"instock","11":"taxable","12":"shipping-taxable","13":"purchasable","14":"product-type-variable","15":"wvs-archive-product-wrapper"},"acf":{"backoffice_id":"","old_wordpress_id":2979},"_links":{"self":[{"href":"https:\/\/askiofashion.com\/de\/wp-json\/wp\/v2\/product\/41597","targetHints":{"allow":["GET"]}}],"collection":[{"href":"https:\/\/askiofashion.com\/de\/wp-json\/wp\/v2\/product"}],"about":[{"href":"https:\/\/askiofashion.com\/de\/wp-json\/wp\/v2\/types\/product"}],"replies":[{"embeddable":true,"href":"https:\/\/askiofashion.com\/de\/wp-json\/wp\/v2\/comments?post=41597"}],"wp:featuredmedia":[{"embeddable":true,"href":"https:\/\/askiofashion.com\/de\/wp-json\/wp\/v2\/media\/55201"}],"wp:attachment":[{"href":"https:\/\/askiofashion.com\/de\/wp-json\/wp\/v2\/media?parent=41597"}],"wp:term":[{"taxonomy":"product_brand","embeddable":true,"href":"https:\/\/askiofashion.com\/de\/wp-json\/wp\/v2\/product_brand?post=41597"},{"taxonomy":"product_cat","embeddable":true,"href":"https:\/\/askiofashion.com\/de\/wp-json\/wp\/v2\/product_cat?post=41597"},{"taxonomy":"product_tag","embeddable":true,"href":"https:\/\/askiofashion.com\/de\/wp-json\/wp\/v2\/product_tag?post=41597"}],"curies":[{"name":"wp","href":"https:\/\/api.w.org\/{rel}","templated":true}]}}