{"id":41589,"date":"2019-09-01T12:58:36","date_gmt":"2019-09-01T11:58:36","guid":{"rendered":"https:\/\/askiofashion.atsquare.gr\/produkt\/unkategorisiert\/natural-marten-pelzweste-mit-zobelkragen\/"},"modified":"2025-08-07T16:26:14","modified_gmt":"2025-08-07T15:26:14","slug":"natural-marten-pelzweste-mit-zobelkragen","status":"publish","type":"product","link":"https:\/\/askiofashion.com\/de\/product\/frauen\/damen-accessoires\/frauenkragen\/natural-marten-pelzweste-mit-zobelkragen\/","title":{"rendered":"Schicke Russian Marten Fellweste mit Zobelkragen - Authentische Luxus Oberbekleidung"},"content":{"rendered":"<p data-start=\"150\" data-end=\"586\">Erh\u00f6hen Sie Ihren Stil mit der Chic Russian Marten Fur Vest mit einem pr\u00e4chtigen Zobelkragen, der aus 100% echtem Pelz gefertigt ist. Diese exquisite Weste kombiniert die geschmeidige Textur von russischem Marderpelz mit der pl\u00fcschigen Eleganz von Zobel und schafft so eine harmonische Mischung aus nat\u00fcrlicher Sch\u00f6nheit und raffiniertem Luxus. Diese Weste wurde f\u00fcr anspruchsvolle Personen entworfen, die Authentizit\u00e4t und hochwertige Handwerkskunst zu sch\u00e4tzen wissen, und setzt ein k\u00fchnes und zugleich raffiniertes Statement.  <\/p>\n<p data-start=\"588\" data-end=\"976\">Die sorgf\u00e4ltig auf W\u00e4rme und Komfort zugeschnittene Weste bietet atmungsaktive Isolierung und dauerhafte Strapazierf\u00e4higkeit und ist damit ideal f\u00fcr die k\u00e4lteren Jahreszeiten. Der luxuri\u00f6se Zobelkragen verleiht ihr einen unverwechselbaren Hauch von Weichheit und einen visuellen Kontrast, der die Attraktivit\u00e4t des Kleidungsst\u00fccks insgesamt steigert. Es eignet sich sowohl f\u00fcr legere als auch f\u00fcr formelle Anl\u00e4sse und f\u00fcgt sich nahtlos in jede hochwertige Garderobe ein.  <\/p>\n<p data-start=\"978\" data-end=\"1250\">F\u00fcr alle, die auf der Suche nach echter Pelzmode sind, die Eleganz mit Exklusivit\u00e4t verbindet, bietet die Chic Russian Marten Pelzweste mit Zobelkragen un\u00fcbertroffene Qualit\u00e4t, Stil und nat\u00fcrlichen Charme. Erg\u00e4nzen Sie Ihre Kollektion mit diesem zeitlosen St\u00fcck und erleben Sie den Inbegriff von Pelzmode. <\/p>\n<p>&nbsp;<\/p>\n","protected":false},"excerpt":{"rendered":"<p>Erh\u00f6hen Sie Ihren Stil mit der Chic Russian Marten Fur Vest mit einem pr\u00e4chtigen Zobelkragen, der aus 100% echtem Pelz gefertigt ist. Diese exquisite Weste kombiniert die geschmeidige Textur von russischem Marderpelz mit der pl\u00fcschigen Eleganz von Zobel und schafft so eine harmonische Mischung aus nat\u00fcrlicher Sch\u00f6nheit und raffiniertem Luxus. Diese Weste wurde f\u00fcr anspruchsvolle [&hellip;]<\/p>\n","protected":false},"featured_media":55171,"comment_status":"closed","ping_status":"closed","template":"","meta":{"_acf_changed":false},"product_brand":[],"product_cat":[1198,1197,1199],"product_tag":[],"class_list":{"0":"post-41589","1":"product","2":"type-product","3":"status-publish","4":"has-post-thumbnail","6":"product_cat-damen-accessoires","7":"product_cat-frauen","8":"product_cat-frauenkragen","10":"first","11":"instock","12":"taxable","13":"shipping-taxable","14":"purchasable","15":"product-type-variable","16":"wvs-archive-product-wrapper"},"acf":{"backoffice_id":"","old_wordpress_id":2971},"_links":{"self":[{"href":"https:\/\/askiofashion.com\/de\/wp-json\/wp\/v2\/product\/41589","targetHints":{"allow":["GET"]}}],"collection":[{"href":"https:\/\/askiofashion.com\/de\/wp-json\/wp\/v2\/product"}],"about":[{"href":"https:\/\/askiofashion.com\/de\/wp-json\/wp\/v2\/types\/product"}],"replies":[{"embeddable":true,"href":"https:\/\/askiofashion.com\/de\/wp-json\/wp\/v2\/comments?post=41589"}],"wp:featuredmedia":[{"embeddable":true,"href":"https:\/\/askiofashion.com\/de\/wp-json\/wp\/v2\/media\/55171"}],"wp:attachment":[{"href":"https:\/\/askiofashion.com\/de\/wp-json\/wp\/v2\/media?parent=41589"}],"wp:term":[{"taxonomy":"product_brand","embeddable":true,"href":"https:\/\/askiofashion.com\/de\/wp-json\/wp\/v2\/product_brand?post=41589"},{"taxonomy":"product_cat","embeddable":true,"href":"https:\/\/askiofashion.com\/de\/wp-json\/wp\/v2\/product_cat?post=41589"},{"taxonomy":"product_tag","embeddable":true,"href":"https:\/\/askiofashion.com\/de\/wp-json\/wp\/v2\/product_tag?post=41589"}],"curies":[{"name":"wp","href":"https:\/\/api.w.org\/{rel}","templated":true}]}}