{"id":41566,"date":"2019-09-01T15:04:31","date_gmt":"2019-09-01T14:04:31","guid":{"rendered":"https:\/\/askiofashion.atsquare.gr\/produkt\/unkategorisiert\/silber-fuchsfell-pelzstola\/"},"modified":"2025-08-07T16:25:39","modified_gmt":"2025-08-07T15:25:39","slug":"silber-fuchsfell-pelzstola","status":"publish","type":"product","link":"https:\/\/askiofashion.com\/de\/product\/frauen\/frauen-umhaenge\/silber-fuchsfell-pelzstola\/","title":{"rendered":"Zeitlos eleganter Arzante Fuchspelz Umhang - Wildes authentisches Fell Eleganz"},"content":{"rendered":"<div class=\"text-base my-auto mx-auto py-5 [--thread-content-margin:--spacing(4)] @[37rem]:[--thread-content-margin:--spacing(6)] @[72rem]:[--thread-content-margin:--spacing(16)] px-(--thread-content-margin)\">\n<div class=\"[--thread-content-max-width:32rem] @[34rem]:[--thread-content-max-width:40rem] @[64rem]:[--thread-content-max-width:48rem] mx-auto flex max-w-(--thread-content-max-width) flex-1 text-base gap-4 md:gap-5 lg:gap-6 group\/turn-messages focus-visible:outline-hidden\">\n<div class=\"group\/conversation-turn relative flex w-full min-w-0 flex-col agent-turn\">\n<div class=\"relative flex-col gap-1 md:gap-3\">\n<div class=\"flex max-w-full flex-col grow\">\n<div class=\"min-h-8 text-message relative flex w-full flex-col items-end gap-2 text-start break-words whitespace-normal [.text-message+&amp;]:mt-5\" dir=\"auto\" data-message-author-role=\"assistant\" data-message-id=\"6866579e-2fc4-4169-9116-5f59ef745a32\" data-message-model-slug=\"gpt-4-1-mini\">\n<div class=\"flex w-full flex-col gap-1 empty:hidden first:pt-[3px]\">\n<div class=\"markdown prose dark:prose-invert w-full break-words dark\">\n<p data-start=\"142\" data-end=\"570\">Erh\u00f6hen Sie Ihre Garderobe mit dem zeitlos eleganten Arzante Fuchspelz-Umhang, der aus 100% echtem Arzante-Fuchspelz gefertigt ist, der f\u00fcr seine nat\u00fcrliche Sch\u00f6nheit und luxuri\u00f6se Weichheit bekannt ist. Dieser exquisite Umhang bietet eine perfekte Mischung aus wilder Authentizit\u00e4t und raffinierter Eleganz und ist damit ein unverzichtbares St\u00fcck f\u00fcr alle, die erstklassige Echtpelz-Handwerkskunst zu sch\u00e4tzen wissen. Seine pl\u00fcschige Textur und anmutige Silhouette verleihen jedem Ensemble zeitlose Raffinesse.  <\/p>\n<p data-start=\"572\" data-end=\"944\">Der sorgf\u00e4ltig ausgew\u00e4hlte und fachm\u00e4nnisch hergestellte Arzante Fuchspelz bietet atmungsaktive W\u00e4rme und sorgt f\u00fcr Komfort zu allen Jahreszeiten. Das einzigartige Fellmuster des Umhangs verleiht ihm einen exklusiven Hauch von nat\u00fcrlichem Charme und unterstreicht die hervorragende Qualit\u00e4t und die Liebe zum Detail. Dieses Cape aus echtem Pelz ist ideal f\u00fcr besondere Anl\u00e4sse oder f\u00fcr den stilvollen Alltag und verwandelt Ihren Look mit m\u00fcheloser Anmut.  <\/p>\n<p data-start=\"946\" data-end=\"1246\">Der zeitlos elegante Arzante Fuchspelzumhang wurde f\u00fcr anspruchsvolle Pelzliebhaber entworfen, die authentischen Luxus suchen. Er bietet dauerhaften Stil, W\u00e4rme und nat\u00fcrliche Eleganz. Ob f\u00fcr den pers\u00f6nlichen Genuss oder als durchdachtes Geschenk, er bietet un\u00fcbertroffenen Komfort und wilde Raffinesse, die den Test der Zeit \u00fcberdauert. <\/p>\n<\/div>\n<\/div>\n<\/div>\n<\/div>\n<\/div>\n<\/div>\n<\/div>\n<\/div>\n","protected":false},"excerpt":{"rendered":"<p>Erh\u00f6hen Sie Ihre Garderobe mit dem zeitlos eleganten Arzante Fuchspelz-Umhang, der aus 100% echtem Arzante-Fuchspelz gefertigt ist, der f\u00fcr seine nat\u00fcrliche Sch\u00f6nheit und luxuri\u00f6se Weichheit bekannt ist. Dieser exquisite Umhang bietet eine perfekte Mischung aus wilder Authentizit\u00e4t und raffinierter Eleganz und ist damit ein unverzichtbares St\u00fcck f\u00fcr alle, die erstklassige Echtpelz-Handwerkskunst zu sch\u00e4tzen wissen. Seine [&hellip;]<\/p>\n","protected":false},"featured_media":54997,"comment_status":"closed","ping_status":"closed","template":"","meta":{"_acf_changed":false},"product_brand":[],"product_cat":[1197,1205],"product_tag":[],"class_list":{"0":"post-41566","1":"product","2":"type-product","3":"status-publish","4":"has-post-thumbnail","6":"product_cat-frauen","7":"product_cat-frauen-umhaenge","9":"first","10":"instock","11":"sale","12":"taxable","13":"shipping-taxable","14":"purchasable","15":"product-type-variable","16":"wvs-archive-product-wrapper"},"acf":{"backoffice_id":"","old_wordpress_id":2940},"_links":{"self":[{"href":"https:\/\/askiofashion.com\/de\/wp-json\/wp\/v2\/product\/41566","targetHints":{"allow":["GET"]}}],"collection":[{"href":"https:\/\/askiofashion.com\/de\/wp-json\/wp\/v2\/product"}],"about":[{"href":"https:\/\/askiofashion.com\/de\/wp-json\/wp\/v2\/types\/product"}],"replies":[{"embeddable":true,"href":"https:\/\/askiofashion.com\/de\/wp-json\/wp\/v2\/comments?post=41566"}],"wp:featuredmedia":[{"embeddable":true,"href":"https:\/\/askiofashion.com\/de\/wp-json\/wp\/v2\/media\/54997"}],"wp:attachment":[{"href":"https:\/\/askiofashion.com\/de\/wp-json\/wp\/v2\/media?parent=41566"}],"wp:term":[{"taxonomy":"product_brand","embeddable":true,"href":"https:\/\/askiofashion.com\/de\/wp-json\/wp\/v2\/product_brand?post=41566"},{"taxonomy":"product_cat","embeddable":true,"href":"https:\/\/askiofashion.com\/de\/wp-json\/wp\/v2\/product_cat?post=41566"},{"taxonomy":"product_tag","embeddable":true,"href":"https:\/\/askiofashion.com\/de\/wp-json\/wp\/v2\/product_tag?post=41566"}],"curies":[{"name":"wp","href":"https:\/\/api.w.org\/{rel}","templated":true}]}}