{"id":41558,"date":"2019-09-01T15:14:33","date_gmt":"2019-09-01T14:14:33","guid":{"rendered":"https:\/\/askiofashion.atsquare.gr\/produkt\/unkategorisiert\/natural-blaufuchs-pelzweste\/"},"modified":"2025-08-07T16:25:49","modified_gmt":"2025-08-07T15:25:49","slug":"natural-blaufuchs-pelzweste","status":"publish","type":"product","link":"https:\/\/askiofashion.com\/de\/product\/frauen\/frauenwesten\/natural-blaufuchs-pelzweste\/","title":{"rendered":"Authentic Natural Fox Fur Vest - Premium Echtpelz Oberbekleidung"},"content":{"rendered":"<div class=\"text-base my-auto mx-auto py-5 [--thread-content-margin:--spacing(4)] @[37rem]:[--thread-content-margin:--spacing(6)] @[72rem]:[--thread-content-margin:--spacing(16)] px-(--thread-content-margin)\">\n<div class=\"[--thread-content-max-width:32rem] @[34rem]:[--thread-content-max-width:40rem] @[64rem]:[--thread-content-max-width:48rem] mx-auto flex max-w-(--thread-content-max-width) flex-1 text-base gap-4 md:gap-5 lg:gap-6 group\/turn-messages focus-visible:outline-hidden\">\n<div class=\"group\/conversation-turn relative flex w-full min-w-0 flex-col agent-turn\">\n<div class=\"relative flex-col gap-1 md:gap-3\">\n<div class=\"flex max-w-full flex-col grow\">\n<div class=\"min-h-8 text-message relative flex w-full flex-col items-end gap-2 text-start break-words whitespace-normal [.text-message+&amp;]:mt-5\" dir=\"auto\" data-message-author-role=\"assistant\" data-message-id=\"ca74d6a4-b18e-41fb-abff-5e4bdf6650a4\" data-message-model-slug=\"gpt-4-1-mini\">\n<div class=\"flex w-full flex-col gap-1 empty:hidden first:pt-[3px]\">\n<div class=\"markdown prose dark:prose-invert w-full break-words dark\">\n<p data-start=\"130\" data-end=\"507\">Werten Sie Ihre Garderobe mit der Authentic Natural Fox Fur Vest auf. Sie ist aus 100% hochwertigem, echtem Fuchspelz gefertigt, der f\u00fcr seine au\u00dfergew\u00f6hnliche Weichheit und luxuri\u00f6se Textur bekannt ist. Diese Weste bietet nat\u00fcrliche W\u00e4rme und stilvolle Vielseitigkeit, was sie zu einem idealen Kleidungsst\u00fcck f\u00fcr alle macht, die echte Pelzmode und zeitlose Eleganz sch\u00e4tzen. Perfekt, um jedem Outfit einen wilden und doch raffinierten Touch zu verleihen.<\/p>\n<p data-start=\"509\" data-end=\"909\">Diese Weste aus echtem Fuchspelz, die aus ethischen Quellen stammt und sorgf\u00e4ltig entworfen wurde, verf\u00fcgt \u00fcber eine atmungsaktive Isolierung, die Sie kuschelig warm h\u00e4lt und Ihnen den ganzen Tag \u00fcber Komfort bietet. Sein pl\u00fcschiger Pelz und die fachm\u00e4nnische Verarbeitung sorgen f\u00fcr Langlebigkeit und dauerhafte Sch\u00f6nheit und machen ihn zu einem Highlight f\u00fcr anspruchsvolle Garderoben. Egal, ob Sie diese Weste \u00fcber legerer oder formeller Kleidung tragen, sie unterstreicht Ihren Stil mit nat\u00fcrlicher Raffinesse.<\/p>\n<p data-start=\"911\" data-end=\"1187\">Die Authentic Natural Fox Fur Vest ist ideal f\u00fcr Pelzliebhaber, die auf der Suche nach authentischer, hochwertiger Oberbekleidung sind. Sie bietet unvergleichlichen Komfort, Eleganz und einen echten Pelz. Perfekt f\u00fcr den pers\u00f6nlichen Genuss oder zum Verschenken, bringt es ein luxuri\u00f6ses Element von wildem Charme in Ihre Sammlung.<\/p>\n<\/div>\n<\/div>\n<\/div>\n<\/div>\n<\/div>\n<\/div>\n<\/div>\n<\/div>\n","protected":false},"excerpt":{"rendered":"<p>Werten Sie Ihre Garderobe mit der Authentic Natural Fox Fur Vest auf. Sie ist aus 100% hochwertigem, echtem Fuchspelz gefertigt, der f\u00fcr seine au\u00dfergew\u00f6hnliche Weichheit und luxuri\u00f6se Textur bekannt ist. Diese Weste bietet nat\u00fcrliche W\u00e4rme und stilvolle Vielseitigkeit, was sie zu einem idealen Kleidungsst\u00fcck f\u00fcr alle macht, die echte Pelzmode und zeitlose Eleganz sch\u00e4tzen. Perfekt, [&hellip;]<\/p>\n","protected":false},"featured_media":54953,"comment_status":"closed","ping_status":"closed","template":"","meta":{"_acf_changed":false},"product_brand":[],"product_cat":[1197,1226],"product_tag":[],"class_list":{"0":"post-41558","1":"product","2":"type-product","3":"status-publish","4":"has-post-thumbnail","6":"product_cat-frauen","7":"product_cat-frauenwesten","9":"first","10":"instock","11":"taxable","12":"shipping-taxable","13":"purchasable","14":"product-type-variable","15":"wvs-archive-product-wrapper"},"acf":{"backoffice_id":"","old_wordpress_id":2931},"_links":{"self":[{"href":"https:\/\/askiofashion.com\/de\/wp-json\/wp\/v2\/product\/41558","targetHints":{"allow":["GET"]}}],"collection":[{"href":"https:\/\/askiofashion.com\/de\/wp-json\/wp\/v2\/product"}],"about":[{"href":"https:\/\/askiofashion.com\/de\/wp-json\/wp\/v2\/types\/product"}],"replies":[{"embeddable":true,"href":"https:\/\/askiofashion.com\/de\/wp-json\/wp\/v2\/comments?post=41558"}],"wp:featuredmedia":[{"embeddable":true,"href":"https:\/\/askiofashion.com\/de\/wp-json\/wp\/v2\/media\/54953"}],"wp:attachment":[{"href":"https:\/\/askiofashion.com\/de\/wp-json\/wp\/v2\/media?parent=41558"}],"wp:term":[{"taxonomy":"product_brand","embeddable":true,"href":"https:\/\/askiofashion.com\/de\/wp-json\/wp\/v2\/product_brand?post=41558"},{"taxonomy":"product_cat","embeddable":true,"href":"https:\/\/askiofashion.com\/de\/wp-json\/wp\/v2\/product_cat?post=41558"},{"taxonomy":"product_tag","embeddable":true,"href":"https:\/\/askiofashion.com\/de\/wp-json\/wp\/v2\/product_tag?post=41558"}],"curies":[{"name":"wp","href":"https:\/\/api.w.org\/{rel}","templated":true}]}}