{"id":41520,"date":"2019-08-30T15:46:05","date_gmt":"2019-08-30T14:46:05","guid":{"rendered":"https:\/\/askiofashion.atsquare.gr\/produkt\/unkategorisiert\/silber-fuchsfell-pelzjacke-mit-schwarzen-samt-nerz-aermeln\/"},"modified":"2025-08-07T16:26:04","modified_gmt":"2025-08-07T15:26:04","slug":"silber-fuchsfell-pelzjacke-mit-schwarzen-samt-nerz-aermeln","status":"publish","type":"product","link":"https:\/\/askiofashion.com\/de\/product\/frauen\/damenjacken\/silber-fuchsfell-pelzjacke-mit-schwarzen-samt-nerz-aermeln\/","title":{"rendered":"Arzante Fuchs Pelz Jacke mit Schwarzem Schafsnerz \u00c4rmel - Raffinierter Kontrast"},"content":{"rendered":"<div class=\"text-base my-auto mx-auto py-5 [--thread-content-margin:--spacing(4)] @[37rem]:[--thread-content-margin:--spacing(6)] @[72rem]:[--thread-content-margin:--spacing(16)] px-(--thread-content-margin)\">\n<div class=\"[--thread-content-max-width:32rem] @[34rem]:[--thread-content-max-width:40rem] @[64rem]:[--thread-content-max-width:48rem] mx-auto flex max-w-(--thread-content-max-width) flex-1 text-base gap-4 md:gap-5 lg:gap-6 group\/turn-messages focus-visible:outline-hidden\">\n<div class=\"group\/conversation-turn relative flex w-full min-w-0 flex-col agent-turn\">\n<div class=\"relative flex-col gap-1 md:gap-3\">\n<div class=\"flex max-w-full flex-col grow\">\n<div class=\"min-h-8 text-message relative flex w-full flex-col items-end gap-2 text-start break-words whitespace-normal [.text-message+&amp;]:mt-5\" dir=\"auto\" data-message-author-role=\"assistant\" data-message-id=\"0f143a84-b66b-468a-94cb-aeb02bdd93a6\" data-message-model-slug=\"gpt-4-1-mini\">\n<div class=\"flex w-full flex-col gap-1 empty:hidden first:pt-[3px]\">\n<div class=\"markdown prose dark:prose-invert w-full break-words dark\">\n<p data-start=\"150\" data-end=\"443\">Erh\u00f6hen Sie Ihre Garderobe mit der Arzante Fuchsfelljacke, die fachm\u00e4nnisch aus 100% echtem Arzante-Fuchsfell in Kombination mit luxuri\u00f6sen schwarzen, geschorenen Nerz\u00e4rmeln gefertigt wurde. Dieser auff\u00e4llige Kontrast von Texturen bietet eine raffinierte Mischung aus Weichheit und Geschmeidigkeit, die ein k\u00fchnes und doch raffiniertes Statement-St\u00fcck schafft. <\/p>\n<p data-start=\"445\" data-end=\"729\">Die Jacke ist sowohl w\u00e4rmend als auch stilvoll und bietet eine atmungsaktive Isolierung und eine schmeichelhafte Passform. Sie ist ideal f\u00fcr alle, die authentische Pelzverarbeitung und unverwechselbares Design sch\u00e4tzen. Die schwarzen Nerz\u00e4rmel verleihen der Jacke Tiefe und Eleganz und unterstreichen die nat\u00fcrliche Sch\u00f6nheit des Fuchspelzes. <\/p>\n<p data-start=\"731\" data-end=\"1015\">Die Arzante Fuchsfelljacke mit \u00c4rmeln aus schwarzem Schafsnerz ist perfekt f\u00fcr anspruchsvolle Kunden, die Premiumqualit\u00e4t und zeitlosen Luxus suchen. Sie kombiniert exquisite Materialien mit tadelloser Schneiderkunst. Erg\u00e4nzen Sie Ihre Kollektion mit dieser einzigartigen Jacke, die sich durch einen dauerhaften Stil und einen authentischen Echtpelz auszeichnet. <\/p>\n<\/div>\n<\/div>\n<\/div>\n<\/div>\n<\/div>\n<\/div>\n<\/div>\n<\/div>\n<p>&nbsp;<\/p>\n","protected":false},"excerpt":{"rendered":"<p>Erh\u00f6hen Sie Ihre Garderobe mit der Arzante Fuchsfelljacke, die fachm\u00e4nnisch aus 100% echtem Arzante-Fuchsfell in Kombination mit luxuri\u00f6sen schwarzen, geschorenen Nerz\u00e4rmeln gefertigt wurde. Dieser auff\u00e4llige Kontrast von Texturen bietet eine raffinierte Mischung aus Weichheit und Geschmeidigkeit, die ein k\u00fchnes und doch raffiniertes Statement-St\u00fcck schafft. Die Jacke ist sowohl w\u00e4rmend als auch stilvoll und bietet eine [&hellip;]<\/p>\n","protected":false},"featured_media":55788,"comment_status":"closed","ping_status":"closed","template":"","meta":{"_acf_changed":false},"product_brand":[],"product_cat":[1209,1197],"product_tag":[],"class_list":{"0":"post-41520","1":"product","2":"type-product","3":"status-publish","4":"has-post-thumbnail","6":"product_cat-damenjacken","7":"product_cat-frauen","9":"first","10":"instock","11":"taxable","12":"shipping-taxable","13":"purchasable","14":"product-type-variable","15":"wvs-archive-product-wrapper"},"acf":{"backoffice_id":"","old_wordpress_id":2881},"_links":{"self":[{"href":"https:\/\/askiofashion.com\/de\/wp-json\/wp\/v2\/product\/41520","targetHints":{"allow":["GET"]}}],"collection":[{"href":"https:\/\/askiofashion.com\/de\/wp-json\/wp\/v2\/product"}],"about":[{"href":"https:\/\/askiofashion.com\/de\/wp-json\/wp\/v2\/types\/product"}],"replies":[{"embeddable":true,"href":"https:\/\/askiofashion.com\/de\/wp-json\/wp\/v2\/comments?post=41520"}],"wp:featuredmedia":[{"embeddable":true,"href":"https:\/\/askiofashion.com\/de\/wp-json\/wp\/v2\/media\/55788"}],"wp:attachment":[{"href":"https:\/\/askiofashion.com\/de\/wp-json\/wp\/v2\/media?parent=41520"}],"wp:term":[{"taxonomy":"product_brand","embeddable":true,"href":"https:\/\/askiofashion.com\/de\/wp-json\/wp\/v2\/product_brand?post=41520"},{"taxonomy":"product_cat","embeddable":true,"href":"https:\/\/askiofashion.com\/de\/wp-json\/wp\/v2\/product_cat?post=41520"},{"taxonomy":"product_tag","embeddable":true,"href":"https:\/\/askiofashion.com\/de\/wp-json\/wp\/v2\/product_tag?post=41520"}],"curies":[{"name":"wp","href":"https:\/\/api.w.org\/{rel}","templated":true}]}}