{"id":41500,"date":"2019-08-30T17:22:54","date_gmt":"2019-08-30T16:22:54","guid":{"rendered":"https:\/\/askiofashion.atsquare.gr\/produkt\/unkategorisiert\/schwarze-samt-nerz-pelzjacke-mit-schwarzem-nerzkragen\/"},"modified":"2025-08-07T16:26:27","modified_gmt":"2025-08-07T15:26:27","slug":"schwarze-samt-nerz-pelzjacke-mit-schwarzem-nerzkragen","status":"publish","type":"product","link":"https:\/\/askiofashion.com\/de\/product\/frauen\/damenjacken\/schwarze-samt-nerz-pelzjacke-mit-schwarzem-nerzkragen\/","title":{"rendered":"Schwarze Samt-Nerzpelz-Jacke - \u00dcppige Echtpelz-Eleganz"},"content":{"rendered":"<div class=\"text-base my-auto mx-auto py-5 [--thread-content-margin:--spacing(4)] @[37rem]:[--thread-content-margin:--spacing(6)] @[72rem]:[--thread-content-margin:--spacing(16)] px-(--thread-content-margin)\">\n<div class=\"[--thread-content-max-width:32rem] @[34rem]:[--thread-content-max-width:40rem] @[64rem]:[--thread-content-max-width:48rem] mx-auto flex max-w-(--thread-content-max-width) flex-1 text-base gap-4 md:gap-5 lg:gap-6 group\/turn-messages focus-visible:outline-hidden\">\n<div class=\"group\/conversation-turn relative flex w-full min-w-0 flex-col agent-turn\">\n<div class=\"relative flex-col gap-1 md:gap-3\">\n<div class=\"flex max-w-full flex-col grow\">\n<div class=\"min-h-8 text-message relative flex w-full flex-col items-end gap-2 text-start break-words whitespace-normal [.text-message+&amp;]:mt-5\" dir=\"auto\" data-message-author-role=\"assistant\" data-message-id=\"bf746b9b-e304-4184-9825-30107632b676\" data-message-model-slug=\"gpt-4-1-mini\">\n<div class=\"flex w-full flex-col gap-1 empty:hidden first:pt-[3px]\">\n<div class=\"markdown prose dark:prose-invert w-full break-words dark\">\n<p data-start=\"129\" data-end=\"430\">G\u00f6nnen Sie sich Luxus mit der Black Velvet Mink Fur Jacket. Sie ist aus 100% echtem Nerzpelz gefertigt, der f\u00fcr seine ultraweiche Samttextur und seinen tiefschwarzen Glanz bekannt ist. Diese Jacke bietet au\u00dfergew\u00f6hnliche W\u00e4rme und eine raffinierte Silhouette, perfekt f\u00fcr diejenigen, die zeitlose Eleganz in authentischer Echtpelz-Oberbekleidung suchen. <\/p>\n<p data-start=\"432\" data-end=\"702\">Die sorgf\u00e4ltig auf eine schmeichelhafte Passform zugeschnittene Jacke kombiniert pl\u00fcschigen Komfort mit Strapazierf\u00e4higkeit und eignet sich daher sowohl f\u00fcr formelle Anl\u00e4sse als auch f\u00fcr den stilvollen Alltag. Das reiche Samt-Finish verleiht einen Hauch von Opulenz und wertet Ihre Garderobe mit einem raffinierten, klassischen St\u00fcck auf. <\/p>\n<p data-start=\"704\" data-end=\"952\">Die Black Velvet Mink Fur Jacket ist ideal f\u00fcr anspruchsvolle Kunden, die Wert auf erstklassige Handwerkskunst und echte Pelzqualit\u00e4t legen. Sie verk\u00f6rpert die perfekte Balance zwischen Luxus und Zweckm\u00e4\u00dfigkeit. Erg\u00e4nzen Sie Ihre Kollektion mit dieser exquisiten Jacke und genie\u00dfen Sie dauerhaften Stil. <\/p>\n<p data-start=\"704\" data-end=\"952\">\n<\/div>\n<\/div>\n<\/div>\n<\/div>\n<\/div>\n<\/div>\n<\/div>\n<\/div>\n","protected":false},"excerpt":{"rendered":"<p>G\u00f6nnen Sie sich Luxus mit der Black Velvet Mink Fur Jacket. Sie ist aus 100% echtem Nerzpelz gefertigt, der f\u00fcr seine ultraweiche Samttextur und seinen tiefschwarzen Glanz bekannt ist. Diese Jacke bietet au\u00dfergew\u00f6hnliche W\u00e4rme und eine raffinierte Silhouette, perfekt f\u00fcr diejenigen, die zeitlose Eleganz in authentischer Echtpelz-Oberbekleidung suchen. Die sorgf\u00e4ltig auf eine schmeichelhafte Passform zugeschnittene [&hellip;]<\/p>\n","protected":false},"featured_media":55708,"comment_status":"closed","ping_status":"closed","template":"","meta":{"_acf_changed":false},"product_brand":[],"product_cat":[1209,1197],"product_tag":[],"class_list":{"0":"post-41500","1":"product","2":"type-product","3":"status-publish","4":"has-post-thumbnail","6":"product_cat-damenjacken","7":"product_cat-frauen","9":"first","10":"instock","11":"taxable","12":"shipping-taxable","13":"purchasable","14":"product-type-variable","15":"wvs-archive-product-wrapper"},"acf":{"backoffice_id":"","old_wordpress_id":2857},"_links":{"self":[{"href":"https:\/\/askiofashion.com\/de\/wp-json\/wp\/v2\/product\/41500","targetHints":{"allow":["GET"]}}],"collection":[{"href":"https:\/\/askiofashion.com\/de\/wp-json\/wp\/v2\/product"}],"about":[{"href":"https:\/\/askiofashion.com\/de\/wp-json\/wp\/v2\/types\/product"}],"replies":[{"embeddable":true,"href":"https:\/\/askiofashion.com\/de\/wp-json\/wp\/v2\/comments?post=41500"}],"wp:featuredmedia":[{"embeddable":true,"href":"https:\/\/askiofashion.com\/de\/wp-json\/wp\/v2\/media\/55708"}],"wp:attachment":[{"href":"https:\/\/askiofashion.com\/de\/wp-json\/wp\/v2\/media?parent=41500"}],"wp:term":[{"taxonomy":"product_brand","embeddable":true,"href":"https:\/\/askiofashion.com\/de\/wp-json\/wp\/v2\/product_brand?post=41500"},{"taxonomy":"product_cat","embeddable":true,"href":"https:\/\/askiofashion.com\/de\/wp-json\/wp\/v2\/product_cat?post=41500"},{"taxonomy":"product_tag","embeddable":true,"href":"https:\/\/askiofashion.com\/de\/wp-json\/wp\/v2\/product_tag?post=41500"}],"curies":[{"name":"wp","href":"https:\/\/api.w.org\/{rel}","templated":true}]}}