{"id":41492,"date":"2019-08-30T18:38:22","date_gmt":"2019-08-30T17:38:22","guid":{"rendered":"https:\/\/askiofashion.atsquare.gr\/produkt\/unkategorisiert\/schwarzer-samt-nerz-pelzmantel\/"},"modified":"2025-08-07T16:26:21","modified_gmt":"2025-08-07T15:26:21","slug":"schwarzer-samt-nerz-pelzmantel","status":"publish","type":"product","link":"https:\/\/askiofashion.com\/de\/product\/frauen\/frauenmaentel\/schwarzer-samt-nerz-pelzmantel\/","title":{"rendered":"Schwarzer Mantel aus geschorenem Nerzpelz - Eleganter Luxus in echtem Pelz"},"content":{"rendered":"<div class=\"text-base my-auto mx-auto py-5 [--thread-content-margin:--spacing(4)] @[37rem]:[--thread-content-margin:--spacing(6)] @[72rem]:[--thread-content-margin:--spacing(16)] px-(--thread-content-margin)\">\n<div class=\"[--thread-content-max-width:32rem] @[34rem]:[--thread-content-max-width:40rem] @[64rem]:[--thread-content-max-width:48rem] mx-auto flex max-w-(--thread-content-max-width) flex-1 text-base gap-4 md:gap-5 lg:gap-6 group\/turn-messages focus-visible:outline-hidden\">\n<div class=\"group\/conversation-turn relative flex w-full min-w-0 flex-col agent-turn\">\n<div class=\"relative flex-col gap-1 md:gap-3\">\n<div class=\"flex max-w-full flex-col grow\">\n<div class=\"min-h-8 text-message relative flex w-full flex-col items-end gap-2 text-start break-words whitespace-normal [.text-message+&amp;]:mt-5\" dir=\"auto\" data-message-author-role=\"assistant\" data-message-id=\"abde4017-e217-4589-910b-336fd5c24c79\" data-message-model-slug=\"gpt-4o\">\n<div class=\"flex w-full flex-col gap-1 empty:hidden first:pt-[3px]\">\n<div class=\"markdown prose dark:prose-invert w-full break-words dark\">\n<p data-start=\"128\" data-end=\"402\">Erleben Sie elegante Raffinesse mit dem Black Sheared Mink Fur Coat, der aus 100% echtem Nerzpelz f\u00fcr ein glattes, samtiges Finish gefertigt ist. Die geschorene Textur unterstreicht die raffinierte Silhouette des Mantels und bietet leichte W\u00e4rme und schlichte Eleganz f\u00fcr die anspruchsvolle Tr\u00e4gerin. <\/p>\n<p data-start=\"404\" data-end=\"644\">Dieser vielseitige und stilvolle Mantel l\u00e4sst sich m\u00fchelos mit formellen und legeren Ensembles kombinieren. Der tiefschwarze Farbton und der dezente Glanz machen ihn zu einem zeitlosen Kleidungsst\u00fcck, w\u00e4hrend der taillierte Schnitt f\u00fcr eine schmeichelhafte, bequeme Passform sorgt. <\/p>\n<p data-start=\"646\" data-end=\"894\">Der schwarze Mantel aus geschorenem Nerzpelz ist perfekt f\u00fcr alle, die authentische Pelzkunst und modernen Luxus sch\u00e4tzen. Er bietet dauerhafte Qualit\u00e4t und stillen Glamour. Erg\u00e4nzen Sie Ihre Kollektion mit diesem raffinierten St\u00fcck und genie\u00dfen Sie die Eleganz von Echtpelz in jeder Saison. <\/p>\n<\/div>\n<\/div>\n<\/div>\n<\/div>\n<\/div>\n<\/div>\n<\/div>\n<\/div>\n","protected":false},"excerpt":{"rendered":"<p>Erleben Sie elegante Raffinesse mit dem Black Sheared Mink Fur Coat, der aus 100% echtem Nerzpelz f\u00fcr ein glattes, samtiges Finish gefertigt ist. Die geschorene Textur unterstreicht die raffinierte Silhouette des Mantels und bietet leichte W\u00e4rme und schlichte Eleganz f\u00fcr die anspruchsvolle Tr\u00e4gerin. Dieser vielseitige und stilvolle Mantel l\u00e4sst sich m\u00fchelos mit formellen und legeren [&hellip;]<\/p>\n","protected":false},"featured_media":55664,"comment_status":"closed","ping_status":"closed","template":"","meta":{"_acf_changed":false},"product_brand":[],"product_cat":[1197,1206],"product_tag":[],"class_list":{"0":"post-41492","1":"product","2":"type-product","3":"status-publish","4":"has-post-thumbnail","6":"product_cat-frauen","7":"product_cat-frauenmaentel","9":"first","10":"instock","11":"taxable","12":"shipping-taxable","13":"purchasable","14":"product-type-variable","15":"wvs-archive-product-wrapper"},"acf":{"backoffice_id":"","old_wordpress_id":2849},"_links":{"self":[{"href":"https:\/\/askiofashion.com\/de\/wp-json\/wp\/v2\/product\/41492","targetHints":{"allow":["GET"]}}],"collection":[{"href":"https:\/\/askiofashion.com\/de\/wp-json\/wp\/v2\/product"}],"about":[{"href":"https:\/\/askiofashion.com\/de\/wp-json\/wp\/v2\/types\/product"}],"replies":[{"embeddable":true,"href":"https:\/\/askiofashion.com\/de\/wp-json\/wp\/v2\/comments?post=41492"}],"wp:featuredmedia":[{"embeddable":true,"href":"https:\/\/askiofashion.com\/de\/wp-json\/wp\/v2\/media\/55664"}],"wp:attachment":[{"href":"https:\/\/askiofashion.com\/de\/wp-json\/wp\/v2\/media?parent=41492"}],"wp:term":[{"taxonomy":"product_brand","embeddable":true,"href":"https:\/\/askiofashion.com\/de\/wp-json\/wp\/v2\/product_brand?post=41492"},{"taxonomy":"product_cat","embeddable":true,"href":"https:\/\/askiofashion.com\/de\/wp-json\/wp\/v2\/product_cat?post=41492"},{"taxonomy":"product_tag","embeddable":true,"href":"https:\/\/askiofashion.com\/de\/wp-json\/wp\/v2\/product_tag?post=41492"}],"curies":[{"name":"wp","href":"https:\/\/api.w.org\/{rel}","templated":true}]}}