{"id":41461,"date":"2019-08-31T09:23:50","date_gmt":"2019-08-31T08:23:50","guid":{"rendered":"https:\/\/askiofashion.atsquare.gr\/produkt\/unkategorisiert\/dunkelblauer-parka-mit-innenfutter-samt-nerz\/"},"modified":"2025-08-07T16:25:38","modified_gmt":"2025-08-07T15:25:38","slug":"dunkelblauer-parka-mit-innenfutter-samt-nerz","status":"publish","type":"product","link":"https:\/\/askiofashion.com\/de\/product\/frauen\/damenjacken\/dunkelblauer-parka-mit-innenfutter-samt-nerz\/","title":{"rendered":"Tiefblauer Parka mit samtigem Nerzpelz-Futter - Authentische Luxus-W\u00e4rme"},"content":{"rendered":"<div class=\"text-base my-auto mx-auto py-5 [--thread-content-margin:--spacing(4)] @[37rem]:[--thread-content-margin:--spacing(6)] @[72rem]:[--thread-content-margin:--spacing(16)] px-(--thread-content-margin)\">\n<div class=\"[--thread-content-max-width:32rem] @[34rem]:[--thread-content-max-width:40rem] @[64rem]:[--thread-content-max-width:48rem] mx-auto flex max-w-(--thread-content-max-width) flex-1 text-base gap-4 md:gap-5 lg:gap-6 group\/turn-messages focus-visible:outline-hidden\">\n<div class=\"group\/conversation-turn relative flex w-full min-w-0 flex-col agent-turn\">\n<div class=\"relative flex-col gap-1 md:gap-3\">\n<div class=\"flex max-w-full flex-col grow\">\n<div class=\"min-h-8 text-message relative flex w-full flex-col items-end gap-2 text-start break-words whitespace-normal [.text-message+&amp;]:mt-5\" dir=\"auto\" data-message-author-role=\"assistant\" data-message-id=\"75ebc8b6-41b5-435f-afb8-1ce00dc01024\" data-message-model-slug=\"gpt-4-1-mini\">\n<div class=\"flex w-full flex-col gap-1 empty:hidden first:pt-[3px]\">\n<div class=\"markdown prose dark:prose-invert w-full break-words dark\">\n<p data-start=\"140\" data-end=\"410\">Erleben Sie \u00fcberlegene W\u00e4rme und raffinierten Stil mit dem Deep Blue Parka, gef\u00fcttert mit 100% echtem Samt-Nerzpelz. Dieser Parka verbindet ein sattes blaues \u00c4u\u00dferes mit der pl\u00fcschigen Weichheit von echtem Nerzfell und bietet au\u00dfergew\u00f6hnliche Isolierung und luxuri\u00f6sen Komfort bei kaltem Wetter. <\/p>\n<p data-start=\"412\" data-end=\"695\">Das elegante Design wurde fachm\u00e4nnisch f\u00fcr Langlebigkeit und atmungsaktive W\u00e4rme gefertigt und sorgt f\u00fcr eine schmeichelhafte Passform, die sich sowohl f\u00fcr urbane Umgebungen als auch f\u00fcr Outdoor-Abenteuer eignet. Das Samtfutter aus Nerz verleiht diesem praktischen Mantel einen raffinierten Touch und macht ihn zu einem eleganten Statement aus echtem Pelz. <\/p>\n<p data-start=\"697\" data-end=\"932\">Der Deep Blue Parka with Velvet Mink Fur Lining ist ideal f\u00fcr anspruchsvolle Kunden, die hochwertige Oberbekleidung suchen. Er kombiniert authentische Handwerkskunst mit zeitloser Mode. Erg\u00e4nzen Sie Ihre Kollektion mit diesem unverzichtbaren St\u00fcck f\u00fcr dauerhafte W\u00e4rme und Stil. <\/p>\n<\/div>\n<\/div>\n<\/div>\n<\/div>\n<\/div>\n<\/div>\n<\/div>\n<\/div>\n","protected":false},"excerpt":{"rendered":"<p>Erleben Sie \u00fcberlegene W\u00e4rme und raffinierten Stil mit dem Deep Blue Parka, gef\u00fcttert mit 100% echtem Samt-Nerzpelz. Dieser Parka verbindet ein sattes blaues \u00c4u\u00dferes mit der pl\u00fcschigen Weichheit von echtem Nerzfell und bietet au\u00dfergew\u00f6hnliche Isolierung und luxuri\u00f6sen Komfort bei kaltem Wetter. Das elegante Design wurde fachm\u00e4nnisch f\u00fcr Langlebigkeit und atmungsaktive W\u00e4rme gefertigt und sorgt f\u00fcr [&hellip;]<\/p>\n","protected":false},"featured_media":55508,"comment_status":"closed","ping_status":"closed","template":"","meta":{"_acf_changed":false},"product_brand":[],"product_cat":[1209,1197],"product_tag":[],"class_list":{"0":"post-41461","1":"product","2":"type-product","3":"status-publish","4":"has-post-thumbnail","6":"product_cat-damenjacken","7":"product_cat-frauen","9":"first","10":"instock","11":"taxable","12":"shipping-taxable","13":"purchasable","14":"product-type-variable","15":"wvs-archive-product-wrapper"},"acf":{"backoffice_id":"","old_wordpress_id":2809},"_links":{"self":[{"href":"https:\/\/askiofashion.com\/de\/wp-json\/wp\/v2\/product\/41461","targetHints":{"allow":["GET"]}}],"collection":[{"href":"https:\/\/askiofashion.com\/de\/wp-json\/wp\/v2\/product"}],"about":[{"href":"https:\/\/askiofashion.com\/de\/wp-json\/wp\/v2\/types\/product"}],"replies":[{"embeddable":true,"href":"https:\/\/askiofashion.com\/de\/wp-json\/wp\/v2\/comments?post=41461"}],"wp:featuredmedia":[{"embeddable":true,"href":"https:\/\/askiofashion.com\/de\/wp-json\/wp\/v2\/media\/55508"}],"wp:attachment":[{"href":"https:\/\/askiofashion.com\/de\/wp-json\/wp\/v2\/media?parent=41461"}],"wp:term":[{"taxonomy":"product_brand","embeddable":true,"href":"https:\/\/askiofashion.com\/de\/wp-json\/wp\/v2\/product_brand?post=41461"},{"taxonomy":"product_cat","embeddable":true,"href":"https:\/\/askiofashion.com\/de\/wp-json\/wp\/v2\/product_cat?post=41461"},{"taxonomy":"product_tag","embeddable":true,"href":"https:\/\/askiofashion.com\/de\/wp-json\/wp\/v2\/product_tag?post=41461"}],"curies":[{"name":"wp","href":"https:\/\/api.w.org\/{rel}","templated":true}]}}