{"id":41457,"date":"2019-08-31T09:34:31","date_gmt":"2019-08-31T08:34:31","guid":{"rendered":"https:\/\/askiofashion.atsquare.gr\/produkt\/unkategorisiert\/hellblaue-winterjacke\/"},"modified":"2025-08-07T16:25:31","modified_gmt":"2025-08-07T15:25:31","slug":"hellblaue-winterjacke","status":"publish","type":"product","link":"https:\/\/askiofashion.com\/de\/product\/frauen\/damenjacken\/hellblaue-winterjacke\/","title":{"rendered":"Weicher blauer Parka mit wei\u00dfem Samt-Nerzpelz - Premium-Naturfell-W\u00e4rme"},"content":{"rendered":"<p data-start=\"146\" data-end=\"436\">Erh\u00f6hen Sie Ihren Stil bei kaltem Wetter mit dem Soft Blue Parka, der mit einem luxuri\u00f6sen Futter aus 100% echtem wei\u00dfem Samtnerzpelz ausgestattet ist. Dieser exquisite Parka verbindet ein ruhiges himmelblaues \u00c4u\u00dferes mit der pl\u00fcschigen Weichheit und W\u00e4rme von echtem Nerzpelz und bietet sowohl Komfort als auch anspruchsvolle Eleganz. <\/p>\n<p data-start=\"438\" data-end=\"728\">Der Mantel wurde f\u00fcr dauerhafte Haltbarkeit und atmungsaktive Isolierung fachm\u00e4nnisch gefertigt und bietet mit seinem schlanken Design vielseitige Styling-Optionen, die perfekt f\u00fcr die Stadt oder den Winterausflug sind. Das zarte Futter aus wei\u00dfem Nerzpelz verleiht dem Mantel einen Hauch von raffiniertem Luxus und sorgt daf\u00fcr, dass Sie es gem\u00fctlich haben, ohne auf Stil verzichten zu m\u00fcssen. <\/p>\n<p data-start=\"730\" data-end=\"1013\">Der Soft Blue Parka mit wei\u00dfem Samtnerzpelz ist ideal f\u00fcr anspruchsvolle Kunden, die hochwertige Oberbekleidung aus echtem Pelz mit unverwechselbaren Farben und hervorragender Handwerkskunst suchen. Er verspricht dauerhafte W\u00e4rme und zeitlose Mode. Erg\u00e4nzen Sie Ihre Kollektion mit diesem au\u00dfergew\u00f6hnlichen St\u00fcck und genie\u00dfen Sie Luxus, der lange anh\u00e4lt. <\/p>\n","protected":false},"excerpt":{"rendered":"<p>Erh\u00f6hen Sie Ihren Stil bei kaltem Wetter mit dem Soft Blue Parka, der mit einem luxuri\u00f6sen Futter aus 100% echtem wei\u00dfem Samtnerzpelz ausgestattet ist. Dieser exquisite Parka verbindet ein ruhiges himmelblaues \u00c4u\u00dferes mit der pl\u00fcschigen Weichheit und W\u00e4rme von echtem Nerzpelz und bietet sowohl Komfort als auch anspruchsvolle Eleganz. Der Mantel wurde f\u00fcr dauerhafte Haltbarkeit [&hellip;]<\/p>\n","protected":false},"featured_media":55494,"comment_status":"closed","ping_status":"closed","template":"","meta":{"_acf_changed":false},"product_brand":[],"product_cat":[1209,1197],"product_tag":[],"class_list":{"0":"post-41457","1":"product","2":"type-product","3":"status-publish","4":"has-post-thumbnail","6":"product_cat-damenjacken","7":"product_cat-frauen","9":"first","10":"instock","11":"taxable","12":"shipping-taxable","13":"purchasable","14":"product-type-variable","15":"wvs-archive-product-wrapper"},"acf":{"backoffice_id":"","old_wordpress_id":2801},"_links":{"self":[{"href":"https:\/\/askiofashion.com\/de\/wp-json\/wp\/v2\/product\/41457","targetHints":{"allow":["GET"]}}],"collection":[{"href":"https:\/\/askiofashion.com\/de\/wp-json\/wp\/v2\/product"}],"about":[{"href":"https:\/\/askiofashion.com\/de\/wp-json\/wp\/v2\/types\/product"}],"replies":[{"embeddable":true,"href":"https:\/\/askiofashion.com\/de\/wp-json\/wp\/v2\/comments?post=41457"}],"wp:featuredmedia":[{"embeddable":true,"href":"https:\/\/askiofashion.com\/de\/wp-json\/wp\/v2\/media\/55494"}],"wp:attachment":[{"href":"https:\/\/askiofashion.com\/de\/wp-json\/wp\/v2\/media?parent=41457"}],"wp:term":[{"taxonomy":"product_brand","embeddable":true,"href":"https:\/\/askiofashion.com\/de\/wp-json\/wp\/v2\/product_brand?post=41457"},{"taxonomy":"product_cat","embeddable":true,"href":"https:\/\/askiofashion.com\/de\/wp-json\/wp\/v2\/product_cat?post=41457"},{"taxonomy":"product_tag","embeddable":true,"href":"https:\/\/askiofashion.com\/de\/wp-json\/wp\/v2\/product_tag?post=41457"}],"curies":[{"name":"wp","href":"https:\/\/api.w.org\/{rel}","templated":true}]}}