{"id":41421,"date":"2019-08-31T11:09:48","date_gmt":"2019-08-31T10:09:48","guid":{"rendered":"https:\/\/askiofashion.atsquare.gr\/produkt\/unkategorisiert\/brauner-samt-nerz-pelzmantel\/"},"modified":"2025-08-07T16:25:25","modified_gmt":"2025-08-07T15:25:25","slug":"brauner-samt-nerz-pelzmantel","status":"publish","type":"product","link":"https:\/\/askiofashion.com\/de\/product\/frauen\/frauenmaentel\/brauner-samt-nerz-pelzmantel\/","title":{"rendered":"Brauner Samt-Nerzpelz-Mantel"},"content":{"rendered":"<ul>\n<li>Hergestellt aus 100 % echtem Pelz, der von zertifizierten europ\u00e4ischen Pelzauktionen stammt<\/li>\n<li>Hergestellt in Griechenland von Askio Fashion Pelze<\/li>\n<\/ul>\n<p>&nbsp;<\/p>\n<ul>\n<li>Schale oder \u00c4u\u00dferes: Brauner geschorener Nerz<\/li>\n<li>Innenfutter: Satin<\/li>\n<\/ul>\n<p>&nbsp;<\/p>\n<ul>\n<li>Das Model tr\u00e4gt Gr\u00f6\u00dfe: Gr\u00f6\u00dfe-1,73cm Brustumfang-89cm Taille-63cm H\u00fcfte-95cm<\/li>\n<li>Ma\u00dfanfertigung in jeder Gr\u00f6\u00dfe, wir akzeptieren Anpassungen<\/li>\n<\/ul>\n<p>&nbsp;<\/p>\n<ul>\n<li>F\u00fcr die Gr\u00f6\u00dfen XXL und XXXL ist der Preis des Mantels 10% und 20% h\u00f6her<\/li>\n<\/ul>\n<p>&nbsp;<\/p>\n<ul>\n<li>Ma\u00dfe ab Gr\u00f6\u00dfe:44\/14 US<\/li>\n<li>L\u00e4nge:128 cm\/50 Zoll B\u00fcste-98 cm\/38 in<\/li>\n<\/ul>\n","protected":false},"excerpt":{"rendered":"<p>Hergestellt aus 100 % echtem Pelz, der von zertifizierten europ\u00e4ischen Pelzauktionen stammt Hergestellt in Griechenland von Askio Fashion Pelze &nbsp; Schale oder \u00c4u\u00dferes: Brauner geschorener Nerz Innenfutter: Satin &nbsp; Das Model tr\u00e4gt Gr\u00f6\u00dfe: Gr\u00f6\u00dfe-1,73cm Brustumfang-89cm Taille-63cm H\u00fcfte-95cm Ma\u00dfanfertigung in jeder Gr\u00f6\u00dfe, wir akzeptieren Anpassungen &nbsp; F\u00fcr die Gr\u00f6\u00dfen XXL und XXXL ist der Preis des [&hellip;]<\/p>\n","protected":false},"featured_media":55359,"comment_status":"closed","ping_status":"closed","template":"","meta":{"_acf_changed":false},"product_brand":[],"product_cat":[1197,1206],"product_tag":[],"class_list":{"0":"post-41421","1":"product","2":"type-product","3":"status-publish","4":"has-post-thumbnail","6":"product_cat-frauen","7":"product_cat-frauenmaentel","9":"first","10":"instock","11":"taxable","12":"shipping-taxable","13":"purchasable","14":"product-type-variable","15":"wvs-archive-product-wrapper"},"acf":{"backoffice_id":"","old_wordpress_id":2755},"_links":{"self":[{"href":"https:\/\/askiofashion.com\/de\/wp-json\/wp\/v2\/product\/41421","targetHints":{"allow":["GET"]}}],"collection":[{"href":"https:\/\/askiofashion.com\/de\/wp-json\/wp\/v2\/product"}],"about":[{"href":"https:\/\/askiofashion.com\/de\/wp-json\/wp\/v2\/types\/product"}],"replies":[{"embeddable":true,"href":"https:\/\/askiofashion.com\/de\/wp-json\/wp\/v2\/comments?post=41421"}],"wp:featuredmedia":[{"embeddable":true,"href":"https:\/\/askiofashion.com\/de\/wp-json\/wp\/v2\/media\/55359"}],"wp:attachment":[{"href":"https:\/\/askiofashion.com\/de\/wp-json\/wp\/v2\/media?parent=41421"}],"wp:term":[{"taxonomy":"product_brand","embeddable":true,"href":"https:\/\/askiofashion.com\/de\/wp-json\/wp\/v2\/product_brand?post=41421"},{"taxonomy":"product_cat","embeddable":true,"href":"https:\/\/askiofashion.com\/de\/wp-json\/wp\/v2\/product_cat?post=41421"},{"taxonomy":"product_tag","embeddable":true,"href":"https:\/\/askiofashion.com\/de\/wp-json\/wp\/v2\/product_tag?post=41421"}],"curies":[{"name":"wp","href":"https:\/\/api.w.org\/{rel}","templated":true}]}}