{"id":41399,"date":"2019-08-31T13:33:54","date_gmt":"2019-08-31T12:33:54","guid":{"rendered":"https:\/\/askiofashion.atsquare.gr\/produkt\/unkategorisiert\/schwarzes-cape-mit-samtnerz-borduere-und-kragen\/"},"modified":"2025-08-07T16:25:59","modified_gmt":"2025-08-07T15:25:59","slug":"schwarzes-cape-mit-samtnerz-borduere-und-kragen","status":"publish","type":"product","link":"https:\/\/askiofashion.com\/de\/product\/frauen\/frauen-umhaenge\/schwarzes-cape-mit-samtnerz-borduere-und-kragen\/","title":{"rendered":"Eleganter schwarzer Umhang aus geschorenem Nerzpelz - Premium Echtpelz Oberbekleidung"},"content":{"rendered":"<article class=\"text-token-text-primary w-full\" dir=\"auto\" data-testid=\"conversation-turn-193\" data-scroll-anchor=\"false\"><\/article>\n<article class=\"text-token-text-primary w-full\" dir=\"auto\" data-testid=\"conversation-turn-194\" data-scroll-anchor=\"true\">\n<div class=\"text-base my-auto mx-auto py-5 [--thread-content-margin:--spacing(4)] @[37rem]:[--thread-content-margin:--spacing(6)] @[72rem]:[--thread-content-margin:--spacing(16)] px-(--thread-content-margin)\">\n<div class=\"[--thread-content-max-width:32rem] @[34rem]:[--thread-content-max-width:40rem] @[64rem]:[--thread-content-max-width:48rem] mx-auto flex max-w-(--thread-content-max-width) flex-1 text-base gap-4 md:gap-5 lg:gap-6 group\/turn-messages focus-visible:outline-hidden\">\n<div class=\"group\/conversation-turn relative flex w-full min-w-0 flex-col agent-turn\">\n<div class=\"relative flex-col gap-1 md:gap-3\">\n<div class=\"flex max-w-full flex-col grow\">\n<div class=\"min-h-8 text-message relative flex w-full flex-col items-end gap-2 text-start break-words whitespace-normal [.text-message+&amp;]:mt-5\" dir=\"auto\" data-message-author-role=\"assistant\" data-message-id=\"eff51b5a-994d-4524-850c-c7de6be866df\" data-message-model-slug=\"gpt-4-1-mini\">\n<div class=\"flex w-full flex-col gap-1 empty:hidden first:pt-[3px]\">\n<div class=\"markdown prose dark:prose-invert w-full break-words dark\">\n<p data-start=\"139\" data-end=\"470\">Erleben Sie zeitlose Eleganz mit dem Elegant Black Sheared Mink Fur Cape aus 100% echtem geschorenem Nerzpelz, der f\u00fcr seine weiche Textur und seinen luxuri\u00f6sen Glanz bekannt ist. Dieser Umhang bietet eine m\u00fchelos schicke Silhouette, die jedem Ensemble W\u00e4rme und Eleganz verleiht und ihn zu einer vielseitigen Erg\u00e4nzung Ihrer Oberbekleidungskollektion macht. <\/p>\n<p data-start=\"472\" data-end=\"773\">Sie ist auf Komfort und Langlebigkeit ausgelegt, bietet atmungsaktive Isolierung und dauerhafte Qualit\u00e4t und eignet sich perfekt, um sowohl legere als auch formelle Looks aufzuwerten. Der schlichte schwarze Farbton und das raffinierte Design sorgen f\u00fcr eine zeitlose Anziehungskraft und eignen sich f\u00fcr anspruchsvolle Kunden, die Authentizit\u00e4t und hochwertige Handwerkskunst sch\u00e4tzen. <\/p>\n<p data-start=\"775\" data-end=\"1038\">Der Elegant Black Sheared Mink Fur Cape ist ideal f\u00fcr alle, die authentische Oberbekleidung aus echtem Pelz suchen, die Stil und Funktion vereint. Er bietet unvergleichliche Eleganz und nat\u00fcrliche Sch\u00f6nheit. Erg\u00e4nzen Sie Ihre Garderobe mit diesem exquisiten St\u00fcck und genie\u00dfen Sie Saison f\u00fcr Saison dauerhaften Luxus. <\/p>\n<\/div>\n<\/div>\n<\/div>\n<\/div>\n<\/div>\n<\/div>\n<\/div>\n<\/div>\n<\/article>\n","protected":false},"excerpt":{"rendered":"<p>Erleben Sie zeitlose Eleganz mit dem Elegant Black Sheared Mink Fur Cape aus 100% echtem geschorenem Nerzpelz, der f\u00fcr seine weiche Textur und seinen luxuri\u00f6sen Glanz bekannt ist. Dieser Umhang bietet eine m\u00fchelos schicke Silhouette, die jedem Ensemble W\u00e4rme und Eleganz verleiht und ihn zu einer vielseitigen Erg\u00e4nzung Ihrer Oberbekleidungskollektion macht. Sie ist auf Komfort [&hellip;]<\/p>\n","protected":false},"featured_media":55289,"comment_status":"closed","ping_status":"closed","template":"","meta":{"_acf_changed":false},"product_brand":[],"product_cat":[1197,1205],"product_tag":[],"class_list":{"0":"post-41399","1":"product","2":"type-product","3":"status-publish","4":"has-post-thumbnail","6":"product_cat-frauen","7":"product_cat-frauen-umhaenge","9":"first","10":"instock","11":"taxable","12":"shipping-taxable","13":"purchasable","14":"product-type-variable","15":"wvs-archive-product-wrapper"},"acf":{"backoffice_id":"","old_wordpress_id":2722},"_links":{"self":[{"href":"https:\/\/askiofashion.com\/de\/wp-json\/wp\/v2\/product\/41399","targetHints":{"allow":["GET"]}}],"collection":[{"href":"https:\/\/askiofashion.com\/de\/wp-json\/wp\/v2\/product"}],"about":[{"href":"https:\/\/askiofashion.com\/de\/wp-json\/wp\/v2\/types\/product"}],"replies":[{"embeddable":true,"href":"https:\/\/askiofashion.com\/de\/wp-json\/wp\/v2\/comments?post=41399"}],"wp:featuredmedia":[{"embeddable":true,"href":"https:\/\/askiofashion.com\/de\/wp-json\/wp\/v2\/media\/55289"}],"wp:attachment":[{"href":"https:\/\/askiofashion.com\/de\/wp-json\/wp\/v2\/media?parent=41399"}],"wp:term":[{"taxonomy":"product_brand","embeddable":true,"href":"https:\/\/askiofashion.com\/de\/wp-json\/wp\/v2\/product_brand?post=41399"},{"taxonomy":"product_cat","embeddable":true,"href":"https:\/\/askiofashion.com\/de\/wp-json\/wp\/v2\/product_cat?post=41399"},{"taxonomy":"product_tag","embeddable":true,"href":"https:\/\/askiofashion.com\/de\/wp-json\/wp\/v2\/product_tag?post=41399"}],"curies":[{"name":"wp","href":"https:\/\/api.w.org\/{rel}","templated":true}]}}