{"id":41398,"date":"2019-08-31T14:11:02","date_gmt":"2019-08-31T13:11:02","guid":{"rendered":"https:\/\/askiofashion.atsquare.gr\/produkt\/unkategorisiert\/geschorene-fuchs-pelzjacke-mit-wollaermel\/"},"modified":"2025-08-07T16:25:20","modified_gmt":"2025-08-07T15:25:20","slug":"geschorene-fuchs-pelzjacke-mit-wollaermel","status":"publish","type":"product","link":"https:\/\/askiofashion.com\/de\/product\/frauen\/damenjacken\/geschorene-fuchs-pelzjacke-mit-wollaermel\/","title":{"rendered":"Raffiniert geschnittene Fuchspelz-Jacke mit Woll-\u00c4rmel-Akzenten - Zeitlos luxuri\u00f6ses Design"},"content":{"rendered":"<div class=\"text-base my-auto mx-auto py-5 [--thread-content-margin:--spacing(4)] @[37rem]:[--thread-content-margin:--spacing(6)] @[72rem]:[--thread-content-margin:--spacing(16)] px-(--thread-content-margin)\">\n<div class=\"[--thread-content-max-width:32rem] @[34rem]:[--thread-content-max-width:40rem] @[64rem]:[--thread-content-max-width:48rem] mx-auto flex max-w-(--thread-content-max-width) flex-1 text-base gap-4 md:gap-5 lg:gap-6 group\/turn-messages focus-visible:outline-hidden\">\n<div class=\"group\/conversation-turn relative flex w-full min-w-0 flex-col agent-turn\">\n<div class=\"relative flex-col gap-1 md:gap-3\">\n<div class=\"flex max-w-full flex-col grow\">\n<div class=\"min-h-8 text-message relative flex w-full flex-col items-end gap-2 text-start break-words whitespace-normal [.text-message+&amp;]:mt-5\" dir=\"auto\" data-message-author-role=\"assistant\" data-message-id=\"b13a4dce-1312-482e-86d6-b13923beb7a1\" data-message-model-slug=\"gpt-4-1-mini\">\n<div class=\"flex w-full flex-col gap-1 empty:hidden first:pt-[3px]\">\n<div class=\"markdown prose dark:prose-invert w-full break-words dark\">\n<p data-start=\"152\" data-end=\"551\">Werten Sie Ihre Oberbekleidungskollektion mit der Refined Hair Cut Fox Fur Jacket auf, die mit kuscheligen Woll\u00e4rmeln ausgestattet ist. Diese Jacke aus 100% echtem Fuchspelz bietet eine einzigartige Textur und au\u00dfergew\u00f6hnliche Weichheit, die perfekt durch die W\u00e4rme und den Komfort der hochwertigen Woll\u00e4rmel erg\u00e4nzt wird. Ideal f\u00fcr alle, die authentisches Pelzhandwerk in Kombination mit durchdachten Designdetails zu sch\u00e4tzen wissen.  <\/p>\n<p data-start=\"553\" data-end=\"891\">Diese sorgf\u00e4ltig geschneiderte Jacke bietet atmungsaktive Isolierung und dauerhafte Strapazierf\u00e4higkeit und schafft so den Spagat zwischen Luxus und Funktionalit\u00e4t. Die kontrastierenden \u00c4rmel aus Wolle sorgen f\u00fcr visuelles Interesse und einen modernen Touch und machen sie zu einem vielseitigen St\u00fcck f\u00fcr legere und raffinierte Anl\u00e4sse. Die zeitlose Silhouette sorgt f\u00fcr m\u00fchelosen Stil in jeder Saison.  <\/p>\n<p data-start=\"893\" data-end=\"1207\">F\u00fcr anspruchsvolle Kunden, die eine unverwechselbare Mischung aus nat\u00fcrlichen Materialien und anspruchsvollem Design suchen, bietet die Refined Hair Cut Fox Fur Jacket with Wool Sleeve Accents unvergleichliche Eleganz, Komfort und Exklusivit\u00e4t. Erg\u00e4nzen Sie Ihre Garderobe mit diesem au\u00dfergew\u00f6hnlichen St\u00fcck und erleben Sie authentischen Pelz-Luxus wie nie zuvor <\/p>\n<\/div>\n<\/div>\n<\/div>\n<\/div>\n<\/div>\n<\/div>\n<\/div>\n<\/div>\n","protected":false},"excerpt":{"rendered":"<p>Werten Sie Ihre Oberbekleidungskollektion mit der Refined Hair Cut Fox Fur Jacket auf, die mit kuscheligen Woll\u00e4rmeln ausgestattet ist. Diese Jacke aus 100% echtem Fuchspelz bietet eine einzigartige Textur und au\u00dfergew\u00f6hnliche Weichheit, die perfekt durch die W\u00e4rme und den Komfort der hochwertigen Woll\u00e4rmel erg\u00e4nzt wird. Ideal f\u00fcr alle, die authentisches Pelzhandwerk in Kombination mit durchdachten [&hellip;]<\/p>\n","protected":false},"featured_media":55277,"comment_status":"closed","ping_status":"closed","template":"","meta":{"_acf_changed":false},"product_brand":[],"product_cat":[1209,1197],"product_tag":[],"class_list":{"0":"post-41398","1":"product","2":"type-product","3":"status-publish","4":"has-post-thumbnail","6":"product_cat-damenjacken","7":"product_cat-frauen","9":"first","10":"instock","11":"taxable","12":"shipping-taxable","13":"purchasable","14":"product-type-variable","15":"wvs-archive-product-wrapper"},"acf":{"backoffice_id":"","old_wordpress_id":2721},"_links":{"self":[{"href":"https:\/\/askiofashion.com\/de\/wp-json\/wp\/v2\/product\/41398","targetHints":{"allow":["GET"]}}],"collection":[{"href":"https:\/\/askiofashion.com\/de\/wp-json\/wp\/v2\/product"}],"about":[{"href":"https:\/\/askiofashion.com\/de\/wp-json\/wp\/v2\/types\/product"}],"replies":[{"embeddable":true,"href":"https:\/\/askiofashion.com\/de\/wp-json\/wp\/v2\/comments?post=41398"}],"wp:featuredmedia":[{"embeddable":true,"href":"https:\/\/askiofashion.com\/de\/wp-json\/wp\/v2\/media\/55277"}],"wp:attachment":[{"href":"https:\/\/askiofashion.com\/de\/wp-json\/wp\/v2\/media?parent=41398"}],"wp:term":[{"taxonomy":"product_brand","embeddable":true,"href":"https:\/\/askiofashion.com\/de\/wp-json\/wp\/v2\/product_brand?post=41398"},{"taxonomy":"product_cat","embeddable":true,"href":"https:\/\/askiofashion.com\/de\/wp-json\/wp\/v2\/product_cat?post=41398"},{"taxonomy":"product_tag","embeddable":true,"href":"https:\/\/askiofashion.com\/de\/wp-json\/wp\/v2\/product_tag?post=41398"}],"curies":[{"name":"wp","href":"https:\/\/api.w.org\/{rel}","templated":true}]}}