{"id":41388,"date":"2019-09-01T12:40:00","date_gmt":"2019-09-01T11:40:00","guid":{"rendered":"https:\/\/askiofashion.atsquare.gr\/produkt\/unkategorisiert\/silber-fuchs-kapuze-pelzjacke-mit-samt-nerz-aermeln\/"},"modified":"2025-08-07T16:26:05","modified_gmt":"2025-08-07T15:26:05","slug":"silber-fuchs-kapuze-pelzjacke-mit-samt-nerz-aermeln","status":"publish","type":"product","link":"https:\/\/askiofashion.com\/de\/product\/frauen\/damenjacken\/silber-fuchs-kapuze-pelzjacke-mit-samt-nerz-aermeln\/","title":{"rendered":"Luxuri\u00f6se Arzante Fuchs Pelz Jacke mit Kapuze und schwarzen Nerz \u00c4rmeln - Unverwechselbare Pelz Handwerkskunst"},"content":{"rendered":"<p data-start=\"178\" data-end=\"624\">Erleben Sie die perfekte Verschmelzung von Luxus und Kunstfertigkeit mit der luxuri\u00f6sen Arzante Fuchsfelljacke mit Kapuze, die durch elegante schwarze Nerz\u00e4rmel erg\u00e4nzt wird. Gefertigt aus 100% echtem Arzante-Fuchsfell, verk\u00f6rpert diese Jacke unvergleichliche W\u00e4rme, Weichheit und nat\u00fcrliche Sch\u00f6nheit, w\u00e4hrend die kontrastierenden Nerz\u00e4rmel ihr einen modernen, raffinierten Touch verleihen. Die Kapuze sorgt f\u00fcr zus\u00e4tzlichen Komfort und Vielseitigkeit, so dass sie sich sowohl f\u00fcr legere Ausfl\u00fcge als auch f\u00fcr elegante Anl\u00e4sse eignet.  <\/p>\n<p data-start=\"626\" data-end=\"1030\">Jedes St\u00fcck ist sorgf\u00e4ltig geschneidert und zeichnet sich durch hervorragende Handwerkskunst aus. Es kombiniert die pl\u00fcschige Textur von Fuchspelz mit dem raffinierten Finish von geschorenem Nerz. Diese Jacke bietet atmungsaktive Isolierung und eine schmeichelhafte Silhouette, die f\u00fcr Komfort sorgt, ohne Kompromisse beim Stil einzugehen. Der k\u00fchne Kontrast der Materialien unterstreicht ein unverwechselbares Design f\u00fcr modebewusste Menschen, die Authentizit\u00e4t und Exklusivit\u00e4t verlangen.  <\/p>\n<p data-start=\"1032\" data-end=\"1303\">Die luxuri\u00f6se Arzante Fuchsfelljacke mit Kapuze und \u00c4rmeln aus schwarzem Schafsnerz ist perfekt f\u00fcr alle, die ein Kleidungsst\u00fcck aus echtem Pelz mit einzigartigem Flair und dauerhafter Qualit\u00e4t suchen. Sie ist ein Statement f\u00fcr raffinierte Eleganz und nat\u00fcrlichen Luxus. Peppen Sie Ihre Wintergarderobe mit diesem au\u00dfergew\u00f6hnlichen St\u00fcck auf. <\/p>\n","protected":false},"excerpt":{"rendered":"<p>Erleben Sie die perfekte Verschmelzung von Luxus und Kunstfertigkeit mit der luxuri\u00f6sen Arzante Fuchsfelljacke mit Kapuze, die durch elegante schwarze Nerz\u00e4rmel erg\u00e4nzt wird. Gefertigt aus 100% echtem Arzante-Fuchsfell, verk\u00f6rpert diese Jacke unvergleichliche W\u00e4rme, Weichheit und nat\u00fcrliche Sch\u00f6nheit, w\u00e4hrend die kontrastierenden Nerz\u00e4rmel ihr einen modernen, raffinierten Touch verleihen. Die Kapuze sorgt f\u00fcr zus\u00e4tzlichen Komfort und Vielseitigkeit, [&hellip;]<\/p>\n","protected":false},"featured_media":55185,"comment_status":"closed","ping_status":"closed","template":"","meta":{"_acf_changed":false},"product_brand":[],"product_cat":[1209,1197],"product_tag":[],"class_list":{"0":"post-41388","1":"product","2":"type-product","3":"status-publish","4":"has-post-thumbnail","6":"product_cat-damenjacken","7":"product_cat-frauen","9":"first","10":"instock","11":"taxable","12":"shipping-taxable","13":"purchasable","14":"product-type-variable","15":"wvs-archive-product-wrapper"},"acf":{"backoffice_id":"","old_wordpress_id":2658},"_links":{"self":[{"href":"https:\/\/askiofashion.com\/de\/wp-json\/wp\/v2\/product\/41388","targetHints":{"allow":["GET"]}}],"collection":[{"href":"https:\/\/askiofashion.com\/de\/wp-json\/wp\/v2\/product"}],"about":[{"href":"https:\/\/askiofashion.com\/de\/wp-json\/wp\/v2\/types\/product"}],"replies":[{"embeddable":true,"href":"https:\/\/askiofashion.com\/de\/wp-json\/wp\/v2\/comments?post=41388"}],"wp:featuredmedia":[{"embeddable":true,"href":"https:\/\/askiofashion.com\/de\/wp-json\/wp\/v2\/media\/55185"}],"wp:attachment":[{"href":"https:\/\/askiofashion.com\/de\/wp-json\/wp\/v2\/media?parent=41388"}],"wp:term":[{"taxonomy":"product_brand","embeddable":true,"href":"https:\/\/askiofashion.com\/de\/wp-json\/wp\/v2\/product_brand?post=41388"},{"taxonomy":"product_cat","embeddable":true,"href":"https:\/\/askiofashion.com\/de\/wp-json\/wp\/v2\/product_cat?post=41388"},{"taxonomy":"product_tag","embeddable":true,"href":"https:\/\/askiofashion.com\/de\/wp-json\/wp\/v2\/product_tag?post=41388"}],"curies":[{"name":"wp","href":"https:\/\/api.w.org\/{rel}","templated":true}]}}