{"id":41387,"date":"2019-09-01T13:06:40","date_gmt":"2019-09-01T12:06:40","guid":{"rendered":"https:\/\/askiofashion.atsquare.gr\/produkt\/unkategorisiert\/swakara-cape-mit-zobel-besatz\/"},"modified":"2025-08-07T16:26:27","modified_gmt":"2025-08-07T15:26:27","slug":"swakara-cape-mit-zobel-besatz","status":"publish","type":"product","link":"https:\/\/askiofashion.com\/de\/product\/frauen\/frauen-umhaenge\/swakara-cape-mit-zobel-besatz\/","title":{"rendered":"Exklusiver schwarzer Astrakhan Umhang mit Zobel-Innenkapuze - Premium Echtpelz Design"},"content":{"rendered":"<div class=\"text-base my-auto mx-auto py-5 [--thread-content-margin:--spacing(4)] @[37rem]:[--thread-content-margin:--spacing(6)] @[72rem]:[--thread-content-margin:--spacing(16)] px-(--thread-content-margin)\">\n<div class=\"[--thread-content-max-width:32rem] @[34rem]:[--thread-content-max-width:40rem] @[64rem]:[--thread-content-max-width:48rem] mx-auto flex max-w-(--thread-content-max-width) flex-1 text-base gap-4 md:gap-5 lg:gap-6 group\/turn-messages focus-visible:outline-hidden\">\n<div class=\"group\/conversation-turn relative flex w-full min-w-0 flex-col agent-turn\">\n<div class=\"relative flex-col gap-1 md:gap-3\">\n<div class=\"flex max-w-full flex-col grow\">\n<div class=\"min-h-8 text-message relative flex w-full flex-col items-end gap-2 text-start break-words whitespace-normal [.text-message+&amp;]:mt-5\" dir=\"auto\" data-message-author-role=\"assistant\" data-message-id=\"8c8362b4-87ab-4b23-a14e-964c4a3a8e73\" data-message-model-slug=\"gpt-4-1-mini\">\n<div class=\"flex w-full flex-col gap-1 empty:hidden first:pt-[3px]\">\n<div class=\"markdown prose dark:prose-invert w-full break-words dark\">\n<p data-start=\"158\" data-end=\"556\">Entdecken Sie den Gipfel des Luxus mit dem Exclusive Black Astrakhan Cape, das elegant mit einer pr\u00e4chtigen Innenkapuze aus Zobel ausgestattet ist. Gefertigt aus 100% echtem Astrakhan-Pelz, der f\u00fcr seine unverwechselbare lockige Textur bekannt ist, bietet dieser Umhang unvergleichliche W\u00e4rme und Raffinesse. Das Futter in der Kapuze aus Zobel sorgt f\u00fcr eine zus\u00e4tzliche Schicht aus Pl\u00fcsch und erg\u00e4nzt perfekt das satte Schwarz des Umhangs f\u00fcr einen wirklich raffinierten Look.  <\/p>\n<p data-start=\"558\" data-end=\"939\">Dieser Umhang wurde sorgf\u00e4ltig auf Komfort und Stil zugeschnitten und bietet atmungsaktive Isolierung und m\u00fchelose Eleganz. Seine zeitlose Silhouette garantiert Vielseitigkeit und macht ihn ideal f\u00fcr formelle Anl\u00e4sse oder schicke Alltagskleidung. Die Kombination aus hochwertigem Astrakhan- und Zobelpelz steht f\u00fcr fachm\u00e4nnische Handwerkskunst und nat\u00fcrliche Sch\u00f6nheit und ist f\u00fcr alle gedacht, die Wert auf Authentizit\u00e4t und Exklusivit\u00e4t legen.  <\/p>\n<p data-start=\"941\" data-end=\"1170\">Das Exclusive Black Astrakhan Cape mit Zobel-Innenkapuze ist perfekt f\u00fcr anspruchsvolle Kunden, die au\u00dfergew\u00f6hnliche Qualit\u00e4t bei Oberbekleidung aus echtem Pelz suchen. Es ist ein Statement-St\u00fcck, das jede Garderobe mit luxuri\u00f6ser W\u00e4rme und raffiniertem Charme aufwertet.<\/p>\n<\/div>\n<\/div>\n<\/div>\n<\/div>\n<\/div>\n<\/div>\n<\/div>\n<\/div>\n","protected":false},"excerpt":{"rendered":"<p>Entdecken Sie den Gipfel des Luxus mit dem Exclusive Black Astrakhan Cape, das elegant mit einer pr\u00e4chtigen Innenkapuze aus Zobel ausgestattet ist. Gefertigt aus 100% echtem Astrakhan-Pelz, der f\u00fcr seine unverwechselbare lockige Textur bekannt ist, bietet dieser Umhang unvergleichliche W\u00e4rme und Raffinesse. Das Futter in der Kapuze aus Zobel sorgt f\u00fcr eine zus\u00e4tzliche Schicht aus [&hellip;]<\/p>\n","protected":false},"featured_media":55157,"comment_status":"closed","ping_status":"closed","template":"","meta":{"_acf_changed":false},"product_brand":[],"product_cat":[1197,1205],"product_tag":[],"class_list":{"0":"post-41387","1":"product","2":"type-product","3":"status-publish","4":"has-post-thumbnail","6":"product_cat-frauen","7":"product_cat-frauen-umhaenge","9":"first","10":"instock","11":"taxable","12":"shipping-taxable","13":"purchasable","14":"product-type-variable","15":"wvs-archive-product-wrapper"},"acf":{"backoffice_id":"","old_wordpress_id":2656},"_links":{"self":[{"href":"https:\/\/askiofashion.com\/de\/wp-json\/wp\/v2\/product\/41387","targetHints":{"allow":["GET"]}}],"collection":[{"href":"https:\/\/askiofashion.com\/de\/wp-json\/wp\/v2\/product"}],"about":[{"href":"https:\/\/askiofashion.com\/de\/wp-json\/wp\/v2\/types\/product"}],"replies":[{"embeddable":true,"href":"https:\/\/askiofashion.com\/de\/wp-json\/wp\/v2\/comments?post=41387"}],"wp:featuredmedia":[{"embeddable":true,"href":"https:\/\/askiofashion.com\/de\/wp-json\/wp\/v2\/media\/55157"}],"wp:attachment":[{"href":"https:\/\/askiofashion.com\/de\/wp-json\/wp\/v2\/media?parent=41387"}],"wp:term":[{"taxonomy":"product_brand","embeddable":true,"href":"https:\/\/askiofashion.com\/de\/wp-json\/wp\/v2\/product_brand?post=41387"},{"taxonomy":"product_cat","embeddable":true,"href":"https:\/\/askiofashion.com\/de\/wp-json\/wp\/v2\/product_cat?post=41387"},{"taxonomy":"product_tag","embeddable":true,"href":"https:\/\/askiofashion.com\/de\/wp-json\/wp\/v2\/product_tag?post=41387"}],"curies":[{"name":"wp","href":"https:\/\/api.w.org\/{rel}","templated":true}]}}