{"id":41379,"date":"2019-09-01T13:33:34","date_gmt":"2019-09-01T12:33:34","guid":{"rendered":"https:\/\/askiofashion.atsquare.gr\/produkt\/unkategorisiert\/blau-frost-fuchsfell-pelzweste\/"},"modified":"2025-08-07T16:26:22","modified_gmt":"2025-08-07T15:26:22","slug":"blau-frost-fuchsfell-pelzweste","status":"publish","type":"product","link":"https:\/\/askiofashion.com\/de\/product\/frauen\/frauenwesten\/blau-frost-fuchsfell-pelzweste\/","title":{"rendered":"Zeitlos elegante Frost Fuchs Pelz Weste - Luxuri\u00f6ser Naturpelz Komfort"},"content":{"rendered":"<div class=\"text-base my-auto mx-auto py-5 [--thread-content-margin:--spacing(4)] @[37rem]:[--thread-content-margin:--spacing(6)] @[72rem]:[--thread-content-margin:--spacing(16)] px-(--thread-content-margin)\">\n<div class=\"[--thread-content-max-width:32rem] @[34rem]:[--thread-content-max-width:40rem] @[64rem]:[--thread-content-max-width:48rem] mx-auto flex max-w-(--thread-content-max-width) flex-1 text-base gap-4 md:gap-5 lg:gap-6 group\/turn-messages focus-visible:outline-hidden\">\n<div class=\"group\/conversation-turn relative flex w-full min-w-0 flex-col agent-turn\">\n<div class=\"relative flex-col gap-1 md:gap-3\">\n<div class=\"flex max-w-full flex-col grow\">\n<div class=\"min-h-8 text-message relative flex w-full flex-col items-end gap-2 text-start break-words whitespace-normal [.text-message+&amp;]:mt-5\" dir=\"auto\" data-message-author-role=\"assistant\" data-message-id=\"87021abf-f97f-4467-b5cd-6809c5c39a03\" data-message-model-slug=\"gpt-4-1-mini\">\n<div class=\"flex w-full flex-col gap-1 empty:hidden first:pt-[3px]\">\n<div class=\"markdown prose dark:prose-invert w-full break-words dark\">\n<p data-start=\"142\" data-end=\"511\">Genie\u00dfen Sie zeitlosen Luxus mit der Timeless Elegant Frost Fox Fur Vest, die sorgf\u00e4ltig aus 100% echtem Frostfuchsfell gefertigt wurde, das f\u00fcr seine strahlende Farbe und au\u00dfergew\u00f6hnliche Weichheit bekannt ist. Diese luxuri\u00f6se Weste kombiniert nat\u00fcrlichen Pelzkomfort mit anspruchsvollem Stil und ist die perfekte Erg\u00e4nzung f\u00fcr die Garderobe derjenigen, die authentische Pelzverarbeitung und dauerhafte Eleganz sch\u00e4tzen. <\/p>\n<p data-start=\"513\" data-end=\"811\">Das Frostfuchsfell wurde von Experten f\u00fcr atmungsaktive W\u00e4rme und dauerhafte Strapazierf\u00e4higkeit entwickelt und bietet eine hervorragende Isolierung, w\u00e4hrend es sich gleichzeitig leicht anf\u00fchlt. Die schlanke Silhouette und die pl\u00fcschige Textur der Weste sorgen f\u00fcr Vielseitigkeit, so dass sie sich sowohl f\u00fcr raffinierte Freizeitkleidung als auch f\u00fcr elegante Abendveranstaltungen eignet. <\/p>\n<p data-start=\"813\" data-end=\"1101\">Die Timeless Elegant Frost Fox Fur Vest ist perfekt f\u00fcr anspruchsvolle Pelzliebhaber, die auf der Suche nach echter Qualit\u00e4t und zeitloser Mode sind. Sie bietet un\u00fcbertroffene Weichheit, nat\u00fcrliche Sch\u00f6nheit und luxuri\u00f6sen Komfort. Werten Sie Ihre Kollektion mit diesem exquisiten St\u00fcck auf, das die Essenz des wahren Pelz-Luxus verk\u00f6rpert. <\/p>\n<\/div>\n<\/div>\n<\/div>\n<\/div>\n<\/div>\n<\/div>\n<\/div>\n<\/div>\n","protected":false},"excerpt":{"rendered":"<p>Genie\u00dfen Sie zeitlosen Luxus mit der Timeless Elegant Frost Fox Fur Vest, die sorgf\u00e4ltig aus 100% echtem Frostfuchsfell gefertigt wurde, das f\u00fcr seine strahlende Farbe und au\u00dfergew\u00f6hnliche Weichheit bekannt ist. Diese luxuri\u00f6se Weste kombiniert nat\u00fcrlichen Pelzkomfort mit anspruchsvollem Stil und ist die perfekte Erg\u00e4nzung f\u00fcr die Garderobe derjenigen, die authentische Pelzverarbeitung und dauerhafte Eleganz sch\u00e4tzen. [&hellip;]<\/p>\n","protected":false},"featured_media":55129,"comment_status":"closed","ping_status":"closed","template":"","meta":{"_acf_changed":false},"product_brand":[],"product_cat":[1197,1226],"product_tag":[],"class_list":{"0":"post-41379","1":"product","2":"type-product","3":"status-publish","4":"has-post-thumbnail","6":"product_cat-frauen","7":"product_cat-frauenwesten","9":"first","10":"instock","11":"taxable","12":"shipping-taxable","13":"purchasable","14":"product-type-variable","15":"wvs-archive-product-wrapper"},"acf":{"backoffice_id":"","old_wordpress_id":2648},"_links":{"self":[{"href":"https:\/\/askiofashion.com\/de\/wp-json\/wp\/v2\/product\/41379","targetHints":{"allow":["GET"]}}],"collection":[{"href":"https:\/\/askiofashion.com\/de\/wp-json\/wp\/v2\/product"}],"about":[{"href":"https:\/\/askiofashion.com\/de\/wp-json\/wp\/v2\/types\/product"}],"replies":[{"embeddable":true,"href":"https:\/\/askiofashion.com\/de\/wp-json\/wp\/v2\/comments?post=41379"}],"wp:featuredmedia":[{"embeddable":true,"href":"https:\/\/askiofashion.com\/de\/wp-json\/wp\/v2\/media\/55129"}],"wp:attachment":[{"href":"https:\/\/askiofashion.com\/de\/wp-json\/wp\/v2\/media?parent=41379"}],"wp:term":[{"taxonomy":"product_brand","embeddable":true,"href":"https:\/\/askiofashion.com\/de\/wp-json\/wp\/v2\/product_brand?post=41379"},{"taxonomy":"product_cat","embeddable":true,"href":"https:\/\/askiofashion.com\/de\/wp-json\/wp\/v2\/product_cat?post=41379"},{"taxonomy":"product_tag","embeddable":true,"href":"https:\/\/askiofashion.com\/de\/wp-json\/wp\/v2\/product_tag?post=41379"}],"curies":[{"name":"wp","href":"https:\/\/api.w.org\/{rel}","templated":true}]}}