{"id":41378,"date":"2019-09-01T13:20:01","date_gmt":"2019-09-01T12:20:01","guid":{"rendered":"https:\/\/askiofashion.atsquare.gr\/produkt\/unkategorisiert\/kurz-pelzmantel-swakara-mit-black-glama-nerz-besatz-8\/"},"modified":"2025-08-07T16:26:25","modified_gmt":"2025-08-07T15:26:25","slug":"kurz-pelzmantel-swakara-mit-black-glama-nerz-besatz-8","status":"publish","type":"product","link":"https:\/\/askiofashion.com\/de\/product\/frauen\/frauenmaentel\/kurz-pelzmantel-swakara-mit-black-glama-nerz-besatz-8\/","title":{"rendered":"Raffinierter schwarzer Astrakhan Pelzmantel mit schwarzem Glama-Nerz - Authentische Luxus-Oberbekleidung"},"content":{"rendered":"<div class=\"text-base my-auto mx-auto py-5 [--thread-content-margin:--spacing(4)] @[37rem]:[--thread-content-margin:--spacing(6)] @[72rem]:[--thread-content-margin:--spacing(16)] px-(--thread-content-margin)\">\n<div class=\"[--thread-content-max-width:32rem] @[34rem]:[--thread-content-max-width:40rem] @[64rem]:[--thread-content-max-width:48rem] mx-auto flex max-w-(--thread-content-max-width) flex-1 text-base gap-4 md:gap-5 lg:gap-6 group\/turn-messages focus-visible:outline-hidden\">\n<div class=\"group\/conversation-turn relative flex w-full min-w-0 flex-col agent-turn\">\n<div class=\"relative flex-col gap-1 md:gap-3\">\n<div class=\"flex max-w-full flex-col grow\">\n<div class=\"min-h-8 text-message relative flex w-full flex-col items-end gap-2 text-start break-words whitespace-normal [.text-message+&amp;]:mt-5\" dir=\"auto\" data-message-author-role=\"assistant\" data-message-id=\"d39a49fe-f838-40e3-8f51-6f1c5fb3186f\" data-message-model-slug=\"gpt-4-1-mini\">\n<div class=\"flex w-full flex-col gap-1 empty:hidden first:pt-[3px]\">\n<div class=\"markdown prose dark:prose-invert w-full break-words dark\">\n<p data-start=\"159\" data-end=\"580\">Erleben Sie unvergleichliche Raffinesse mit dem Refined Black Astrakhan Fur Coat mit luxuri\u00f6sem Obermaterial aus schwarzem Glama-Nerz. Gefertigt aus 100% echtem Astrachan-Pelz und erg\u00e4nzt durch die pl\u00fcschige Textur des nat\u00fcrlichen Glama-Nerzes, steht dieser Mantel f\u00fcr authentischen Luxus und fachm\u00e4nnische Handwerkskunst. Sein satter schwarzer Farbton und die unverwechselbare Pelzkombination machen ihn zu einem auff\u00e4lligen Statement-St\u00fcck f\u00fcr anspruchsvolle Modekenner.  <\/p>\n<p data-start=\"582\" data-end=\"916\">Dieser Mantel wurde sorgf\u00e4ltig entworfen, um au\u00dfergew\u00f6hnliche W\u00e4rme und Strapazierf\u00e4higkeit zu bieten. Er verbindet die dichten Locken des Astrakhan-Pelzes mit der seidigen Weichheit des Glama-Nerzes und bietet sowohl Komfort als auch raffinierte Eleganz. Der Mantel ist ideal f\u00fcr formelle Anl\u00e4sse oder f\u00fcr den Winteralltag. Er bietet atmungsaktive Isolierung und beh\u00e4lt gleichzeitig eine schlanke Silhouette. <\/p>\n<p data-start=\"918\" data-end=\"1202\">F\u00fcr alle, die zeitlosen Stil und erstklassige Qualit\u00e4t bei Oberbekleidung aus Echtpelz suchen, ist der Refined Black Astrakhan Fur Coat with Black Glama Mink der ultimative Ausdruck von nat\u00fcrlicher Sch\u00f6nheit und Exklusivit\u00e4t. Nehmen Sie dieses Meisterwerk in Ihre Kollektion auf und genie\u00dfen Sie Saison f\u00fcr Saison dauerhaften Luxus. <\/p>\n<\/div>\n<\/div>\n<\/div>\n<\/div>\n<\/div>\n<\/div>\n<\/div>\n<\/div>\n","protected":false},"excerpt":{"rendered":"<p>Erleben Sie unvergleichliche Raffinesse mit dem Refined Black Astrakhan Fur Coat mit luxuri\u00f6sem Obermaterial aus schwarzem Glama-Nerz. Gefertigt aus 100% echtem Astrachan-Pelz und erg\u00e4nzt durch die pl\u00fcschige Textur des nat\u00fcrlichen Glama-Nerzes, steht dieser Mantel f\u00fcr authentischen Luxus und fachm\u00e4nnische Handwerkskunst. Sein satter schwarzer Farbton und die unverwechselbare Pelzkombination machen ihn zu einem auff\u00e4lligen Statement-St\u00fcck f\u00fcr [&hellip;]<\/p>\n","protected":false},"featured_media":55145,"comment_status":"closed","ping_status":"closed","template":"","meta":{"_acf_changed":false},"product_brand":[],"product_cat":[1197,1206],"product_tag":[],"class_list":{"0":"post-41378","1":"product","2":"type-product","3":"status-publish","4":"has-post-thumbnail","6":"product_cat-frauen","7":"product_cat-frauenmaentel","9":"first","10":"instock","11":"taxable","12":"shipping-taxable","13":"purchasable","14":"product-type-variable","15":"wvs-archive-product-wrapper"},"acf":{"backoffice_id":"","old_wordpress_id":2647},"_links":{"self":[{"href":"https:\/\/askiofashion.com\/de\/wp-json\/wp\/v2\/product\/41378","targetHints":{"allow":["GET"]}}],"collection":[{"href":"https:\/\/askiofashion.com\/de\/wp-json\/wp\/v2\/product"}],"about":[{"href":"https:\/\/askiofashion.com\/de\/wp-json\/wp\/v2\/types\/product"}],"replies":[{"embeddable":true,"href":"https:\/\/askiofashion.com\/de\/wp-json\/wp\/v2\/comments?post=41378"}],"wp:featuredmedia":[{"embeddable":true,"href":"https:\/\/askiofashion.com\/de\/wp-json\/wp\/v2\/media\/55145"}],"wp:attachment":[{"href":"https:\/\/askiofashion.com\/de\/wp-json\/wp\/v2\/media?parent=41378"}],"wp:term":[{"taxonomy":"product_brand","embeddable":true,"href":"https:\/\/askiofashion.com\/de\/wp-json\/wp\/v2\/product_brand?post=41378"},{"taxonomy":"product_cat","embeddable":true,"href":"https:\/\/askiofashion.com\/de\/wp-json\/wp\/v2\/product_cat?post=41378"},{"taxonomy":"product_tag","embeddable":true,"href":"https:\/\/askiofashion.com\/de\/wp-json\/wp\/v2\/product_tag?post=41378"}],"curies":[{"name":"wp","href":"https:\/\/api.w.org\/{rel}","templated":true}]}}