{"id":41377,"date":"2019-09-01T13:46:13","date_gmt":"2019-09-01T12:46:13","guid":{"rendered":"https:\/\/askiofashion.atsquare.gr\/produkt\/unkategorisiert\/silber-fuchsfell-pelzweste-mit-samt-nerz-besatz-8\/"},"modified":"2025-08-07T16:25:50","modified_gmt":"2025-08-07T15:25:50","slug":"silber-fuchsfell-pelzweste-mit-samt-nerz-besatz-8","status":"publish","type":"product","link":"https:\/\/askiofashion.com\/de\/product\/frauen\/frauenwesten\/silber-fuchsfell-pelzweste-mit-samt-nerz-besatz-8\/","title":{"rendered":"Elegante Arzante Fuchs Pelz Weste mit schwarzem Samt Nerz - Echtes Fell und Samt Raffinesse"},"content":{"rendered":"<p data-start=\"162\" data-end=\"568\">Werten Sie Ihre luxuri\u00f6se Garderobe mit der eleganten Arzante Fuchsfellweste auf, die mit schwarzem Samtnerz verziert ist. Diese Weste aus 100% echtem Arzante-Fuchspelz kombiniert die wilde, nat\u00fcrliche Sch\u00f6nheit des Fuchspelzes mit der geschmeidigen Raffinesse des Samtnerzes und ist damit ein wahrhaft einzigartiges Statement-St\u00fcck. Perfekt f\u00fcr anspruchsvolle Kunden, die Authentizit\u00e4t, hervorragende Handwerkskunst und zeitlosen Stil suchen.  <\/p>\n<p data-start=\"570\" data-end=\"877\">Diese von Experten entworfene Weste bietet atmungsaktive W\u00e4rme und au\u00dfergew\u00f6hnliche Weichheit. Sie eignet sich ideal als Lagenmantel bei k\u00fchlerem Wetter oder als auff\u00e4lliges St\u00fcck f\u00fcr besondere Anl\u00e4sse. Der Kontrast zwischen dem pl\u00fcschigen Fuchspelz und dem geschmeidigen Nerzbesatz aus Samt verleiht dem Kleidungsst\u00fcck Tiefe und Textur, was es noch luxuri\u00f6ser macht. <\/p>\n<p data-start=\"879\" data-end=\"1146\">F\u00fcr alle, die echte Materialien und raffinierte Mode sch\u00e4tzen, verk\u00f6rpert die elegante Arzante Fuchsfellweste mit schwarzem Samtnerz ein perfektes Gleichgewicht zwischen Natur und Eleganz. Sie ist ein Must-Have f\u00fcr Ihre Kollektion und bietet dauerhaften Komfort und eine unverwechselbare Aura der Exklusivit\u00e4t. <\/p>\n","protected":false},"excerpt":{"rendered":"<p>Werten Sie Ihre luxuri\u00f6se Garderobe mit der eleganten Arzante Fuchsfellweste auf, die mit schwarzem Samtnerz verziert ist. Diese Weste aus 100% echtem Arzante-Fuchspelz kombiniert die wilde, nat\u00fcrliche Sch\u00f6nheit des Fuchspelzes mit der geschmeidigen Raffinesse des Samtnerzes und ist damit ein wahrhaft einzigartiges Statement-St\u00fcck. Perfekt f\u00fcr anspruchsvolle Kunden, die Authentizit\u00e4t, hervorragende Handwerkskunst und zeitlosen Stil suchen. [&hellip;]<\/p>\n","protected":false},"featured_media":55101,"comment_status":"closed","ping_status":"closed","template":"","meta":{"_acf_changed":false},"product_brand":[],"product_cat":[1197,1226],"product_tag":[],"class_list":{"0":"post-41377","1":"product","2":"type-product","3":"status-publish","4":"has-post-thumbnail","6":"product_cat-frauen","7":"product_cat-frauenwesten","9":"first","10":"instock","11":"taxable","12":"shipping-taxable","13":"purchasable","14":"product-type-variable","15":"wvs-archive-product-wrapper"},"acf":{"backoffice_id":"","old_wordpress_id":2645},"_links":{"self":[{"href":"https:\/\/askiofashion.com\/de\/wp-json\/wp\/v2\/product\/41377","targetHints":{"allow":["GET"]}}],"collection":[{"href":"https:\/\/askiofashion.com\/de\/wp-json\/wp\/v2\/product"}],"about":[{"href":"https:\/\/askiofashion.com\/de\/wp-json\/wp\/v2\/types\/product"}],"replies":[{"embeddable":true,"href":"https:\/\/askiofashion.com\/de\/wp-json\/wp\/v2\/comments?post=41377"}],"wp:featuredmedia":[{"embeddable":true,"href":"https:\/\/askiofashion.com\/de\/wp-json\/wp\/v2\/media\/55101"}],"wp:attachment":[{"href":"https:\/\/askiofashion.com\/de\/wp-json\/wp\/v2\/media?parent=41377"}],"wp:term":[{"taxonomy":"product_brand","embeddable":true,"href":"https:\/\/askiofashion.com\/de\/wp-json\/wp\/v2\/product_brand?post=41377"},{"taxonomy":"product_cat","embeddable":true,"href":"https:\/\/askiofashion.com\/de\/wp-json\/wp\/v2\/product_cat?post=41377"},{"taxonomy":"product_tag","embeddable":true,"href":"https:\/\/askiofashion.com\/de\/wp-json\/wp\/v2\/product_tag?post=41377"}],"curies":[{"name":"wp","href":"https:\/\/api.w.org\/{rel}","templated":true}]}}