{"id":41376,"date":"2019-09-01T14:28:52","date_gmt":"2019-09-01T13:28:52","guid":{"rendered":"https:\/\/askiofashion.atsquare.gr\/produkt\/unkategorisiert\/rote-silber-fuchsfell-pelzstola-8\/"},"modified":"2025-08-07T16:25:45","modified_gmt":"2025-08-07T15:25:45","slug":"rote-silber-fuchsfell-pelzstola-8","status":"publish","type":"product","link":"https:\/\/askiofashion.com\/de\/product\/frauen\/damen-accessoires\/frauen-stolen\/rote-silber-fuchsfell-pelzstola-8\/","title":{"rendered":"Strahlend rote Arzante Fuchs Pelz Stola - 100% Naturpelz Eleganz"},"content":{"rendered":"<div class=\"text-base my-auto mx-auto py-5 [--thread-content-margin:--spacing(4)] @[37rem]:[--thread-content-margin:--spacing(6)] @[72rem]:[--thread-content-margin:--spacing(16)] px-(--thread-content-margin)\">\n<div class=\"[--thread-content-max-width:32rem] @[34rem]:[--thread-content-max-width:40rem] @[64rem]:[--thread-content-max-width:48rem] mx-auto flex max-w-(--thread-content-max-width) flex-1 text-base gap-4 md:gap-5 lg:gap-6 group\/turn-messages focus-visible:outline-hidden\">\n<div class=\"group\/conversation-turn relative flex w-full min-w-0 flex-col agent-turn\">\n<div class=\"relative flex-col gap-1 md:gap-3\">\n<div class=\"flex max-w-full flex-col grow\">\n<div class=\"min-h-8 text-message relative flex w-full flex-col items-end gap-2 text-start break-words whitespace-normal [.text-message+&amp;]:mt-5\" dir=\"auto\" data-message-author-role=\"assistant\" data-message-id=\"23899802-fbd4-42d3-a7e1-fc2ddcdc3b87\" data-message-model-slug=\"gpt-4o\">\n<div class=\"flex w-full flex-col gap-1 empty:hidden first:pt-[3px]\">\n<div class=\"markdown prose dark:prose-invert w-full break-words dark\">\n<p data-start=\"136\" data-end=\"512\">Machen Sie einen auffallenden Eindruck mit der Radiant Red Arzante Fox Fur Stole, einem luxuri\u00f6sen Accessoire aus 100% echtem Fuchsfell. Diese exquisite Stola ist f\u00fcr ihre lebendige Farbe und ihr \u00fcppiges Volumen bekannt und verk\u00f6rpert die Essenz von wilder Sch\u00f6nheit und authentischer Eleganz. Der tiefrote Farbton verleiht ihr Dramatik und Raffinesse, perfekt f\u00fcr Frauen, die sowohl Exklusivit\u00e4t als auch einen auff\u00e4lligen Stil suchen.  <\/p>\n<p data-start=\"514\" data-end=\"863\">Jedes Detail dieser Stola zeugt von echter Handwerkskunst - von dem aus ethischen Quellen stammenden Pelz bis hin zur Pr\u00e4zision des Faltenwurfs. Sie bietet atmungsaktive W\u00e4rme und eine au\u00dfergew\u00f6hnlich weiche Textur und ist damit ideal f\u00fcr Abendveranstaltungen, Winterausfl\u00fcge oder als luxuri\u00f6ses Accessoire f\u00fcr Ihren t\u00e4glichen Look. Dies ist nicht einfach nur Oberbekleidung - es ist ein Statement f\u00fcr raffinierten Geschmack.  <\/p>\n<p data-start=\"865\" data-end=\"1162\">F\u00fcr die anspruchsvolle Frau, die zeitloses Design und authentische Materialien sch\u00e4tzt, ist die Radiant Red Arzante Fuchsfellstola der Inbegriff von k\u00fchner Raffinesse. Erg\u00e4nzen Sie Ihre Kollektion mit diesem St\u00fcck und erleben Sie die unvergleichliche Anziehungskraft von echtem Pelz, neu interpretiert in einer auffallend modernen Silhouette. <\/p>\n<\/div>\n<\/div>\n<\/div>\n<\/div>\n<\/div>\n<\/div>\n<\/div>\n<\/div>\n","protected":false},"excerpt":{"rendered":"<p>Machen Sie einen auffallenden Eindruck mit der Radiant Red Arzante Fox Fur Stole, einem luxuri\u00f6sen Accessoire aus 100% echtem Fuchsfell. Diese exquisite Stola ist f\u00fcr ihre lebendige Farbe und ihr \u00fcppiges Volumen bekannt und verk\u00f6rpert die Essenz von wilder Sch\u00f6nheit und authentischer Eleganz. Der tiefrote Farbton verleiht ihr Dramatik und Raffinesse, perfekt f\u00fcr Frauen, die [&hellip;]<\/p>\n","protected":false},"featured_media":55047,"comment_status":"closed","ping_status":"closed","template":"","meta":{"_acf_changed":false},"product_brand":[],"product_cat":[1198,1197,1203],"product_tag":[],"class_list":{"0":"post-41376","1":"product","2":"type-product","3":"status-publish","4":"has-post-thumbnail","6":"product_cat-damen-accessoires","7":"product_cat-frauen","8":"product_cat-frauen-stolen","10":"first","11":"instock","12":"taxable","13":"shipping-taxable","14":"purchasable","15":"product-type-variable","16":"wvs-archive-product-wrapper"},"acf":{"backoffice_id":"","old_wordpress_id":2642},"_links":{"self":[{"href":"https:\/\/askiofashion.com\/de\/wp-json\/wp\/v2\/product\/41376","targetHints":{"allow":["GET"]}}],"collection":[{"href":"https:\/\/askiofashion.com\/de\/wp-json\/wp\/v2\/product"}],"about":[{"href":"https:\/\/askiofashion.com\/de\/wp-json\/wp\/v2\/types\/product"}],"replies":[{"embeddable":true,"href":"https:\/\/askiofashion.com\/de\/wp-json\/wp\/v2\/comments?post=41376"}],"wp:featuredmedia":[{"embeddable":true,"href":"https:\/\/askiofashion.com\/de\/wp-json\/wp\/v2\/media\/55047"}],"wp:attachment":[{"href":"https:\/\/askiofashion.com\/de\/wp-json\/wp\/v2\/media?parent=41376"}],"wp:term":[{"taxonomy":"product_brand","embeddable":true,"href":"https:\/\/askiofashion.com\/de\/wp-json\/wp\/v2\/product_brand?post=41376"},{"taxonomy":"product_cat","embeddable":true,"href":"https:\/\/askiofashion.com\/de\/wp-json\/wp\/v2\/product_cat?post=41376"},{"taxonomy":"product_tag","embeddable":true,"href":"https:\/\/askiofashion.com\/de\/wp-json\/wp\/v2\/product_tag?post=41376"}],"curies":[{"name":"wp","href":"https:\/\/api.w.org\/{rel}","templated":true}]}}