{"id":41375,"date":"2019-09-01T14:33:31","date_gmt":"2019-09-01T13:33:31","guid":{"rendered":"https:\/\/askiofashion.atsquare.gr\/produkt\/unkategorisiert\/damen-cape-mit-brauner-samt-nerzborduere-und-kragen\/"},"modified":"2025-08-07T16:26:39","modified_gmt":"2025-08-07T15:26:39","slug":"damen-cape-mit-brauner-samt-nerzborduere-und-kragen","status":"publish","type":"product","link":"https:\/\/askiofashion.com\/de\/product\/frauen\/damen-accessoires\/frauen-stolen\/damen-cape-mit-brauner-samt-nerzborduere-und-kragen\/","title":{"rendered":"Opulente dunkelbraune Stola aus geschorenem Nerzpelz - Reiche Echtpelz-Kunstfertigkeit"},"content":{"rendered":"<div class=\"text-base my-auto mx-auto py-5 [--thread-content-margin:--spacing(4)] @[37rem]:[--thread-content-margin:--spacing(6)] @[72rem]:[--thread-content-margin:--spacing(16)] px-(--thread-content-margin)\">\n<div class=\"[--thread-content-max-width:32rem] @[34rem]:[--thread-content-max-width:40rem] @[64rem]:[--thread-content-max-width:48rem] mx-auto flex max-w-(--thread-content-max-width) flex-1 text-base gap-4 md:gap-5 lg:gap-6 group\/turn-messages focus-visible:outline-hidden\">\n<div class=\"group\/conversation-turn relative flex w-full min-w-0 flex-col agent-turn\">\n<div class=\"relative flex-col gap-1 md:gap-3\">\n<div class=\"flex max-w-full flex-col grow\">\n<div class=\"min-h-8 text-message relative flex w-full flex-col items-end gap-2 text-start break-words whitespace-normal [.text-message+&amp;]:mt-5\" dir=\"auto\" data-message-author-role=\"assistant\" data-message-id=\"74bc46e6-290f-4104-bb18-e3ca0fc0b72f\" data-message-model-slug=\"gpt-4o\">\n<div class=\"flex w-full flex-col gap-1 empty:hidden first:pt-[3px]\">\n<div class=\"markdown prose dark:prose-invert w-full break-words dark\">\n<p data-start=\"146\" data-end=\"572\">G\u00f6nnen Sie sich zeitlosen Luxus mit der Opulent Dark Brown Sheared Mink Fur Stole, die aus 100% echtem Nerzpelz gefertigt ist. Perfekt geschoren f\u00fcr eine ultraweiche, samtige Textur, bietet dieses raffinierte St\u00fcck au\u00dfergew\u00f6hnliche W\u00e4rme und Komfort, w\u00e4hrend es den Reichtum des nat\u00fcrlichen Fells zur Geltung bringt. Der tiefe Schokoladenton strahlt ruhige Raffinesse aus und macht sie zur ultimativen Wahl f\u00fcr Frauen, die Exklusivit\u00e4t und Eleganz in jedem Detail sch\u00e4tzen.  <\/p>\n<p data-start=\"574\" data-end=\"893\">Diese Stola aus echtem Pelz, die von Experten mit dem Schwerpunkt auf Qualit\u00e4t und Haltbarkeit gefertigt wurde, f\u00e4llt wundersch\u00f6n \u00fcber die Schultern und bietet sowohl Stil als auch atmungsaktive Isolierung. Ob \u00fcber der Abendgarderobe getragen oder mit raffinierter Oberbekleidung kombiniert, sie ist ein vielseitiges Accessoire, das Ihren Look mit m\u00fcheloser Anmut verwandelt. <\/p>\n<p data-start=\"895\" data-end=\"1155\">Die Opulent Dark Brown Sheared Mink Fur Stole wurde f\u00fcr anspruchsvolle Kunden entworfen, die echte Pelzbekleidung mit un\u00fcbertroffener Handwerkskunst suchen. Sie ist mehr als nur Mode - sie ist eine Feier der Tradition, der Authentizit\u00e4t und des gehobenen Geschmacks. Ein Must-Have f\u00fcr jede Luxusgarderobe. <\/p>\n<\/div>\n<\/div>\n<\/div>\n<\/div>\n<\/div>\n<\/div>\n<\/div>\n<\/div>\n","protected":false},"excerpt":{"rendered":"<p>G\u00f6nnen Sie sich zeitlosen Luxus mit der Opulent Dark Brown Sheared Mink Fur Stole, die aus 100% echtem Nerzpelz gefertigt ist. Perfekt geschoren f\u00fcr eine ultraweiche, samtige Textur, bietet dieses raffinierte St\u00fcck au\u00dfergew\u00f6hnliche W\u00e4rme und Komfort, w\u00e4hrend es den Reichtum des nat\u00fcrlichen Fells zur Geltung bringt. Der tiefe Schokoladenton strahlt ruhige Raffinesse aus und macht [&hellip;]<\/p>\n","protected":false},"featured_media":55035,"comment_status":"closed","ping_status":"closed","template":"","meta":{"_acf_changed":false},"product_brand":[],"product_cat":[1198,1197,1203],"product_tag":[],"class_list":{"0":"post-41375","1":"product","2":"type-product","3":"status-publish","4":"has-post-thumbnail","6":"product_cat-damen-accessoires","7":"product_cat-frauen","8":"product_cat-frauen-stolen","10":"first","11":"instock","12":"taxable","13":"shipping-taxable","14":"purchasable","15":"product-type-variable","16":"wvs-archive-product-wrapper"},"acf":{"backoffice_id":"","old_wordpress_id":2641},"_links":{"self":[{"href":"https:\/\/askiofashion.com\/de\/wp-json\/wp\/v2\/product\/41375","targetHints":{"allow":["GET"]}}],"collection":[{"href":"https:\/\/askiofashion.com\/de\/wp-json\/wp\/v2\/product"}],"about":[{"href":"https:\/\/askiofashion.com\/de\/wp-json\/wp\/v2\/types\/product"}],"replies":[{"embeddable":true,"href":"https:\/\/askiofashion.com\/de\/wp-json\/wp\/v2\/comments?post=41375"}],"wp:featuredmedia":[{"embeddable":true,"href":"https:\/\/askiofashion.com\/de\/wp-json\/wp\/v2\/media\/55035"}],"wp:attachment":[{"href":"https:\/\/askiofashion.com\/de\/wp-json\/wp\/v2\/media?parent=41375"}],"wp:term":[{"taxonomy":"product_brand","embeddable":true,"href":"https:\/\/askiofashion.com\/de\/wp-json\/wp\/v2\/product_brand?post=41375"},{"taxonomy":"product_cat","embeddable":true,"href":"https:\/\/askiofashion.com\/de\/wp-json\/wp\/v2\/product_cat?post=41375"},{"taxonomy":"product_tag","embeddable":true,"href":"https:\/\/askiofashion.com\/de\/wp-json\/wp\/v2\/product_tag?post=41375"}],"curies":[{"name":"wp","href":"https:\/\/api.w.org\/{rel}","templated":true}]}}