{"id":41374,"date":"2019-09-01T15:28:13","date_gmt":"2019-09-01T14:28:13","guid":{"rendered":"https:\/\/askiofashion.atsquare.gr\/produkt\/unkategorisiert\/samt-nerz-pelzjacke-mit-grauem-swakara-pelzkragen-8\/"},"modified":"2025-08-07T16:26:38","modified_gmt":"2025-08-07T15:26:38","slug":"samt-nerz-pelzjacke-mit-grauem-swakara-pelzkragen-8","status":"publish","type":"product","link":"https:\/\/askiofashion.com\/de\/product\/frauen\/damenjacken\/samt-nerz-pelzjacke-mit-grauem-swakara-pelzkragen-8\/","title":{"rendered":"Raffinierte Schwarze Jacke aus geschorenem Nerzpelz in Kniel\u00e4nge - Zeitloser Echtpelz-Komfort"},"content":{"rendered":"<div class=\"text-base my-auto mx-auto py-5 [--thread-content-margin:--spacing(4)] @[37rem]:[--thread-content-margin:--spacing(6)] @[72rem]:[--thread-content-margin:--spacing(16)] px-(--thread-content-margin)\">\n<div class=\"[--thread-content-max-width:32rem] @[34rem]:[--thread-content-max-width:40rem] @[64rem]:[--thread-content-max-width:48rem] mx-auto flex max-w-(--thread-content-max-width) flex-1 text-base gap-4 md:gap-5 lg:gap-6 group\/turn-messages focus-visible:outline-hidden\">\n<div class=\"group\/conversation-turn relative flex w-full min-w-0 flex-col agent-turn\">\n<div class=\"relative flex-col gap-1 md:gap-3\">\n<div class=\"flex max-w-full flex-col grow\">\n<div class=\"min-h-8 text-message relative flex w-full flex-col items-end gap-2 text-start break-words whitespace-normal [.text-message+&amp;]:mt-5\" dir=\"auto\" data-message-author-role=\"assistant\" data-message-id=\"9ae9b479-104e-48b4-8501-68f548036e3e\" data-message-model-slug=\"gpt-4-1-mini\">\n<div class=\"flex w-full flex-col gap-1 empty:hidden first:pt-[3px]\">\n<div class=\"markdown prose dark:prose-invert w-full break-words dark\">\n<p data-start=\"152\" data-end=\"481\">Werten Sie Ihre Oberbekleidungskollektion mit der Refined Black Sheared Mink Fur Jacket auf. Das raffinierte, knielange Design ist aus 100% echtem Nerzpelz gefertigt. Diese Jacke ist f\u00fcr ihre seidige Textur und au\u00dfergew\u00f6hnliche Weichheit bekannt und bietet zeitlosen Komfort und dauerhafte W\u00e4rme, was sie zu einem Grundnahrungsmittel f\u00fcr den anspruchsvollen Pelzliebhaber macht. <\/p>\n<p data-start=\"483\" data-end=\"811\">Das sorgf\u00e4ltig beschaffte und fachm\u00e4nnisch verarbeitete Nerzfell sorgt f\u00fcr eine schlanke Silhouette und bietet gleichzeitig eine atmungsaktive Isolierung, die Sie k\u00fchl h\u00e4lt, ohne zu \u00fcberhitzen. Der klassische schwarze Farbton und der knielange Schnitt bieten eine vielseitige Eleganz, die sowohl f\u00fcr formelle Anl\u00e4sse als auch f\u00fcr den Alltag geeignet ist und Luxus mit Praktikabilit\u00e4t verbindet. <\/p>\n<p data-start=\"813\" data-end=\"1085\">Diese Nerzjacke ist ideal f\u00fcr alle, die authentisches Pelzhandwerk zu sch\u00e4tzen wissen und verspricht langlebige Qualit\u00e4t und Stil. Die Refined Black Sheared Mink Fur Jacket Knee-Length bringt Mode und Funktion perfekt in Einklang und verleiht jeder Garderobe einen Hauch von nat\u00fcrlicher Raffinesse. <\/p>\n<\/div>\n<\/div>\n<\/div>\n<\/div>\n<\/div>\n<\/div>\n<\/div>\n<\/div>\n","protected":false},"excerpt":{"rendered":"<p>Werten Sie Ihre Oberbekleidungskollektion mit der Refined Black Sheared Mink Fur Jacket auf. Das raffinierte, knielange Design ist aus 100% echtem Nerzpelz gefertigt. Diese Jacke ist f\u00fcr ihre seidige Textur und au\u00dfergew\u00f6hnliche Weichheit bekannt und bietet zeitlosen Komfort und dauerhafte W\u00e4rme, was sie zu einem Grundnahrungsmittel f\u00fcr den anspruchsvollen Pelzliebhaber macht. Das sorgf\u00e4ltig beschaffte und [&hellip;]<\/p>\n","protected":false},"featured_media":54923,"comment_status":"closed","ping_status":"closed","template":"","meta":{"_acf_changed":false},"product_brand":[],"product_cat":[1209,1197],"product_tag":[],"class_list":{"0":"post-41374","1":"product","2":"type-product","3":"status-publish","4":"has-post-thumbnail","6":"product_cat-damenjacken","7":"product_cat-frauen","9":"first","10":"instock","11":"taxable","12":"shipping-taxable","13":"purchasable","14":"product-type-variable","15":"wvs-archive-product-wrapper"},"acf":{"backoffice_id":"","old_wordpress_id":2637},"_links":{"self":[{"href":"https:\/\/askiofashion.com\/de\/wp-json\/wp\/v2\/product\/41374","targetHints":{"allow":["GET"]}}],"collection":[{"href":"https:\/\/askiofashion.com\/de\/wp-json\/wp\/v2\/product"}],"about":[{"href":"https:\/\/askiofashion.com\/de\/wp-json\/wp\/v2\/types\/product"}],"replies":[{"embeddable":true,"href":"https:\/\/askiofashion.com\/de\/wp-json\/wp\/v2\/comments?post=41374"}],"wp:featuredmedia":[{"embeddable":true,"href":"https:\/\/askiofashion.com\/de\/wp-json\/wp\/v2\/media\/54923"}],"wp:attachment":[{"href":"https:\/\/askiofashion.com\/de\/wp-json\/wp\/v2\/media?parent=41374"}],"wp:term":[{"taxonomy":"product_brand","embeddable":true,"href":"https:\/\/askiofashion.com\/de\/wp-json\/wp\/v2\/product_brand?post=41374"},{"taxonomy":"product_cat","embeddable":true,"href":"https:\/\/askiofashion.com\/de\/wp-json\/wp\/v2\/product_cat?post=41374"},{"taxonomy":"product_tag","embeddable":true,"href":"https:\/\/askiofashion.com\/de\/wp-json\/wp\/v2\/product_tag?post=41374"}],"curies":[{"name":"wp","href":"https:\/\/api.w.org\/{rel}","templated":true}]}}