{"id":56697,"date":"2023-10-24T09:34:43","date_gmt":"2023-10-24T08:34:43","guid":{"rendered":"https:\/\/askiofashion.com\/about-us\/"},"modified":"2026-01-24T20:09:24","modified_gmt":"2026-01-24T19:09:24","slug":"about-us","status":"publish","type":"page","link":"https:\/\/askiofashion.com\/de\/about-us\/","title":{"rendered":"\u00dcber uns"},"content":{"rendered":"<h1>\u00dcber AskioFashion<\/h1>\n<p>Askio Fashion ist ein Familienunternehmen, das seit 1977 Pelze herstellt. Seit jeher legen wir gr\u00f6\u00dften Wert darauf, nur die feinsten Felle f\u00fcr unsere luxuri\u00f6se Kollektion auszuw\u00e4hlen, die wir in Zusammenarbeit mit unseren Designern entwerfen.<\/p>\n<p>Wir bei AskioFashion sind stolz darauf, als Luxuspelzmarke anerkannt zu sein, die sich auf 100 % authentische und ethisch einwandfreie Pelze spezialisiert hat. Unsere Mission ist es, zeitlose Handwerkskunst mit moderner Eleganz zu verbinden und exklusive Designs anzubieten, die die nat\u00fcrliche Sch\u00f6nheit von Pelz unterstreichen. Jedes St\u00fcck wird nach h\u00f6chsten Qualit\u00e4tsstandards gefertigt und garantiert Langlebigkeit, Raffinesse und Stil.<\/p>\n<h2>Unsere Tradition &amp; Expertise<\/h2>\n<p>AskioFashion wurde aus Leidenschaft f\u00fcr Luxus und Authentizit\u00e4t gegr\u00fcndet. Anders als Fast Fashion konzentrieren wir uns auf handgefertigte Pelzbekleidung und Wohnaccessoires, die Generationen \u00fcberdauern. Jedes Produkt spiegelt jahrzehntelange Erfahrung in der Verarbeitung von Premiumpelzen wie Nerz, Fuchs, Zobel und Waschb\u00e4r wider. Unsere Kunsthandwerker w\u00e4hlen jedes Fell und jeden Teller sorgf\u00e4ltig aus, um nat\u00fcrliche Sch\u00f6nheit, eine edle Textur und makellose Verarbeitung zu gew\u00e4hrleisten.<\/p>\n<h2>Warum AskioFashion \u2013 Ihre Luxusmarke f\u00fcr Pelze<\/h2>\n<p>Als Luxusmarke f\u00fcr Pelze setzen wir auf h\u00f6chste Qualit\u00e4t:<\/p>\n<ul>\n<li>100 % Echtpelz \u2013 keine Imitationen<\/li>\n<li>Elegante und zeitlose Kollektionen f\u00fcr Damen: Westen, M\u00e4ntel, Jacken, Stolen, Capes, Kragen, H\u00fcte und Accessoires<\/li>\n<li>Heimkollektion mit authentischen Pelzdecken, \u00dcberw\u00fcrfen, Teppichen und L\u00e4ufern<\/li>\n<li>Ethische Beschaffung und nachhaltige Handwerkskunst<\/li>\n<\/ul>\n<p>Unsere Designs vereinen klassischen Charme mit modernem Stil und bieten Ihnen St\u00fccke, die Mode und Lifestyle aufwerten.<\/p>\n<h2>Innovation trifft Tradition<\/h2>\n<p>Bei AskioFashion gehen Tradition und Innovation Hand in Hand. Unsere Techniken ehren traditionelle Handwerkskunst, w\u00e4hrend unsere Designs zeitgen\u00f6ssischen Luxus verk\u00f6rpern. Jedes Kleidungsst\u00fcck ist perfekt geschneidert und unterstreicht die nat\u00fcrliche Weichheit, W\u00e4rme und Sch\u00f6nheit von Echtpelz.<\/p>\n<h2>Globale Pr\u00e4senz &amp; Engagement<\/h2>\n<p>AskioFashion, mit Sitz in Europa, hat sich zu einer internationalen Marke entwickelt, der Kundinnen und Kunden weltweit vertrauen. Unser Ziel ist es, Ihnen nicht nur luxuri\u00f6se Pelzbekleidung, sondern auch ein unvergessliches Einkaufserlebnis zu bieten. Mit sicherem weltweitem Versand, pers\u00f6nlicher Kundenbetreuung und unserem Qualit\u00e4tsanspruch ist AskioFashion f\u00fchrend in der Welt der authentischen Pelzmode.<\/p>\n<h2>Fazit<\/h2>\n<p>\u00dcber AskioFashion: Eine Geschichte von Leidenschaft, Authentizit\u00e4t und Luxus. Als Luxus-Pelzmarke bringen wir Ihnen zeitlose Eleganz und nat\u00fcrliche Sch\u00f6nheit durch echten Pelz n\u00e4her. Ob Sie einen atemberaubenden Damenmantel, eine stilvolle Weste oder eine luxuri\u00f6se Pelzdecke suchen \u2013 AskioFashion ist Ihre Adresse f\u00fcr Exklusivit\u00e4t und Klasse.<\/p>\n","protected":false},"excerpt":{"rendered":"<p>\u00dcber AskioFashion Askio Fashion ist ein Familienunternehmen, das seit 1977 Pelze herstellt. Seit jeher legen wir gr\u00f6\u00dften Wert darauf, nur die feinsten Felle f\u00fcr unsere luxuri\u00f6se Kollektion auszuw\u00e4hlen, die wir in Zusammenarbeit mit unseren Designern entwerfen. Wir bei AskioFashion sind stolz darauf, als Luxuspelzmarke anerkannt zu sein, die sich auf 100 % authentische und ethisch [&hellip;]<\/p>\n","protected":false},"author":10,"featured_media":0,"parent":0,"menu_order":0,"comment_status":"closed","ping_status":"closed","template":"","meta":{"_acf_changed":false,"footnotes":""},"class_list":["post-56697","page","type-page","status-publish","hentry"],"acf":[],"_links":{"self":[{"href":"https:\/\/askiofashion.com\/de\/wp-json\/wp\/v2\/pages\/56697","targetHints":{"allow":["GET"]}}],"collection":[{"href":"https:\/\/askiofashion.com\/de\/wp-json\/wp\/v2\/pages"}],"about":[{"href":"https:\/\/askiofashion.com\/de\/wp-json\/wp\/v2\/types\/page"}],"author":[{"embeddable":true,"href":"https:\/\/askiofashion.com\/de\/wp-json\/wp\/v2\/users\/10"}],"replies":[{"embeddable":true,"href":"https:\/\/askiofashion.com\/de\/wp-json\/wp\/v2\/comments?post=56697"}],"version-history":[{"count":4,"href":"https:\/\/askiofashion.com\/de\/wp-json\/wp\/v2\/pages\/56697\/revisions"}],"predecessor-version":[{"id":57263,"href":"https:\/\/askiofashion.com\/de\/wp-json\/wp\/v2\/pages\/56697\/revisions\/57263"}],"wp:attachment":[{"href":"https:\/\/askiofashion.com\/de\/wp-json\/wp\/v2\/media?parent=56697"}],"curies":[{"name":"wp","href":"https:\/\/api.w.org\/{rel}","templated":true}]}}