{"id":56619,"date":"2023-10-24T09:17:14","date_gmt":"2023-10-24T08:17:14","guid":{"rendered":"https:\/\/askiofashion.com\/versand-und-lieferung\/"},"modified":"2025-08-22T10:10:08","modified_gmt":"2025-08-22T09:10:08","slug":"versand-und-lieferung","status":"publish","type":"page","link":"https:\/\/askiofashion.com\/de\/versand-und-lieferung\/","title":{"rendered":"Versand und Lieferung"},"content":{"rendered":"<p><strong>Bitte stellen Sie sicher, dass Sie bei der Bestellung Ihre Telefonnummer korrekt angegeben haben, damit der Zusteller Sie bei Bedarf kontaktieren kann.<\/strong><\/p>\n<p>Der Versand unserer Pelzprodukte ist kostenlos und erfolgt \u00fcber DHL. Sobald Ihre Produkte versendet wurden, erhalten Sie eine E-Mail mit der Sendungsverfolgungsnummer.<\/p>\n<p>Die \u00dcbergabe der Bestellungen von www.askiofashion.com<br \/>\nan unser Partner-Kurierunternehmen erfolgt t\u00e4glich von Montag bis Freitag zwischen 09:00 und 19:00 Uhr (montags, mittwochs und samstags bis 13:30 Uhr).<\/p>\n<p>F\u00fcr weitere Informationen oder Klarstellungen zur Bestellung und zum Versand kontaktieren Sie uns bitte unter sales@askiofashion.com<\/p>\n<p><strong>Zoll- und Einfuhrabgaben<\/strong><br \/>\nK\u00e4ufer sind f\u00fcr alle eventuell anfallenden Zoll- und Einfuhrabgaben selbst verantwortlich. F\u00fcr Verz\u00f6gerungen aufgrund von Zollabfertigungen \u00fcbernehmen wir keine Verantwortung.<\/p>\n<p><strong>Lieferzeit<\/strong><br \/>\nNach Abschluss Ihrer Bestellung erfolgt der Versand sofort.<\/p>\n<p><strong>Die Lieferung an den Kunden dauert:<\/strong><\/p>\n<p>2\u20133 Werktage f\u00fcr gro\u00dfe st\u00e4dtische Zentren<\/p>\n<p>3\u20137 Werktage f\u00fcr schwer erreichbare Gebiete<\/p>\n<p>F\u00fcr Gebiete, die vom Kurierdienst als \u201eschwer zug\u00e4nglich\u201c eingestuft werden, kann die Lieferzeit abweichen.<\/p>\n<p><strong>(*) Die Versandzeiten k\u00f6nnen sich aufgrund von Unregelm\u00e4\u00dfigkeiten wie Nichtverf\u00fcgbarkeit von Produkten, besonderer Behandlung, Streiks, Versandverz\u00f6gerungen, Feiertagen usw. \u00e4ndern.<\/strong><br \/>\n<strong>(*) Bei Bestellungen per Bank\u00fcberweisung muss die Zahlung von der Bank best\u00e4tigt werden.<\/strong><\/p>\n","protected":false},"excerpt":{"rendered":"<p>Bitte stellen Sie sicher, dass Sie bei der Bestellung Ihre Telefonnummer korrekt angegeben haben, damit der Zusteller Sie bei Bedarf kontaktieren kann. Der Versand unserer Pelzprodukte ist kostenlos und erfolgt \u00fcber DHL. Sobald Ihre Produkte versendet wurden, erhalten Sie eine E-Mail mit der Sendungsverfolgungsnummer. Die \u00dcbergabe der Bestellungen von www.askiofashion.com an unser Partner-Kurierunternehmen erfolgt t\u00e4glich [&hellip;]<\/p>\n","protected":false},"author":10,"featured_media":0,"parent":0,"menu_order":0,"comment_status":"closed","ping_status":"closed","template":"","meta":{"_acf_changed":false,"footnotes":""},"class_list":["post-56619","page","type-page","status-publish","hentry"],"acf":[],"_links":{"self":[{"href":"https:\/\/askiofashion.com\/de\/wp-json\/wp\/v2\/pages\/56619","targetHints":{"allow":["GET"]}}],"collection":[{"href":"https:\/\/askiofashion.com\/de\/wp-json\/wp\/v2\/pages"}],"about":[{"href":"https:\/\/askiofashion.com\/de\/wp-json\/wp\/v2\/types\/page"}],"author":[{"embeddable":true,"href":"https:\/\/askiofashion.com\/de\/wp-json\/wp\/v2\/users\/10"}],"replies":[{"embeddable":true,"href":"https:\/\/askiofashion.com\/de\/wp-json\/wp\/v2\/comments?post=56619"}],"version-history":[{"count":4,"href":"https:\/\/askiofashion.com\/de\/wp-json\/wp\/v2\/pages\/56619\/revisions"}],"predecessor-version":[{"id":56665,"href":"https:\/\/askiofashion.com\/de\/wp-json\/wp\/v2\/pages\/56619\/revisions\/56665"}],"wp:attachment":[{"href":"https:\/\/askiofashion.com\/de\/wp-json\/wp\/v2\/media?parent=56619"}],"curies":[{"name":"wp","href":"https:\/\/api.w.org\/{rel}","templated":true}]}}