{"id":56611,"date":"2023-10-24T09:31:51","date_gmt":"2023-10-24T08:31:51","guid":{"rendered":"https:\/\/askiofashion.com\/zahlungen\/"},"modified":"2025-08-22T10:10:26","modified_gmt":"2025-08-22T09:10:26","slug":"zahlungen","status":"publish","type":"page","link":"https:\/\/askiofashion.com\/de\/zahlungen\/","title":{"rendered":"Zahlungen"},"content":{"rendered":"<p><strong>Bank\u00fcberweisung<\/strong><br \/>\nSie k\u00f6nnen den Bestellbetrag auf eines unserer Bankkonten \u00fcberweisen. Bitte kontaktieren Sie uns f\u00fcr den genauen Betrag inklusive Versandkosten. Sobald Sie den Betrag \u00fcberwiesen haben, informieren Sie uns bitte per E-Mail oder telefonisch unter (+30) 24650 71066, um die Zahlung zu best\u00e4tigen.<\/p>\n<p>&nbsp;<\/p>\n<table class=\"table table-striped table-hover table-bank-acounts\">\n<thead>\n<tr>\n<th>Bank name<\/th>\n<th>Account name<\/th>\n<th>Account number<\/th>\n<th>IBAN<\/th>\n<th>BIC \/ Swift<\/th>\n<\/tr>\n<\/thead>\n<tbody>\n<tr class=\"account\">\n<td>National Bank of Greece<\/td>\n<td>Papadopoulos Panagiotis<\/td>\n<td>47200360486<\/td>\n<td>GR1601104720000047200360486<\/td>\n<td>ETHNGRAA<\/td>\n<\/tr>\n<tr class=\"account\">\n<td><\/td>\n<td><\/td>\n<td><\/td>\n<td><\/td>\n<td><\/td>\n<\/tr>\n<\/tbody>\n<\/table>\n<p><strong>Kreditkarte<\/strong><br \/>\nWenn Sie \u00fcber eine VISA- oder MasterCard-Kreditkarte verf\u00fcgen, k\u00f6nnen Sie diese sicher \u00fcber unser Bestellformular verwenden. Der Zahlungsvorgang per Kreditkarte entspricht den neuesten Sicherheitsstandards.<br \/>\nUm die Karte akzeptieren und belasten zu k\u00f6nnen, ist es erforderlich, dass der Karteninhaber pers\u00f6nlich anwesend ist und seinen Ausweis bei sich hat. Diese Informationen werden nur bei der erstmaligen Verwendung der Karte ben\u00f6tigt, bleiben streng vertraulich und werden nicht an Dritte weitergegeben.<\/p>\n","protected":false},"excerpt":{"rendered":"<p>Bank\u00fcberweisung Sie k\u00f6nnen den Bestellbetrag auf eines unserer Bankkonten \u00fcberweisen. Bitte kontaktieren Sie uns f\u00fcr den genauen Betrag inklusive Versandkosten. Sobald Sie den Betrag \u00fcberwiesen haben, informieren Sie uns bitte per E-Mail oder telefonisch unter (+30) 24650 71066, um die Zahlung zu best\u00e4tigen. &nbsp; Bank name Account name Account number IBAN BIC \/ Swift National [&hellip;]<\/p>\n","protected":false},"author":10,"featured_media":0,"parent":0,"menu_order":0,"comment_status":"closed","ping_status":"closed","template":"","meta":{"_acf_changed":false,"footnotes":""},"class_list":["post-56611","page","type-page","status-publish","hentry"],"acf":[],"_links":{"self":[{"href":"https:\/\/askiofashion.com\/de\/wp-json\/wp\/v2\/pages\/56611","targetHints":{"allow":["GET"]}}],"collection":[{"href":"https:\/\/askiofashion.com\/de\/wp-json\/wp\/v2\/pages"}],"about":[{"href":"https:\/\/askiofashion.com\/de\/wp-json\/wp\/v2\/types\/page"}],"author":[{"embeddable":true,"href":"https:\/\/askiofashion.com\/de\/wp-json\/wp\/v2\/users\/10"}],"replies":[{"embeddable":true,"href":"https:\/\/askiofashion.com\/de\/wp-json\/wp\/v2\/comments?post=56611"}],"version-history":[{"count":1,"href":"https:\/\/askiofashion.com\/de\/wp-json\/wp\/v2\/pages\/56611\/revisions"}],"predecessor-version":[{"id":56673,"href":"https:\/\/askiofashion.com\/de\/wp-json\/wp\/v2\/pages\/56611\/revisions\/56673"}],"wp:attachment":[{"href":"https:\/\/askiofashion.com\/de\/wp-json\/wp\/v2\/media?parent=56611"}],"curies":[{"name":"wp","href":"https:\/\/api.w.org\/{rel}","templated":true}]}}