{"id":56606,"date":"2023-10-24T09:32:47","date_gmt":"2023-10-24T08:32:47","guid":{"rendered":"https:\/\/askiofashion.com\/datenschutzrichtlinie\/"},"modified":"2025-08-22T10:08:52","modified_gmt":"2025-08-22T09:08:52","slug":"cookies-richtlinie","status":"publish","type":"page","link":"https:\/\/askiofashion.com\/de\/cookies-richtlinie\/","title":{"rendered":"Cookies-Richtlinie"},"content":{"rendered":"<p>Der Schutz der personenbezogenen Daten des Verbrauchers hat f\u00fcr uns oberste Priorit\u00e4t. Die Verwaltung und der Schutz personenbezogener Daten unterliegen den Bestimmungen dieser Vereinbarung sowie den einschl\u00e4gigen Vorschriften des griechischen, europ\u00e4ischen und internationalen Rechts zum Schutz nat\u00fcrlicher Personen bei der Verarbeitung personenbezogener Daten, ebenso wie den Beschl\u00fcssen der Datenschutzbeh\u00f6rde, die wir respektieren und einhalten. Jede zuk\u00fcnftige \u00c4nderung des vorgenannten Rechtsrahmens wird Bestandteil dieser Vereinbarung. Um Ihnen die bestm\u00f6glichen und qualitativ hochwertigsten Dienstleistungen anbieten zu k\u00f6nnen, erheben wir personenbezogene Daten nur mit Ihrer ausdr\u00fccklichen Zustimmung und nachdem Sie umfassend \u00fcber Ihre Rechte gem\u00e4\u00df der Datenschutz-Grundverordnung (DSGVO) 679\/2016 sowie den entsprechenden griechischen Ausf\u00fchrungsgesetzen informiert worden sind. Unser Hauptanliegen ist die Bereitstellung von hochwertigen Dienstleistungen unter Wahrung der Rechte, Grundfreiheiten, Privatsph\u00e4re und Vertraulichkeit der Nutzer unserer Website. Daher ergreifen wir alle erforderlichen Ma\u00dfnahmen gem\u00e4\u00df den gesetzlichen Bestimmungen, indem wir moderne technologische Verfahren, fortschrittliche technische Ausr\u00fcstung und geeignete Software einsetzen.<\/p>\n<p>Besucher und Nutzer der Website k\u00f6nnen im Rahmen ihrer Navigation auf den Webseiten freiwillig aufgefordert werden, Informationen und Daten bereitzustellen, um sich f\u00fcr Dienstleistungen zu registrieren, Bestellungen f\u00fcr Produkte oder Dienstleistungen aufzugeben, Informationen zu erhalten oder die auf der Website askiofashion.com angebotenen Services in Anspruch zu nehmen. Personenbezogene Daten werden von uns nur erhoben, wenn Sie sich als Mitglied f\u00fcr unsere Dienste registrieren. Dabei beschr\u00e4nken sich die Daten auf den vollst\u00e4ndigen Namen, die E-Mail-Adresse, die Anschrift (Stra\u00dfe, Stadt, Postleitzahl), die Telefonnummer sowie die Rechnungsnummer (USt.-ID). Zus\u00e4tzlich k\u00f6nnen wir weitere Informationen erfragen, wie etwa eine Mobiltelefonnummer (falls f\u00fcr eine direkte Kontaktaufnahme erforderlich). Sie stimmen der Erhebung und Verarbeitung der vorgenannten personenbezogenen Daten ausdr\u00fccklich zu, ohne die wir Ihnen unsere Dienstleistungen nicht anbieten k\u00f6nnen. Diese Zustimmung k\u00f6nnen Sie jederzeit widerrufen oder \u00e4ndern (Artikel 7 der EU-Verordnung 679\/2016). Wir behalten uns das Recht vor, die Bedingungen zum Schutz personenbezogener Daten jederzeit und ohne vorherige Ank\u00fcndigung gem\u00e4\u00df dem geltenden Rechtsrahmen zu \u00e4ndern. Bitte \u00fcberpr\u00fcfen Sie diese Bedingungen regelm\u00e4\u00dfig, da Ihre fortgesetzte Nutzung unserer Dienste die Zustimmung zu eventuellen \u00c4nderungen impliziert.<\/p>\n<p>Personenbezogene Daten umfassen alle Informationen, die sich auf eine identifizierte oder identifizierbare nat\u00fcrliche Person beziehen, mit den im Gesetz vorgesehenen Ausnahmen. Gem\u00e4\u00df Artikel 4 Absatz 1 der EU-Datenschutz-Grundverordnung 679\/2016 bedeutet dies: Jede Information, die sich auf eine identifizierte oder identifizierbare nat\u00fcrliche Person (\u201ebetroffene Person\u201c) bezieht. Eine identifizierbare Person ist eine Person, die direkt oder indirekt identifiziert werden kann, insbesondere durch einen Namen, eine Kennnummer, Standortdaten, eine Online-Kennung oder durch ein oder mehrere besondere Merkmale, die Ausdruck der physischen, physiologischen, genetischen, psychischen, wirtschaftlichen, kulturellen oder sozialen Identit\u00e4t sind. Die Verarbeitung personenbezogener Daten der Besucher und Nutzer umfasst jeden Vorgang oder jede Vorgangsreihe, die mit oder ohne Hilfe automatisierter Verfahren durchgef\u00fchrt wird, wie Erhebung, Erfassung, Organisation, Speicherung, Anpassung, Ver\u00e4nderung, Auslesen, Abfrage, Nutzung, \u00dcbermittlung, Verbreitung oder jede andere Form der Bereitstellung, Verkn\u00fcpfung, Einschr\u00e4nkung, L\u00f6schung oder Vernichtung (gem\u00e4\u00df Artikel 4 Absatz 2 der EU-Verordnung 679\/2016). Die Verarbeitung der Nutzerdaten durch unser Unternehmen erfolgt vertraulich. Wir ergreifen geeignete organisatorische und technische Ma\u00dfnahmen, um die Daten der Nutzer zu sch\u00fctzen und sie vor zuf\u00e4lliger oder unrechtm\u00e4\u00dfiger Zerst\u00f6rung, Verlust, Ver\u00e4nderung, unbefugter Offenlegung oder unbefugtem Zugriff zu bewahren.<\/p>\n<p>Das Unternehmen handelt im Einklang mit den Grunds\u00e4tzen der Rechtm\u00e4\u00dfigkeit, Fairness, Genauigkeit, Transparenz, Integrit\u00e4t und Vertraulichkeit, Zweckbindung, Datenminimierung sowie Speicherbegrenzung. Die Verarbeitung der Daten erfolgt ausschlie\u00dflich mit der Zustimmung der betroffenen Person und f\u00fcr rechtm\u00e4\u00dfige Zwecke (Artikel 5 der EU-Verordnung 679\/2016). Wir erkl\u00e4ren, dass die erhobenen Nutzerdaten rechtm\u00e4\u00dfig verarbeitet werden, f\u00fcr klar definierte und legitime Zwecke, und dass die Verarbeitung fair und transparent erfolgt.<\/p>\n<p>Die Zwecke, die eine Verarbeitung rechtfertigen, sind unter anderem: die Abwicklung von Bestellungen der Nutzer \u00fcber die Website, die Bereitstellung angeforderter Informationen (z. B. \u00fcber Newsletter) sowie die insgesamt effizientere Bereitstellung der angebotenen Leistungen. Die Verarbeitung ist auf das absolut notwendige Ma\u00df beschr\u00e4nkt, wobei nicht mehr Daten erhoben werden, als f\u00fcr den jeweiligen Zweck erforderlich sind. Die Daten sind korrekt, werden bei Bedarf aktualisiert und in einer Form aufbewahrt, die eine Identifizierung der betroffenen Person nur solange erm\u00f6glicht, wie es f\u00fcr die Zwecke der Erhebung und Verarbeitung erforderlich ist (Artikel 5, b, c und e, EU-Verordnung 679\/2016). Unser Unternehmen archiviert Vertr\u00e4ge mit den Nutzern innerhalb der rechtlichen Rahmenbedingungen, um die ordnungsgem\u00e4\u00dfe Abwicklung der Bestellungen sicherzustellen. Auf Anfrage k\u00f6nnen die Nutzer Einsicht in diese Vertr\u00e4ge erhalten.<\/p>\n<p>Gesetzlich klar definierte Ausnahmen (Artikel 6 Absatz 1 der EU-Verordnung 679\/2016), in denen unser Unternehmen personenbezogene Daten auch ohne Zustimmung verarbeiten darf, sind:<br \/>\na) wenn die Verarbeitung f\u00fcr die Erf\u00fcllung eines Vertrags erforderlich ist, dessen Vertragspartei die betroffene Person ist, oder zur Durchf\u00fchrung vorvertraglicher Ma\u00dfnahmen auf Antrag der betroffenen Person;<br \/>\nb) wenn die Verarbeitung zur Erf\u00fcllung einer rechtlichen Verpflichtung erforderlich ist;<br \/>\nc) wenn die Verarbeitung erforderlich ist, um lebenswichtige Interessen der betroffenen Person oder anderer Personen zu sch\u00fctzen;<br \/>\nd) wenn die Verarbeitung zur Wahrnehmung einer Aufgabe im \u00f6ffentlichen Interesse oder in Aus\u00fcbung \u00f6ffentlicher Gewalt erforderlich ist;<br \/>\ne) wenn die Verarbeitung zur Wahrung berechtigter Interessen des Verantwortlichen oder eines Dritten erforderlich ist, sofern nicht die Interessen oder Grundrechte und Grundfreiheiten der betroffenen Person \u00fcberwiegen, insbesondere wenn es sich um ein Kind handelt.<\/p>\n<p>Dar\u00fcber hinaus ist die Verarbeitung personenbezogener Daten auch dann zul\u00e4ssig, wenn der Nutzer nach vorheriger Information ausdr\u00fccklich zugestimmt hat oder die Verarbeitung zur Erf\u00fcllung eines Vertrags erforderlich ist, dessen Vertragspartei der Nutzer ist (Artikel 5 Absatz 2 des Gesetzes 4771\/2006).<\/p>\n<p>Die Gestaltung und Auswahl der technischen Mittel und Systeme zur Bereitstellung unserer Dienstleistungen sind auf die Verarbeitung m\u00f6glichst weniger personenbezogener Daten ausgerichtet. Eine Erhebung sensibler personenbezogener Daten erfolgt grunds\u00e4tzlich nicht, au\u00dfer in gesetzlich streng geregelten Ausnahmef\u00e4llen (Artikel 9 Absatz 2 der EU-Verordnung 679\/2016).<\/p>\n<p>Die Einwilligung der betroffenen Person ist jede freiwillig, spezifisch, informiert und unmissverst\u00e4ndlich abgegebene Willensbekundung, mit der die betroffene Person erkl\u00e4rt, mit der Verarbeitung ihrer personenbezogenen Daten einverstanden zu sein. Diese Einwilligung kann jederzeit ohne r\u00fcckwirkende Wirkung widerrufen werden (Artikel 7 der EU-Verordnung 679\/2016).<\/p>\n<p>Die Nutzer dieser Website werden zum Zeitpunkt der Datenerhebung klar und verst\u00e4ndlich \u00fcber die Zwecke der Verarbeitung und die Empf\u00e4nger ihrer Daten informiert. Sie haben die gesetzlich verankerten Rechte, insbesondere das Recht auf Auskunft, Berichtigung, L\u00f6schung, Einschr\u00e4nkung der Verarbeitung, Daten\u00fcbertragbarkeit sowie Widerspruch (Artikel 12\u201320 der EU-Verordnung 679\/2016). Zur Aus\u00fcbung dieser Rechte k\u00f6nnen Sie uns unter sales@askiofashion.com<br \/>\nkontaktieren.<\/p>\n<p>Kreditkartendaten werden von uns nicht gespeichert, sondern direkt an die sichere Umgebung der Partnerbank weitergeleitet, die die Zahlungsabwicklung \u00fcbernimmt.<\/p>\n<p>Unsere Website nutzt das SSL-Protokoll (Secure Sockets Layer), den weltweiten Standard f\u00fcr die sichere Daten\u00fcbertragung im Internet. SSL gew\u00e4hrleistet, dass alle Informationen verschl\u00fcsselt \u00fcbertragen und gesch\u00fctzt sind.<\/p>\n<p>Zur Verbesserung der Dienste und Nutzererfahrung verwendet askiofashion.com Cookies. Cookies sind kleine Textdateien, die auf dem Computer oder mobilen Ger\u00e4t gespeichert werden, wenn ein Nutzer die Website besucht. Sie erm\u00f6glichen es, sich Pr\u00e4ferenzen wie Sprache, Login-Daten oder Anzeigeoptionen zu merken. Cookies speichern niemals pers\u00f6nliche Informationen, die eine direkte Kontaktaufnahme erm\u00f6glichen w\u00fcrden. Die von uns genutzten Cookies sind:<br \/>\na) unbedingt notwendige Cookies,<br \/>\nb) Leistungs-Cookies,<br \/>\nc) Funktions-Cookies,<br \/>\nd) Cookies von Drittanbietern (z. B. Google Analytics).<\/p>\n<p>Unsere Dienste k\u00f6nnen Links zu Websites Dritter enthalten. F\u00fcr deren Datenschutzpraktiken \u00fcbernehmen wir keine Verantwortung. Wir empfehlen, die Datenschutzrichtlinien der jeweiligen Drittseiten zu lesen.<\/p>\n<p>Mit der freiwilligen Bereitstellung personenbezogener Daten im Rahmen von Bestellungen, Registrierungen oder anderen Vorg\u00e4ngen stimmen die Nutzer der Verarbeitung ihrer Daten durch unser Unternehmen zum Zweck der Abwicklung der Bestellung und Bereitstellung der gew\u00fcnschten Dienste zu.<\/p>\n","protected":false},"excerpt":{"rendered":"<p>Der Schutz der personenbezogenen Daten des Verbrauchers hat f\u00fcr uns oberste Priorit\u00e4t. Die Verwaltung und der Schutz personenbezogener Daten unterliegen den Bestimmungen dieser Vereinbarung sowie den einschl\u00e4gigen Vorschriften des griechischen, europ\u00e4ischen und internationalen Rechts zum Schutz nat\u00fcrlicher Personen bei der Verarbeitung personenbezogener Daten, ebenso wie den Beschl\u00fcssen der Datenschutzbeh\u00f6rde, die wir respektieren und einhalten. Jede [&hellip;]<\/p>\n","protected":false},"author":10,"featured_media":0,"parent":0,"menu_order":0,"comment_status":"closed","ping_status":"closed","template":"","meta":{"_acf_changed":false,"footnotes":""},"class_list":["post-56606","page","type-page","status-publish","hentry"],"acf":[],"_links":{"self":[{"href":"https:\/\/askiofashion.com\/de\/wp-json\/wp\/v2\/pages\/56606","targetHints":{"allow":["GET"]}}],"collection":[{"href":"https:\/\/askiofashion.com\/de\/wp-json\/wp\/v2\/pages"}],"about":[{"href":"https:\/\/askiofashion.com\/de\/wp-json\/wp\/v2\/types\/page"}],"author":[{"embeddable":true,"href":"https:\/\/askiofashion.com\/de\/wp-json\/wp\/v2\/users\/10"}],"replies":[{"embeddable":true,"href":"https:\/\/askiofashion.com\/de\/wp-json\/wp\/v2\/comments?post=56606"}],"version-history":[{"count":5,"href":"https:\/\/askiofashion.com\/de\/wp-json\/wp\/v2\/pages\/56606\/revisions"}],"predecessor-version":[{"id":56691,"href":"https:\/\/askiofashion.com\/de\/wp-json\/wp\/v2\/pages\/56606\/revisions\/56691"}],"wp:attachment":[{"href":"https:\/\/askiofashion.com\/de\/wp-json\/wp\/v2\/media?parent=56606"}],"curies":[{"name":"wp","href":"https:\/\/api.w.org\/{rel}","templated":true}]}}